{"id":1359,"date":"2025-09-15T19:13:55","date_gmt":"2025-09-15T17:13:55","guid":{"rendered":"https:\/\/duke2.unixstorm.eu\/produkt\/jacques-marie-mage-fugue-hickory\/"},"modified":"2026-03-05T17:32:30","modified_gmt":"2026-03-05T16:32:30","slug":"jacques-marie-mage-fugue-hickory","status":"publish","type":"product","link":"https:\/\/www.diukoptyk.pl\/pl\/produkt\/jacques-marie-mage-fugue-hickory\/","title":{"rendered":"Jacques Marie Mage FUGUE | HICKORY"},"content":{"rendered":"<p><strong data-start=\"1075\" data-end=\"1094\">Dlaczego warto?<\/strong><br data-start=\"1094\" data-end=\"1097\" \/>To nie tylko okulary, lecz artystyczny manifest \u2013 <strong data-start=\"1147\" data-end=\"1168\">limitowana edycja<\/strong> b\u0119d\u0105ca po\u0142\u0105czeniem elegancji i odwagi, subtelnej ekscentryczno\u015bci i mistrzowskiego rzemios\u0142a. <strong data-start=\"1263\" data-end=\"1297\">Jacques Marie Mage Glenn Gould<\/strong> to propozycja dla os\u00f3b, kt\u00f3re szukaj\u0105 w designie zar\u00f3wno geniuszu, jak i emocji.<\/p>\n<p>&nbsp;<\/p>\n<p>Limitowana seria 350 sztuk na ca\u0142ym \u015bwiecie.<\/p>\n","protected":false},"excerpt":{"rendered":"<h3 data-start=\"106\" data-end=\"159\">Jacques Marie Mage \u2013 <strong data-start=\"131\" data-end=\"157\">Glenn Gould Collection<\/strong><\/h3>\n<p data-start=\"161\" data-end=\"509\"><strong data-start=\"161\" data-end=\"182\">Ho\u0142d dla geniuszu<\/strong><br data-start=\"182\" data-end=\"185\" \/>Model inspirowany niepowtarzalnym stylem i osobowo\u015bci\u0105 legendarnego pianisty <strong data-start=\"262\" data-end=\"279\">Glenna Goulda<\/strong> \u2013 artysty obdarzonego niepospolit\u0105 determinacj\u0105 i dramatyzmem. Te eleganckie, a zarazem ekscentryczne okulary typu navigator czerpi\u0105 ze stylu lat 60., reinterpretuj\u0105c go w spos\u00f3b pe\u0142en charakteru i ponadczasowego wyrafinowania.<\/p>\n<p data-start=\"511\" data-end=\"532\"><strong data-start=\"511\" data-end=\"530\">Detale i design<\/strong><\/p>\n<ul data-start=\"533\" data-end=\"1073\">\n<li data-start=\"533\" data-end=\"601\">\n<p data-start=\"535\" data-end=\"601\">Rama: czarna, 10-milimetrowa z utwardzonego acetatu celulozowego<\/p>\n<\/li>\n<li data-start=\"602\" data-end=\"689\">\n<p data-start=\"604\" data-end=\"689\">Mostek: podw\u00f3jny, wykonany z bioacetatu ro\u015blinnego \u2013 unikalny element konstrukcyjny<\/p>\n<\/li>\n<li data-start=\"690\" data-end=\"789\">\n<p data-start=\"692\" data-end=\"789\">Zauszniki: tytanowe (100% beta titanium) z wyci\u0119ciami, zako\u0144czone czarnymi ko\u0144c\u00f3wkami z acetatu<\/p>\n<\/li>\n<li data-start=\"790\" data-end=\"908\">\n<p data-start=\"792\" data-end=\"908\">Elementy ozdobne: charakterystyczne dla JMM srebrne strza\u0142y z metalu szlachetnego oraz customowe zawiasy monoblock<\/p>\n<\/li>\n<li data-start=\"909\" data-end=\"991\">\n<p data-start=\"911\" data-end=\"991\">Soczewki: czarne, zapewniaj\u0105ce pe\u0142n\u0105 ochron\u0119 UV i klasyczny, ponadczasowy look<\/p>\n<\/li>\n<li data-start=\"992\" data-end=\"1073\">\n<p data-start=\"994\" data-end=\"1073\">R\u0119czne wykonanie w Japonii \u2013 ka\u017cdy detal dopracowany z precyzj\u0105 rzemie\u015blnik\u00f3w<\/p>\n<\/li>\n<\/ul>\n","protected":false},"featured_media":1355,"template":"","meta":{"_acf_changed":false,"_joinchat":[]},"product_brand":[82],"product_cat":[37,30,35],"product_tag":[292],"model":[],"class_list":{"0":"post-1359","1":"product","2":"type-product","3":"status-publish","4":"has-post-thumbnail","6":"product_brand-jacques-marie-mage","7":"product_cat-meskie","8":"product_cat-okulary-przeciwsloneczne","9":"product_cat-unisex","10":"product_tag-jmmgg1d","12":"first","13":"outofstock","14":"shipping-taxable","15":"purchasable","16":"product-type-simple"},"acf":[],"aioseo_notices":[],"_links":{"self":[{"href":"https:\/\/www.diukoptyk.pl\/pl\/wp-json\/wp\/v2\/product\/1359","targetHints":{"allow":["GET"]}}],"collection":[{"href":"https:\/\/www.diukoptyk.pl\/pl\/wp-json\/wp\/v2\/product"}],"about":[{"href":"https:\/\/www.diukoptyk.pl\/pl\/wp-json\/wp\/v2\/types\/product"}],"version-history":[{"count":1,"href":"https:\/\/www.diukoptyk.pl\/pl\/wp-json\/wp\/v2\/product\/1359\/revisions"}],"predecessor-version":[{"id":4452,"href":"https:\/\/www.diukoptyk.pl\/pl\/wp-json\/wp\/v2\/product\/1359\/revisions\/4452"}],"wp:featuredmedia":[{"embeddable":true,"href":"https:\/\/www.diukoptyk.pl\/pl\/wp-json\/wp\/v2\/media\/1355"}],"wp:attachment":[{"href":"https:\/\/www.diukoptyk.pl\/pl\/wp-json\/wp\/v2\/media?parent=1359"}],"wp:term":[{"taxonomy":"product_brand","embeddable":true,"href":"https:\/\/www.diukoptyk.pl\/pl\/wp-json\/wp\/v2\/product_brand?post=1359"},{"taxonomy":"product_cat","embeddable":true,"href":"https:\/\/www.diukoptyk.pl\/pl\/wp-json\/wp\/v2\/product_cat?post=1359"},{"taxonomy":"product_tag","embeddable":true,"href":"https:\/\/www.diukoptyk.pl\/pl\/wp-json\/wp\/v2\/product_tag?post=1359"},{"taxonomy":"model","embeddable":true,"href":"https:\/\/www.diukoptyk.pl\/pl\/wp-json\/wp\/v2\/model?post=1359"}],"curies":[{"name":"wp","href":"https:\/\/api.w.org\/{rel}","templated":true}]}}