{"id":1345,"date":"2025-09-15T19:10:42","date_gmt":"2025-09-15T17:10:42","guid":{"rendered":"https:\/\/duke2.unixstorm.eu\/produkt\/jacques-marie-mage-wesley-rootbeer\/"},"modified":"2026-03-09T13:45:46","modified_gmt":"2026-03-09T12:45:46","slug":"jacques-marie-mage-wesley-rootbeer","status":"publish","type":"product","link":"https:\/\/www.diukoptyk.pl\/pl\/produkt\/jacques-marie-mage-wesley-rootbeer\/","title":{"rendered":"Jacques Marie Mage WESLEY | ROOTBEER"},"content":{"rendered":"<p><strong data-start=\"818\" data-end=\"831\">Dla kogo?<\/strong><br data-start=\"831\" data-end=\"834\" \/>To oprawa stworzona dla os\u00f3b, kt\u00f3re ceni\u0105 <strong data-start=\"876\" data-end=\"939\">unikalny design, limitowany charakter i luksusowe rzemios\u0142o<\/strong>. Ka\u017cdy detal zosta\u0142 dopracowany tak, by model nie tylko wyr\u00f3\u017cnia\u0142 si\u0119 wizualnie, ale te\u017c pozostawa\u0142 wygodny w codziennym u\u017cytkowaniu.<\/p>\n<p>Limitowana kolekcja 350 sztuk na ca\u0142ym \u015bwiecie.<\/p>\n","protected":false},"excerpt":{"rendered":"<h3 data-start=\"90\" data-end=\"159\">Jacques Marie Mage \u2013 reinterpretacja klasyki z Dzikiego Zachodu<\/h3>\n<p data-start=\"161\" data-end=\"498\"><strong data-start=\"161\" data-end=\"194\">Dynamiczne i pe\u0142ne charakteru<\/strong><br data-start=\"194\" data-end=\"197\" \/>Model o szerokim dopasowaniu, z wyrazistym <strong data-start=\"240\" data-end=\"271\">mostkiem w kszta\u0142cie klucza<\/strong> oraz innowacyjnym designem zausznik\u00f3w z <strong data-start=\"312\" data-end=\"342\">pi\u00f3rowym drutem rdzeniowym<\/strong> \u2013 pierwszym tego typu w historii marki. To odwa\u017cna reinterpretacja oryginalnego projektu z 2016 roku, kt\u00f3ra nadaje klasycznej formie nowoczesnej energii.<\/p>\n<p data-start=\"500\" data-end=\"521\"><strong data-start=\"500\" data-end=\"519\">Design i detale<\/strong><\/p>\n<ul data-start=\"522\" data-end=\"816\">\n<li data-start=\"522\" data-end=\"588\">\n<p data-start=\"524\" data-end=\"588\">Elegancki, prostok\u0105tny profil wzbogacony o rze\u017abiarskie detale<\/p>\n<\/li>\n<li data-start=\"589\" data-end=\"683\">\n<p data-start=\"591\" data-end=\"683\">Zauszniki z unikalnym \u201epi\u00f3rowym\u201d wyko\u0144czeniem drutu rdzeniowego \u2013 znak rozpoznawczy edycji<\/p>\n<\/li>\n<li data-start=\"684\" data-end=\"746\">\n<p data-start=\"686\" data-end=\"746\">Charyzmatyczny styl inspirowany folklorem Dzikiego Zachodu<\/p>\n<\/li>\n<li data-start=\"747\" data-end=\"816\">\n<p data-start=\"749\" data-end=\"816\">Doskona\u0142e wywa\u017cenie pomi\u0119dzy nowoczesno\u015bci\u0105 a ho\u0142dem dla tradycji<\/p>\n<\/li>\n<\/ul>\n","protected":false},"featured_media":1677,"template":"","meta":{"_acf_changed":false,"_joinchat":[]},"product_brand":[82],"product_cat":[37,30],"product_tag":[283],"model":[408],"class_list":{"0":"post-1345","1":"product","2":"type-product","3":"status-publish","4":"has-post-thumbnail","6":"product_brand-jacques-marie-mage","7":"product_cat-meskie","8":"product_cat-okulary-przeciwsloneczne","9":"product_tag-jmmwy6g","10":"model-wesley","12":"first","13":"outofstock","14":"shipping-taxable","15":"purchasable","16":"product-type-simple"},"acf":[],"aioseo_notices":[],"_links":{"self":[{"href":"https:\/\/www.diukoptyk.pl\/pl\/wp-json\/wp\/v2\/product\/1345","targetHints":{"allow":["GET"]}}],"collection":[{"href":"https:\/\/www.diukoptyk.pl\/pl\/wp-json\/wp\/v2\/product"}],"about":[{"href":"https:\/\/www.diukoptyk.pl\/pl\/wp-json\/wp\/v2\/types\/product"}],"version-history":[{"count":1,"href":"https:\/\/www.diukoptyk.pl\/pl\/wp-json\/wp\/v2\/product\/1345\/revisions"}],"predecessor-version":[{"id":4578,"href":"https:\/\/www.diukoptyk.pl\/pl\/wp-json\/wp\/v2\/product\/1345\/revisions\/4578"}],"wp:featuredmedia":[{"embeddable":true,"href":"https:\/\/www.diukoptyk.pl\/pl\/wp-json\/wp\/v2\/media\/1677"}],"wp:attachment":[{"href":"https:\/\/www.diukoptyk.pl\/pl\/wp-json\/wp\/v2\/media?parent=1345"}],"wp:term":[{"taxonomy":"product_brand","embeddable":true,"href":"https:\/\/www.diukoptyk.pl\/pl\/wp-json\/wp\/v2\/product_brand?post=1345"},{"taxonomy":"product_cat","embeddable":true,"href":"https:\/\/www.diukoptyk.pl\/pl\/wp-json\/wp\/v2\/product_cat?post=1345"},{"taxonomy":"product_tag","embeddable":true,"href":"https:\/\/www.diukoptyk.pl\/pl\/wp-json\/wp\/v2\/product_tag?post=1345"},{"taxonomy":"model","embeddable":true,"href":"https:\/\/www.diukoptyk.pl\/pl\/wp-json\/wp\/v2\/model?post=1345"}],"curies":[{"name":"wp","href":"https:\/\/api.w.org\/{rel}","templated":true}]}}