{"id":1330,"date":"2025-09-15T19:05:59","date_gmt":"2025-09-15T17:05:59","guid":{"rendered":"https:\/\/duke2.unixstorm.eu\/produkt\/jacques-marie-mage-taos-skye\/"},"modified":"2026-03-05T17:31:27","modified_gmt":"2026-03-05T16:31:27","slug":"jacques-marie-mage-taos-skye","status":"publish","type":"product","link":"https:\/\/www.diukoptyk.pl\/pl\/produkt\/jacques-marie-mage-taos-skye\/","title":{"rendered":"Jacques Marie Mage TAOS | SKYE"},"content":{"rendered":"<p><strong data-start=\"769\" data-end=\"782\">Dla kogo?<\/strong><br data-start=\"782\" data-end=\"785\" \/>To oprawy stworzone dla ludzi wolnych duchem \u2013 zar\u00f3wno dla poszukiwaczy duchowych dozna\u0144, jak i dla estet\u00f3w ceni\u0105cych luksus i wyrafinowany styl. <strong data-start=\"931\" data-end=\"958\">Jacques Marie Mage Taos<\/strong> to manifest niezale\u017cno\u015bci i artystycznej ekspresji.<\/p>\n<p>&nbsp;<\/p>\n<p>Limitowana seria 400 sztuk na ca\u0142ym \u015bwiecie.<\/p>\n","protected":false},"excerpt":{"rendered":"<h3 data-start=\"69\" data-end=\"104\">Jacques Marie Mage \u2013 <strong data-start=\"94\" data-end=\"102\">Taos<\/strong><\/h3>\n<p data-start=\"106\" data-end=\"472\"><strong data-start=\"106\" data-end=\"150\">Ho\u0142d dla Dennisa Hoppera i ducha lat 60.<\/strong><br data-start=\"150\" data-end=\"153\" \/>Model <strong data-start=\"159\" data-end=\"167\">Taos<\/strong> to wyj\u0105tkowe oprawy inspirowane kultowymi okularami Dennisa Hoppera z legendarnego filmu <em data-start=\"257\" data-end=\"269\">Easy Rider<\/em>. Powsta\u0142e we wsp\u00f3\u0142pracy z <strong data-start=\"296\" data-end=\"312\">Hopper Goods<\/strong>, s\u0105 cz\u0119\u015bci\u0105 limitowanej kolekcji po\u015bwi\u0119conej arty\u015bcie i aktorowi, kt\u00f3ry swoje \u017cycie i tw\u00f3rczo\u015b\u0107 zwi\u0105za\u0142 z Taos \u2013 miejscem, gdzie mieszka\u0142 i zosta\u0142 pochowany.<\/p>\n<p data-start=\"474\" data-end=\"495\"><strong data-start=\"474\" data-end=\"493\">Detale i design<\/strong><\/p>\n<ul data-start=\"496\" data-end=\"767\">\n<li data-start=\"496\" data-end=\"545\">\n<p data-start=\"498\" data-end=\"545\">Prostok\u0105tna forma inspirowana klasyk\u0105 lat 60.<\/p>\n<\/li>\n<li data-start=\"546\" data-end=\"599\">\n<p data-start=\"548\" data-end=\"599\">Design \u0142\u0105cz\u0105cy idealizm i dekadencj\u0119 tamtej epoki<\/p>\n<\/li>\n<li data-start=\"600\" data-end=\"672\">\n<p data-start=\"602\" data-end=\"672\">Limitowana edycja \u2013 kolekcjonerski charakter i artystyczne znaczenie<\/p>\n<\/li>\n<li data-start=\"673\" data-end=\"767\">\n<p data-start=\"675\" data-end=\"767\">R\u0119czne wykonanie z najwy\u017cszej jako\u015bci materia\u0142\u00f3w, charakterystyczne dla Jacques Marie Mage<\/p>\n<\/li>\n<\/ul>\n","protected":false},"featured_media":1328,"template":"","meta":{"_acf_changed":false,"_joinchat":[]},"product_brand":[82],"product_cat":[32,37,30,35],"product_tag":[],"model":[],"class_list":{"0":"post-1330","1":"product","2":"type-product","3":"status-publish","4":"has-post-thumbnail","6":"product_brand-jacques-marie-mage","7":"product_cat-damskie","8":"product_cat-meskie","9":"product_cat-okulary-przeciwsloneczne","10":"product_cat-unisex","12":"first","13":"instock","14":"shipping-taxable","15":"purchasable","16":"product-type-simple"},"acf":[],"aioseo_notices":[],"_links":{"self":[{"href":"https:\/\/www.diukoptyk.pl\/pl\/wp-json\/wp\/v2\/product\/1330","targetHints":{"allow":["GET"]}}],"collection":[{"href":"https:\/\/www.diukoptyk.pl\/pl\/wp-json\/wp\/v2\/product"}],"about":[{"href":"https:\/\/www.diukoptyk.pl\/pl\/wp-json\/wp\/v2\/types\/product"}],"version-history":[{"count":1,"href":"https:\/\/www.diukoptyk.pl\/pl\/wp-json\/wp\/v2\/product\/1330\/revisions"}],"predecessor-version":[{"id":5206,"href":"https:\/\/www.diukoptyk.pl\/pl\/wp-json\/wp\/v2\/product\/1330\/revisions\/5206"}],"wp:featuredmedia":[{"embeddable":true,"href":"https:\/\/www.diukoptyk.pl\/pl\/wp-json\/wp\/v2\/media\/1328"}],"wp:attachment":[{"href":"https:\/\/www.diukoptyk.pl\/pl\/wp-json\/wp\/v2\/media?parent=1330"}],"wp:term":[{"taxonomy":"product_brand","embeddable":true,"href":"https:\/\/www.diukoptyk.pl\/pl\/wp-json\/wp\/v2\/product_brand?post=1330"},{"taxonomy":"product_cat","embeddable":true,"href":"https:\/\/www.diukoptyk.pl\/pl\/wp-json\/wp\/v2\/product_cat?post=1330"},{"taxonomy":"product_tag","embeddable":true,"href":"https:\/\/www.diukoptyk.pl\/pl\/wp-json\/wp\/v2\/product_tag?post=1330"},{"taxonomy":"model","embeddable":true,"href":"https:\/\/www.diukoptyk.pl\/pl\/wp-json\/wp\/v2\/model?post=1330"}],"curies":[{"name":"wp","href":"https:\/\/api.w.org\/{rel}","templated":true}]}}