{"id":1320,"date":"2025-09-15T19:04:11","date_gmt":"2025-09-15T17:04:11","guid":{"rendered":"https:\/\/duke2.unixstorm.eu\/produkt\/jacques-marie-mage-mattei-noir\/"},"modified":"2026-03-05T17:30:50","modified_gmt":"2026-03-05T16:30:50","slug":"jacques-marie-mage-mattei-noir","status":"publish","type":"product","link":"https:\/\/www.diukoptyk.pl\/pl\/produkt\/jacques-marie-mage-mattei-noir\/","title":{"rendered":"Jacques Marie Mage MATTEI | NOIR"},"content":{"rendered":"<p><strong data-start=\"874\" data-end=\"887\">Dla kogo?<\/strong><br data-start=\"887\" data-end=\"890\" \/><strong data-start=\"890\" data-end=\"927\">Jacques Marie Mage Mattei in Noir<\/strong> to model dla koneser\u00f3w, kt\u00f3rzy ceni\u0105 intelektualny minimalizm i subteln\u0105 prowokacj\u0119.<\/p>\n<p>Eleganckie, wywa\u017cone i \u015bwiadomie odwa\u017cne \u2013 te oprawy reinterpretuj\u0105 klasyk\u0119 lat 60., nadaj\u0105c jej wsp\u00f3\u0142czesn\u0105 si\u0142\u0119 i magnetyzm.<\/p>\n","protected":false},"excerpt":{"rendered":"<h3 data-start=\"98\" data-end=\"143\">acques Marie Mage \u2013 <strong data-start=\"123\" data-end=\"141\">Mattei in Noir<\/strong><\/h3>\n<p data-start=\"145\" data-end=\"470\"><strong data-start=\"145\" data-end=\"181\">Klasyka z prowokacyjnym akcentem<\/strong><br data-start=\"181\" data-end=\"184\" \/>Model <strong data-start=\"190\" data-end=\"200\">Mattei<\/strong> to wyrafinowane, prostok\u0105tne oprawy inspirowane stylem lat 60., wykonane w limitowanej serii <strong data-start=\"294\" data-end=\"313\">500 egzemplarzy<\/strong>. Ich ponadczasowa forma zyskuje now\u0105 energi\u0119 dzi\u0119ki rze\u017abiarskim liniom i dopracowanym detalom, \u0142\u0105cz\u0105c elegancj\u0119 epoki mid-century z nowoczesn\u0105 ekspresj\u0105.<\/p>\n<p data-start=\"472\" data-end=\"493\"><strong data-start=\"472\" data-end=\"491\">Detale i design<\/strong><\/p>\n<ul data-start=\"494\" data-end=\"872\">\n<li data-start=\"494\" data-end=\"581\">\n<p data-start=\"496\" data-end=\"581\">Prostok\u0105tna forma o \u015brednim dopasowaniu \u2013 balans pomi\u0119dzy klasyk\u0105 a wsp\u00f3\u0142czesno\u015bci\u0105<\/p>\n<\/li>\n<li data-start=\"582\" data-end=\"651\">\n<p data-start=\"584\" data-end=\"651\">Rze\u017abiarskie zauszniki z powi\u0119kszonymi, ergonomicznymi ko\u0144c\u00f3wkami<\/p>\n<\/li>\n<li data-start=\"652\" data-end=\"720\">\n<p data-start=\"654\" data-end=\"720\">Charakterystyczne metalowe detale \u2013 sygnatura Jacques Marie Mage<\/p>\n<\/li>\n<li data-start=\"721\" data-end=\"804\">\n<p data-start=\"723\" data-end=\"804\">Limitowana produkcja: <strong data-start=\"745\" data-end=\"758\">500 sztuk<\/strong> \u2013 ka\u017cdy egzemplarz to obiekt kolekcjonerski<\/p>\n<\/li>\n<li data-start=\"805\" data-end=\"872\">\n<p data-start=\"807\" data-end=\"872\">Wykonane r\u0119cznie z najwy\u017csz\u0105 precyzj\u0105 i dba\u0142o\u015bci\u0105 o wyko\u0144czenie<\/p>\n<\/li>\n<\/ul>\n","protected":false},"featured_media":1317,"template":"","meta":{"_acf_changed":false,"_joinchat":[]},"product_brand":[82],"product_cat":[32,37,30,35],"product_tag":[268],"model":[],"class_list":{"0":"post-1320","1":"product","2":"type-product","3":"status-publish","4":"has-post-thumbnail","6":"product_brand-jacques-marie-mage","7":"product_cat-damskie","8":"product_cat-meskie","9":"product_cat-okulary-przeciwsloneczne","10":"product_cat-unisex","11":"product_tag-jmmrz01","13":"first","14":"instock","15":"shipping-taxable","16":"purchasable","17":"product-type-simple"},"acf":[],"aioseo_notices":[],"_links":{"self":[{"href":"https:\/\/www.diukoptyk.pl\/pl\/wp-json\/wp\/v2\/product\/1320","targetHints":{"allow":["GET"]}}],"collection":[{"href":"https:\/\/www.diukoptyk.pl\/pl\/wp-json\/wp\/v2\/product"}],"about":[{"href":"https:\/\/www.diukoptyk.pl\/pl\/wp-json\/wp\/v2\/types\/product"}],"version-history":[{"count":1,"href":"https:\/\/www.diukoptyk.pl\/pl\/wp-json\/wp\/v2\/product\/1320\/revisions"}],"predecessor-version":[{"id":5205,"href":"https:\/\/www.diukoptyk.pl\/pl\/wp-json\/wp\/v2\/product\/1320\/revisions\/5205"}],"wp:featuredmedia":[{"embeddable":true,"href":"https:\/\/www.diukoptyk.pl\/pl\/wp-json\/wp\/v2\/media\/1317"}],"wp:attachment":[{"href":"https:\/\/www.diukoptyk.pl\/pl\/wp-json\/wp\/v2\/media?parent=1320"}],"wp:term":[{"taxonomy":"product_brand","embeddable":true,"href":"https:\/\/www.diukoptyk.pl\/pl\/wp-json\/wp\/v2\/product_brand?post=1320"},{"taxonomy":"product_cat","embeddable":true,"href":"https:\/\/www.diukoptyk.pl\/pl\/wp-json\/wp\/v2\/product_cat?post=1320"},{"taxonomy":"product_tag","embeddable":true,"href":"https:\/\/www.diukoptyk.pl\/pl\/wp-json\/wp\/v2\/product_tag?post=1320"},{"taxonomy":"model","embeddable":true,"href":"https:\/\/www.diukoptyk.pl\/pl\/wp-json\/wp\/v2\/model?post=1320"}],"curies":[{"name":"wp","href":"https:\/\/api.w.org\/{rel}","templated":true}]}}