{"id":1315,"date":"2025-09-15T19:02:43","date_gmt":"2025-09-15T17:02:43","guid":{"rendered":"https:\/\/duke2.unixstorm.eu\/produkt\/jacques-marie-mage-debbie-lava\/"},"modified":"2026-03-05T17:30:36","modified_gmt":"2026-03-05T16:30:36","slug":"jacques-marie-mage-debbie-lava","status":"publish","type":"product","link":"https:\/\/www.diukoptyk.pl\/pl\/produkt\/jacques-marie-mage-debbie-lava\/","title":{"rendered":"Jacques Marie Mage DEBBIE | LAVA"},"content":{"rendered":"<p><strong data-start=\"541\" data-end=\"554\">Dla kogo?<\/strong><br data-start=\"554\" data-end=\"557\" \/>To oprawa dla niepokornych indywidualistek i mi\u0142o\u015bnik\u00f3w luksusowego designu, kt\u00f3rzy chc\u0105 wnie\u015b\u0107 do swojego stylu nut\u0119 scenicznej charyzmy. <strong data-start=\"696\" data-end=\"725\">Jacques Marie Mage Debbie<\/strong> to wi\u0119cej ni\u017c okulary \u2013 to manifest odwagi i osobowo\u015bci.<\/p>\n<p>&nbsp;<\/p>\n<ul>\n<li>Soczewki z wewn\u0119trzn\u0105 pow\u0142ok\u0105 antyrefleksyjn\u0105<\/li>\n<li>Ochrona UV 100%<\/li>\n<li>R\u0119czna produkcja w Japonii<\/li>\n<li>Limitowana seria 350 sztuk na ca\u0142ym \u015bwiecie.<\/li>\n<\/ul>\n","protected":false},"excerpt":{"rendered":"<p data-start=\"108\" data-end=\"347\"><strong data-start=\"108\" data-end=\"136\">Nieustraszony duch ikony<\/strong><br data-start=\"136\" data-end=\"139\" \/>Model <strong data-start=\"145\" data-end=\"155\">DEBBIE<\/strong> to kocie oprawy inspirowane legendarn\u0105 Debbie Harry \u2013 charyzmatyczn\u0105 wokalistk\u0105 zespo\u0142u Blondie. Powsta\u0142y z my\u015bl\u0105 o osobach, kt\u00f3re nie boj\u0105 si\u0119 wyr\u00f3\u017cnia\u0107, s\u0105 bezkompromisowe i pe\u0142ne odwagi.<\/p>\n<p data-start=\"349\" data-end=\"373\"><strong data-start=\"349\" data-end=\"371\">Design i charakter<\/strong><\/p>\n<ul data-start=\"374\" data-end=\"539\">\n<li data-start=\"374\" data-end=\"418\">\n<p data-start=\"376\" data-end=\"418\">Wyrazisty koci kszta\u0142t z ostrymi liniami<\/p>\n<\/li>\n<li data-start=\"419\" data-end=\"481\">\n<p data-start=\"421\" data-end=\"481\">Estetyka \u0142\u0105cz\u0105ca rockow\u0105 surowo\u015b\u0107 z wyrafinowan\u0105 elegancj\u0105<\/p>\n<\/li>\n<li data-start=\"482\" data-end=\"539\">\n<p data-start=\"484\" data-end=\"539\">Stworzony, by emanowa\u0107 pewno\u015bci\u0105 siebie i charakterem<\/p>\n<\/li>\n<\/ul>\n","protected":false},"featured_media":1694,"template":"","meta":{"_acf_changed":false,"_joinchat":[]},"product_brand":[82],"product_cat":[32,30],"product_tag":[265],"model":[],"class_list":{"0":"post-1315","1":"product","2":"type-product","3":"status-publish","4":"has-post-thumbnail","6":"product_brand-jacques-marie-mage","7":"product_cat-damskie","8":"product_cat-okulary-przeciwsloneczne","9":"product_tag-jmmdb1u","11":"first","12":"outofstock","13":"shipping-taxable","14":"purchasable","15":"product-type-simple"},"acf":[],"aioseo_notices":[],"_links":{"self":[{"href":"https:\/\/www.diukoptyk.pl\/pl\/wp-json\/wp\/v2\/product\/1315","targetHints":{"allow":["GET"]}}],"collection":[{"href":"https:\/\/www.diukoptyk.pl\/pl\/wp-json\/wp\/v2\/product"}],"about":[{"href":"https:\/\/www.diukoptyk.pl\/pl\/wp-json\/wp\/v2\/types\/product"}],"version-history":[{"count":1,"href":"https:\/\/www.diukoptyk.pl\/pl\/wp-json\/wp\/v2\/product\/1315\/revisions"}],"predecessor-version":[{"id":4611,"href":"https:\/\/www.diukoptyk.pl\/pl\/wp-json\/wp\/v2\/product\/1315\/revisions\/4611"}],"wp:featuredmedia":[{"embeddable":true,"href":"https:\/\/www.diukoptyk.pl\/pl\/wp-json\/wp\/v2\/media\/1694"}],"wp:attachment":[{"href":"https:\/\/www.diukoptyk.pl\/pl\/wp-json\/wp\/v2\/media?parent=1315"}],"wp:term":[{"taxonomy":"product_brand","embeddable":true,"href":"https:\/\/www.diukoptyk.pl\/pl\/wp-json\/wp\/v2\/product_brand?post=1315"},{"taxonomy":"product_cat","embeddable":true,"href":"https:\/\/www.diukoptyk.pl\/pl\/wp-json\/wp\/v2\/product_cat?post=1315"},{"taxonomy":"product_tag","embeddable":true,"href":"https:\/\/www.diukoptyk.pl\/pl\/wp-json\/wp\/v2\/product_tag?post=1315"},{"taxonomy":"model","embeddable":true,"href":"https:\/\/www.diukoptyk.pl\/pl\/wp-json\/wp\/v2\/model?post=1315"}],"curies":[{"name":"wp","href":"https:\/\/api.w.org\/{rel}","templated":true}]}}