{"id":1302,"date":"2025-09-15T18:55:39","date_gmt":"2025-09-15T16:55:39","guid":{"rendered":"https:\/\/duke2.unixstorm.eu\/produkt\/jacques-marie-mage-richard-cobra\/"},"modified":"2026-03-05T17:30:25","modified_gmt":"2026-03-05T16:30:25","slug":"jacques-marie-mage-richard-cobra","status":"publish","type":"product","link":"https:\/\/www.diukoptyk.pl\/pl\/produkt\/jacques-marie-mage-richard-cobra\/","title":{"rendered":"Jacques Marie Mage RICHARD | COBRA"},"content":{"rendered":"<p data-start=\"973\" data-end=\"1239\"><strong data-start=\"973\" data-end=\"986\">Dla kogo?<\/strong><br data-start=\"986\" data-end=\"989\" \/><strong data-start=\"989\" data-end=\"1027\">Jacques Marie Mage Richard \u201eCobra\u201d<\/strong> to propozycja dla os\u00f3b, kt\u00f3re ceni\u0105 wyrafinowan\u0105 form\u0119 i artystyczny detal.<\/p>\n<p data-start=\"973\" data-end=\"1239\">To okulary o wsp\u00f3\u0142czesnym charakterze, stworzone dla indywidualist\u00f3w, kt\u00f3rzy traktuj\u0105 styl jak form\u0119 ekspresji i sztuk\u0119 sam\u0105 w sobie.<\/p>\n","protected":false},"excerpt":{"rendered":"<h3 data-start=\"135\" data-end=\"181\">Jacques Marie Mage \u2013 <strong data-start=\"160\" data-end=\"179\">Richard \u201eCobra\u201d<\/strong><\/h3>\n<p data-start=\"183\" data-end=\"521\"><strong data-start=\"183\" data-end=\"210\">Nowoczesny duch klasyki<\/strong><br data-start=\"210\" data-end=\"213\" \/>Model <strong data-start=\"219\" data-end=\"230\">Richard<\/strong> to \u015bredniej wielko\u015bci okulary przeciws\u0142oneczne o wsp\u00f3\u0142czesnym kszta\u0142cie aviatora, wykonane r\u0119cznie w limitowanej serii <strong data-start=\"350\" data-end=\"363\">400 sztuk<\/strong>. Inspirowane \u015bwiatem fotografii mody, \u0142\u0105cz\u0105 w sobie pewno\u015b\u0107 siebie, kreatywno\u015b\u0107 i artystyczny charakter \u2013 tworz\u0105c form\u0119, kt\u00f3ra m\u00f3wi wi\u0119cej ni\u017c tysi\u0105c s\u0142\u00f3w.<\/p>\n<p data-start=\"523\" data-end=\"544\"><strong data-start=\"523\" data-end=\"542\">Detale i design<\/strong><\/p>\n<ul data-start=\"545\" data-end=\"971\">\n<li data-start=\"545\" data-end=\"635\">\n<p data-start=\"547\" data-end=\"635\">Rama: zielona, 10-milimetrowa z utwardzonego acetatu celulozowego w odcieniu <strong data-start=\"624\" data-end=\"633\">Cobra<\/strong><\/p>\n<\/li>\n<li data-start=\"636\" data-end=\"713\">\n<p data-start=\"638\" data-end=\"713\">Zauszniki: podw\u00f3jnie laminowany acetat z elementami z metalu szlachetnego<\/p>\n<\/li>\n<li data-start=\"714\" data-end=\"803\">\n<p data-start=\"716\" data-end=\"803\">Charakterystyczne przednie nity w kszta\u0142cie podw\u00f3jnych strza\u0142 \u2013 znak rozpoznawczy JMM<\/p>\n<\/li>\n<li data-start=\"804\" data-end=\"880\">\n<p data-start=\"806\" data-end=\"880\">Zauszniki typu <em data-start=\"821\" data-end=\"830\">spatula<\/em> \u2013 zapewniaj\u0105ce wygodne dopasowanie i stabilno\u015b\u0107<\/p>\n<\/li>\n<li data-start=\"881\" data-end=\"971\">\n<p data-start=\"883\" data-end=\"971\">Soczewki: jasne, zielone, z pe\u0142n\u0105 ochron\u0105 UV, dodaj\u0105ce lekko\u015bci i \u015bwie\u017co\u015bci spojrzeniu<\/p>\n<\/li>\n<\/ul>\n","protected":false},"featured_media":1300,"template":"","meta":{"_acf_changed":false,"_joinchat":[]},"product_brand":[82],"product_cat":[32,37,51,30,35],"product_tag":[],"model":[],"class_list":{"0":"post-1302","1":"product","2":"type-product","3":"status-publish","4":"has-post-thumbnail","6":"product_brand-jacques-marie-mage","7":"product_cat-damskie","8":"product_cat-meskie","9":"product_cat-okulary-korekcyjne","10":"product_cat-okulary-przeciwsloneczne","11":"product_cat-unisex","13":"first","14":"outofstock","15":"shipping-taxable","16":"purchasable","17":"product-type-simple"},"acf":[],"aioseo_notices":[],"_links":{"self":[{"href":"https:\/\/www.diukoptyk.pl\/pl\/wp-json\/wp\/v2\/product\/1302","targetHints":{"allow":["GET"]}}],"collection":[{"href":"https:\/\/www.diukoptyk.pl\/pl\/wp-json\/wp\/v2\/product"}],"about":[{"href":"https:\/\/www.diukoptyk.pl\/pl\/wp-json\/wp\/v2\/types\/product"}],"version-history":[{"count":1,"href":"https:\/\/www.diukoptyk.pl\/pl\/wp-json\/wp\/v2\/product\/1302\/revisions"}],"predecessor-version":[{"id":4264,"href":"https:\/\/www.diukoptyk.pl\/pl\/wp-json\/wp\/v2\/product\/1302\/revisions\/4264"}],"wp:featuredmedia":[{"embeddable":true,"href":"https:\/\/www.diukoptyk.pl\/pl\/wp-json\/wp\/v2\/media\/1300"}],"wp:attachment":[{"href":"https:\/\/www.diukoptyk.pl\/pl\/wp-json\/wp\/v2\/media?parent=1302"}],"wp:term":[{"taxonomy":"product_brand","embeddable":true,"href":"https:\/\/www.diukoptyk.pl\/pl\/wp-json\/wp\/v2\/product_brand?post=1302"},{"taxonomy":"product_cat","embeddable":true,"href":"https:\/\/www.diukoptyk.pl\/pl\/wp-json\/wp\/v2\/product_cat?post=1302"},{"taxonomy":"product_tag","embeddable":true,"href":"https:\/\/www.diukoptyk.pl\/pl\/wp-json\/wp\/v2\/product_tag?post=1302"},{"taxonomy":"model","embeddable":true,"href":"https:\/\/www.diukoptyk.pl\/pl\/wp-json\/wp\/v2\/model?post=1302"}],"curies":[{"name":"wp","href":"https:\/\/api.w.org\/{rel}","templated":true}]}}