{"id":1298,"date":"2025-09-15T18:53:07","date_gmt":"2025-09-15T16:53:07","guid":{"rendered":"https:\/\/duke2.unixstorm.eu\/produkt\/jacques-marie-mage-sandiford-havana-5\/"},"modified":"2026-03-05T17:29:30","modified_gmt":"2026-03-05T16:29:30","slug":"jacques-marie-mage-factory-sulfur","status":"publish","type":"product","link":"https:\/\/www.diukoptyk.pl\/pl\/produkt\/jacques-marie-mage-factory-sulfur\/","title":{"rendered":"Jacques Marie Mage FACTORY | SULFUR"},"content":{"rendered":"<p><strong data-start=\"901\" data-end=\"914\">Dla kogo?<\/strong><br data-start=\"914\" data-end=\"917\" \/><strong data-start=\"917\" data-end=\"957\">Jacques Marie Mage Factory in Sulfur<\/strong> to model dla tw\u00f3rczych indywidualist\u00f3w, kolekcjoner\u00f3w i estet\u00f3w, kt\u00f3rzy widz\u0105 w designie form\u0119 sztuki.<\/p>\n<p>Oprawa, kt\u00f3ra przyci\u0105ga wzrok, inspiruje i przypomina, \u017ce prawdziwa kreatywno\u015b\u0107 nie zna granic.<\/p>\n<p>R\u0119cznie wykonane w Japonii.<\/p>\n","protected":false},"excerpt":{"rendered":"<h3 data-start=\"120\" data-end=\"168\">Jacques Marie Mage \u2013 <strong data-start=\"145\" data-end=\"166\">Factory in Sulfur<\/strong><\/h3>\n<p data-start=\"170\" data-end=\"464\"><strong data-start=\"170\" data-end=\"206\">Pop-artowy manifest kreatywno\u015bci<\/strong><br data-start=\"206\" data-end=\"209\" \/>Model <strong data-start=\"215\" data-end=\"236\">Factory in Sulfur<\/strong> to ho\u0142d dla artystycznej wolno\u015bci i ducha nowojorskiej sceny lat 60. Limitowana edycja <strong data-start=\"324\" data-end=\"343\">250 egzemplarzy<\/strong> zosta\u0142a zaprojektowana jako katalizator tw\u00f3rczo\u015bci i ekspresji \u2013 dzie\u0142o sztuki u\u017cytkowej, kt\u00f3re \u0142\u0105czy design z emocj\u0105.<\/p>\n<p data-start=\"466\" data-end=\"487\"><strong data-start=\"466\" data-end=\"485\">Detale i design<\/strong><\/p>\n<ul data-start=\"488\" data-end=\"899\">\n<li data-start=\"488\" data-end=\"594\">\n<p data-start=\"490\" data-end=\"594\">R\u0119cznie wykonane w Japonii \u2013 ka\u017cdy egzemplarz jest unikalny i dopracowany w najdrobniejszych niuansach<\/p>\n<\/li>\n<li data-start=\"595\" data-end=\"673\">\n<p data-start=\"597\" data-end=\"673\">Inspirowane estetyk\u0105 pop-artu i energi\u0105 artystycznej rewolucji tamtych lat<\/p>\n<\/li>\n<li data-start=\"674\" data-end=\"748\">\n<p data-start=\"676\" data-end=\"748\">Kolor <strong data-start=\"682\" data-end=\"692\">Sulfur<\/strong> \u2013 odwa\u017cny, ekspresyjny, pe\u0142en \u015bwiat\u0142a i intensywno\u015bci<\/p>\n<\/li>\n<li data-start=\"749\" data-end=\"836\">\n<p data-start=\"751\" data-end=\"836\">Wyrafinowane detale z metali szlachetnych, charakterystyczne dla Jacques Marie Mage<\/p>\n<\/li>\n<li data-start=\"837\" data-end=\"899\">\n<p data-start=\"839\" data-end=\"899\">Limitowana produkcja: <strong data-start=\"861\" data-end=\"880\">tylko 250 sztuk<\/strong> na ca\u0142ym \u015bwiecie<\/p>\n<\/li>\n<\/ul>\n","protected":false},"featured_media":1295,"template":"","meta":{"_acf_changed":false,"_joinchat":[]},"product_brand":[82],"product_cat":[32,51,30],"product_tag":[251],"model":[],"class_list":{"0":"post-1298","1":"product","2":"type-product","3":"status-publish","4":"has-post-thumbnail","6":"product_brand-jacques-marie-mage","7":"product_cat-damskie","8":"product_cat-okulary-korekcyjne","9":"product_cat-okulary-przeciwsloneczne","10":"product_tag-jmmc15z","12":"first","13":"instock","14":"shipping-taxable","15":"purchasable","16":"product-type-simple"},"acf":[],"aioseo_notices":[],"_links":{"self":[{"href":"https:\/\/www.diukoptyk.pl\/pl\/wp-json\/wp\/v2\/product\/1298","targetHints":{"allow":["GET"]}}],"collection":[{"href":"https:\/\/www.diukoptyk.pl\/pl\/wp-json\/wp\/v2\/product"}],"about":[{"href":"https:\/\/www.diukoptyk.pl\/pl\/wp-json\/wp\/v2\/types\/product"}],"version-history":[{"count":1,"href":"https:\/\/www.diukoptyk.pl\/pl\/wp-json\/wp\/v2\/product\/1298\/revisions"}],"predecessor-version":[{"id":5204,"href":"https:\/\/www.diukoptyk.pl\/pl\/wp-json\/wp\/v2\/product\/1298\/revisions\/5204"}],"wp:featuredmedia":[{"embeddable":true,"href":"https:\/\/www.diukoptyk.pl\/pl\/wp-json\/wp\/v2\/media\/1295"}],"wp:attachment":[{"href":"https:\/\/www.diukoptyk.pl\/pl\/wp-json\/wp\/v2\/media?parent=1298"}],"wp:term":[{"taxonomy":"product_brand","embeddable":true,"href":"https:\/\/www.diukoptyk.pl\/pl\/wp-json\/wp\/v2\/product_brand?post=1298"},{"taxonomy":"product_cat","embeddable":true,"href":"https:\/\/www.diukoptyk.pl\/pl\/wp-json\/wp\/v2\/product_cat?post=1298"},{"taxonomy":"product_tag","embeddable":true,"href":"https:\/\/www.diukoptyk.pl\/pl\/wp-json\/wp\/v2\/product_tag?post=1298"},{"taxonomy":"model","embeddable":true,"href":"https:\/\/www.diukoptyk.pl\/pl\/wp-json\/wp\/v2\/model?post=1298"}],"curies":[{"name":"wp","href":"https:\/\/api.w.org\/{rel}","templated":true}]}}