{"id":1293,"date":"2025-09-15T18:51:34","date_gmt":"2025-09-15T16:51:34","guid":{"rendered":"https:\/\/duke2.unixstorm.eu\/produkt\/jacques-marie-mage-alin-slate-2\/"},"modified":"2026-03-05T17:28:10","modified_gmt":"2026-03-05T16:28:10","slug":"jacques-marie-mage-alin-slate","status":"publish","type":"product","link":"https:\/\/www.diukoptyk.pl\/pl\/produkt\/jacques-marie-mage-alin-slate\/","title":{"rendered":"Jacques Marie Mage ALIN | SLATE"},"content":{"rendered":"<p><strong data-start=\"847\" data-end=\"860\">Dla kogo?<\/strong><br data-start=\"860\" data-end=\"863\" \/><strong data-start=\"863\" data-end=\"890\">Jacques Marie Mage Alin<\/strong> to model dla koneser\u00f3w klasyki, kt\u00f3rzy ceni\u0105 perfekcyjne wykonanie i elegancki minimalizm.<\/p>\n<p>Okulary, kt\u00f3re \u0142\u0105cz\u0105 ducha vintage z nowoczesnym rzemios\u0142em, staj\u0105c si\u0119 symbolem dyskretnego luksusu i pewno\u015bci siebie.<\/p>\n<p>R\u0119czna produkcja w Japonii<\/p>\n<p>Limitowana seria 500 sztuk na ca\u0142ym \u015bwiecie.<\/p>\n","protected":false},"excerpt":{"rendered":"<h3 data-start=\"116\" data-end=\"151\">Jacques Marie Mage \u2013 <strong data-start=\"141\" data-end=\"149\">Alin<\/strong><\/h3>\n<p data-start=\"153\" data-end=\"443\"><strong data-start=\"153\" data-end=\"200\">Klasyka lat 50. w nowoczesnej interpretacji<\/strong><br data-start=\"200\" data-end=\"203\" \/>Model <strong data-start=\"209\" data-end=\"217\">Alin<\/strong> to elegancka kombinacja acetatu i tytanu, inspirowana wyrafinowanym stylem lat 50. To oprawa, w kt\u00f3rej kunszt rzemie\u015blniczy spotyka si\u0119 z ambicj\u0105 \u2013 stworzona dla tych, kt\u00f3rzy ceni\u0105 precyzj\u0119, struktur\u0119 i ponadczasowy design.<\/p>\n<p data-start=\"445\" data-end=\"466\"><strong data-start=\"445\" data-end=\"464\">Detale i design<\/strong><\/p>\n<p data-start=\"469\" data-end=\"558\">Konstrukcja typu <strong data-start=\"486\" data-end=\"495\">combo<\/strong> \u2013 g\u00f3rna cz\u0119\u015b\u0107 z wyrazistego acetatu, dolna z lekkiego tytanu<\/p>\n<ul data-start=\"467\" data-end=\"845\">\n<li data-start=\"559\" data-end=\"618\">\n<p data-start=\"561\" data-end=\"618\">Kszta\u0142t soczewek: kwadratowy, o klasycznych proporcjach<\/p>\n<\/li>\n<li data-start=\"619\" data-end=\"711\">\n<p data-start=\"621\" data-end=\"711\">Charakterystyczne <strong data-start=\"639\" data-end=\"660\">zawiasy monoblock<\/strong> z motywem strza\u0142y \u2013 sygnatura Jacques Marie Mage<\/p>\n<\/li>\n<li data-start=\"712\" data-end=\"772\">\n<p data-start=\"714\" data-end=\"772\">R\u0119cznie grawerowane zauszniki z unikalnym wzorem strza\u0142y<\/p>\n<\/li>\n<li data-start=\"773\" data-end=\"845\">\n<p data-start=\"775\" data-end=\"845\">Harmonijne po\u0142\u0105czenie solidno\u015bci, elegancji i rze\u017abiarskiej precyzji<\/p>\n<\/li>\n<\/ul>\n","protected":false},"featured_media":1291,"template":"","meta":{"_acf_changed":false,"_joinchat":[]},"product_brand":[82],"product_cat":[32,37,30,35],"product_tag":[247],"model":[352],"class_list":{"0":"post-1293","1":"product","2":"type-product","3":"status-publish","4":"has-post-thumbnail","6":"product_brand-jacques-marie-mage","7":"product_cat-damskie","8":"product_cat-meskie","9":"product_cat-okulary-przeciwsloneczne","10":"product_cat-unisex","11":"product_tag-jmmil10s","12":"model-alin","14":"first","15":"instock","16":"shipping-taxable","17":"purchasable","18":"product-type-simple"},"acf":[],"aioseo_notices":[],"_links":{"self":[{"href":"https:\/\/www.diukoptyk.pl\/pl\/wp-json\/wp\/v2\/product\/1293","targetHints":{"allow":["GET"]}}],"collection":[{"href":"https:\/\/www.diukoptyk.pl\/pl\/wp-json\/wp\/v2\/product"}],"about":[{"href":"https:\/\/www.diukoptyk.pl\/pl\/wp-json\/wp\/v2\/types\/product"}],"version-history":[{"count":0,"href":"https:\/\/www.diukoptyk.pl\/pl\/wp-json\/wp\/v2\/product\/1293\/revisions"}],"wp:featuredmedia":[{"embeddable":true,"href":"https:\/\/www.diukoptyk.pl\/pl\/wp-json\/wp\/v2\/media\/1291"}],"wp:attachment":[{"href":"https:\/\/www.diukoptyk.pl\/pl\/wp-json\/wp\/v2\/media?parent=1293"}],"wp:term":[{"taxonomy":"product_brand","embeddable":true,"href":"https:\/\/www.diukoptyk.pl\/pl\/wp-json\/wp\/v2\/product_brand?post=1293"},{"taxonomy":"product_cat","embeddable":true,"href":"https:\/\/www.diukoptyk.pl\/pl\/wp-json\/wp\/v2\/product_cat?post=1293"},{"taxonomy":"product_tag","embeddable":true,"href":"https:\/\/www.diukoptyk.pl\/pl\/wp-json\/wp\/v2\/product_tag?post=1293"},{"taxonomy":"model","embeddable":true,"href":"https:\/\/www.diukoptyk.pl\/pl\/wp-json\/wp\/v2\/model?post=1293"}],"curies":[{"name":"wp","href":"https:\/\/api.w.org\/{rel}","templated":true}]}}