{"id":1289,"date":"2025-09-15T18:50:36","date_gmt":"2025-09-15T16:50:36","guid":{"rendered":"https:\/\/duke2.unixstorm.eu\/produkt\/jacques-marie-mage-silverton-orca\/"},"modified":"2026-03-05T17:28:00","modified_gmt":"2026-03-05T16:28:00","slug":"jacques-marie-mage-silverton-orca","status":"publish","type":"product","link":"https:\/\/www.diukoptyk.pl\/pl\/produkt\/jacques-marie-mage-silverton-orca\/","title":{"rendered":"Jacques Marie Mage SILVERTON | ORCA"},"content":{"rendered":"<p><strong data-start=\"973\" data-end=\"986\">Dla kogo?<\/strong><br data-start=\"986\" data-end=\"989\" \/><strong data-start=\"989\" data-end=\"1029\">Jacques Marie Mage Silverton in Orca<\/strong> to oprawa dla tych, kt\u00f3rzy \u0142\u0105cz\u0105 ducha nowoczesno\u015bci z mi\u0142o\u015bci\u0105 do klasyki.<\/p>\n<p>Zrodzona z rzemios\u0142a najwy\u017cszej pr\u00f3by, inspirowana wolno\u015bci\u0105 g\u00f3r i energi\u0105 wielkiego miasta \u2013 jest symbolem wsp\u00f3\u0142czesnego luksusu w najczystszej formie.<\/p>\n<p>Limitowana seria 350 sztuk na ca\u0142ym \u015bwiecie.<\/p>\n","protected":false},"excerpt":{"rendered":"<h3 data-start=\"165\" data-end=\"213\">Jacques Marie Mage \u2013 <strong data-start=\"190\" data-end=\"211\">Silverton in Orca<\/strong><\/h3>\n<p data-start=\"215\" data-end=\"547\"><strong data-start=\"215\" data-end=\"250\">Nowoczesna elegancja bez granic<\/strong><br data-start=\"250\" data-end=\"253\" \/>Model <strong data-start=\"259\" data-end=\"280\">Silverton in Orca<\/strong> to wyj\u0105tkowy projekt z kolekcji <strong data-start=\"313\" data-end=\"331\">Rimless Series<\/strong>, w kt\u00f3rym techniczna precyzja spotyka si\u0119 z artystycznym wyrafinowaniem. Ta bezramkowa oprawa zachwyca lekko\u015bci\u0105 formy i architektonicznym detalem \u2013 \u0142\u0105cz\u0105c tytanow\u0105 konstrukcj\u0119 z rze\u017abiarskimi akcentami z acetatu.<\/p>\n<p data-start=\"549\" data-end=\"570\"><strong data-start=\"549\" data-end=\"568\">Detale i design<\/strong><\/p>\n<ul data-start=\"571\" data-end=\"971\">\n<li data-start=\"571\" data-end=\"652\">\n<p data-start=\"573\" data-end=\"652\">Konstrukcja: bezramkowa, z po\u0142\u0105czonym mostkiem i lini\u0105 brwi wykonan\u0105 z tytanu<\/p>\n<\/li>\n<li data-start=\"653\" data-end=\"718\">\n<p data-start=\"655\" data-end=\"718\">Wyko\u0144czenie: podw\u00f3jny ton metalu \u2013 subtelny kontrast w detalu<\/p>\n<\/li>\n<li data-start=\"719\" data-end=\"808\">\n<p data-start=\"721\" data-end=\"808\">Zauszniki: rze\u017abiarskie, z acetatu w kolorze <strong data-start=\"766\" data-end=\"774\">Orca<\/strong>, z ozdobnym rdzeniem <em data-start=\"796\" data-end=\"806\">wirecore<\/em><\/p>\n<\/li>\n<li data-start=\"809\" data-end=\"904\">\n<p data-start=\"811\" data-end=\"904\">Detale: precyzyjne grawerowanie i elementy z metali szlachetnych, charakterystyczne dla JMM<\/p>\n<\/li>\n<li data-start=\"905\" data-end=\"971\">\n<p data-start=\"907\" data-end=\"971\">Efekt: po\u0142\u0105czenie lekko\u015bci, elegancji i wyrafinowanego kunsztu<\/p>\n<\/li>\n<\/ul>\n","protected":false},"featured_media":1286,"template":"","meta":{"_acf_changed":false,"_joinchat":[]},"product_brand":[82],"product_cat":[37,30,35],"product_tag":[243],"model":[397],"class_list":{"0":"post-1289","1":"product","2":"type-product","3":"status-publish","4":"has-post-thumbnail","6":"product_brand-jacques-marie-mage","7":"product_cat-meskie","8":"product_cat-okulary-przeciwsloneczne","9":"product_cat-unisex","10":"product_tag-jmmsvr15l","11":"model-silverton","13":"first","14":"instock","15":"shipping-taxable","16":"purchasable","17":"product-type-simple"},"acf":[],"aioseo_notices":[],"_links":{"self":[{"href":"https:\/\/www.diukoptyk.pl\/pl\/wp-json\/wp\/v2\/product\/1289","targetHints":{"allow":["GET"]}}],"collection":[{"href":"https:\/\/www.diukoptyk.pl\/pl\/wp-json\/wp\/v2\/product"}],"about":[{"href":"https:\/\/www.diukoptyk.pl\/pl\/wp-json\/wp\/v2\/types\/product"}],"version-history":[{"count":1,"href":"https:\/\/www.diukoptyk.pl\/pl\/wp-json\/wp\/v2\/product\/1289\/revisions"}],"predecessor-version":[{"id":4546,"href":"https:\/\/www.diukoptyk.pl\/pl\/wp-json\/wp\/v2\/product\/1289\/revisions\/4546"}],"wp:featuredmedia":[{"embeddable":true,"href":"https:\/\/www.diukoptyk.pl\/pl\/wp-json\/wp\/v2\/media\/1286"}],"wp:attachment":[{"href":"https:\/\/www.diukoptyk.pl\/pl\/wp-json\/wp\/v2\/media?parent=1289"}],"wp:term":[{"taxonomy":"product_brand","embeddable":true,"href":"https:\/\/www.diukoptyk.pl\/pl\/wp-json\/wp\/v2\/product_brand?post=1289"},{"taxonomy":"product_cat","embeddable":true,"href":"https:\/\/www.diukoptyk.pl\/pl\/wp-json\/wp\/v2\/product_cat?post=1289"},{"taxonomy":"product_tag","embeddable":true,"href":"https:\/\/www.diukoptyk.pl\/pl\/wp-json\/wp\/v2\/product_tag?post=1289"},{"taxonomy":"model","embeddable":true,"href":"https:\/\/www.diukoptyk.pl\/pl\/wp-json\/wp\/v2\/model?post=1289"}],"curies":[{"name":"wp","href":"https:\/\/api.w.org\/{rel}","templated":true}]}}