{"id":1284,"date":"2025-09-15T18:49:47","date_gmt":"2025-09-15T16:49:47","guid":{"rendered":"https:\/\/duke2.unixstorm.eu\/produkt\/jacques-marie-mage-earl-pacific\/"},"modified":"2026-03-05T17:27:46","modified_gmt":"2026-03-05T16:27:46","slug":"jacques-marie-mage-earl-pacific","status":"publish","type":"product","link":"https:\/\/www.diukoptyk.pl\/pl\/produkt\/jacques-marie-mage-earl-pacific\/","title":{"rendered":"Jacques Marie Mage EARL | PACIFIC"},"content":{"rendered":"<p><strong data-start=\"988\" data-end=\"1001\">Dla kogo?<\/strong><br data-start=\"1001\" data-end=\"1004\" \/><strong data-start=\"1004\" data-end=\"1041\">Jacques Marie Mage Earl | Pacific<\/strong> to model dla estet\u00f3w, kt\u00f3rzy ceni\u0105 wolno\u015b\u0107, elegancj\u0119 i niepowtarzalny charakter.<\/p>\n<p>Powsta\u0142 z my\u015bl\u0105 o indywidualistach, dla kt\u00f3rych design jest form\u0105 celebracji \u2013 odwa\u017cn\u0105, subteln\u0105 i pe\u0142n\u0105 klasy.<\/p>\n<p>Limitowana seria 500 sztuk na ca\u0142ym \u015bwiecie.<\/p>\n","protected":false},"excerpt":{"rendered":"<h3 data-start=\"160\" data-end=\"205\">Jacques Marie Mage \u2013 <strong data-start=\"185\" data-end=\"203\">Earl | Pacific<\/strong><\/h3>\n<p data-start=\"207\" data-end=\"498\"><strong data-start=\"207\" data-end=\"237\">Luksusowy ho\u0142d dla lat 70.<\/strong><br data-start=\"237\" data-end=\"240\" \/>Model <strong data-start=\"246\" data-end=\"264\">Earl | Pacific<\/strong> to eleganckie okulary typu <em data-start=\"292\" data-end=\"303\">navigator<\/em>, wykonane w ca\u0142o\u015bci z tytanu i inspirowane estetyk\u0105 lat 70. Limitowana edycja \u0142\u0105czy techniczn\u0105 doskona\u0142o\u015b\u0107 z artystycznym wyrafinowaniem, tworz\u0105c form\u0119 o wyj\u0105tkowej sile i subtelnej elegancji.<\/p>\n<p data-start=\"500\" data-end=\"521\"><strong data-start=\"500\" data-end=\"519\">Detale i design<\/strong><\/p>\n<ul data-start=\"522\" data-end=\"986\">\n<li data-start=\"522\" data-end=\"639\">\n<p data-start=\"524\" data-end=\"639\">Konstrukcja: tytanowa, z cienkimi, precyzyjnie wykonanymi ramkami wok\u00f3\u0142 soczewek (4 mm titanium lens-rim inserts)<\/p>\n<\/li>\n<li data-start=\"640\" data-end=\"743\">\n<p data-start=\"642\" data-end=\"743\">Wyko\u0144czenie: dwukolorowa linia brwi i zauszniki z charakterystycznymi detalami w stylu <strong data-start=\"729\" data-end=\"741\">Art Deco<\/strong><\/p>\n<\/li>\n<li data-start=\"744\" data-end=\"839\">\n<p data-start=\"746\" data-end=\"839\">Design: inspirowany klasyk\u0105 lat 70. \u2013 elegancki, smuk\u0142y, z nowoczesn\u0105 interpretacj\u0105 vintage<\/p>\n<\/li>\n<li data-start=\"840\" data-end=\"906\">\n<p data-start=\"842\" data-end=\"906\">Materia\u0142: 100% tytan \u2013 ultralekki, wytrzyma\u0142y i hipoalergiczny<\/p>\n<\/li>\n<li data-start=\"907\" data-end=\"986\">\n<p data-start=\"909\" data-end=\"986\">Limitowana produkcja \u2013 ka\u017cda para to unikatowe po\u0142\u0105czenie rzemios\u0142a i stylu<\/p>\n<\/li>\n<\/ul>\n","protected":false},"featured_media":1282,"template":"","meta":{"_acf_changed":false,"_joinchat":[]},"product_brand":[82],"product_cat":[37,30,35],"product_tag":[241],"model":[376],"class_list":{"0":"post-1284","1":"product","2":"type-product","3":"status-publish","4":"has-post-thumbnail","6":"product_brand-jacques-marie-mage","7":"product_cat-meskie","8":"product_cat-okulary-przeciwsloneczne","9":"product_cat-unisex","10":"product_tag-jmmerp3","11":"model-earl","13":"first","14":"outofstock","15":"shipping-taxable","16":"purchasable","17":"product-type-simple"},"acf":[],"aioseo_notices":[],"_links":{"self":[{"href":"https:\/\/www.diukoptyk.pl\/pl\/wp-json\/wp\/v2\/product\/1284","targetHints":{"allow":["GET"]}}],"collection":[{"href":"https:\/\/www.diukoptyk.pl\/pl\/wp-json\/wp\/v2\/product"}],"about":[{"href":"https:\/\/www.diukoptyk.pl\/pl\/wp-json\/wp\/v2\/types\/product"}],"version-history":[{"count":1,"href":"https:\/\/www.diukoptyk.pl\/pl\/wp-json\/wp\/v2\/product\/1284\/revisions"}],"predecessor-version":[{"id":4485,"href":"https:\/\/www.diukoptyk.pl\/pl\/wp-json\/wp\/v2\/product\/1284\/revisions\/4485"}],"wp:featuredmedia":[{"embeddable":true,"href":"https:\/\/www.diukoptyk.pl\/pl\/wp-json\/wp\/v2\/media\/1282"}],"wp:attachment":[{"href":"https:\/\/www.diukoptyk.pl\/pl\/wp-json\/wp\/v2\/media?parent=1284"}],"wp:term":[{"taxonomy":"product_brand","embeddable":true,"href":"https:\/\/www.diukoptyk.pl\/pl\/wp-json\/wp\/v2\/product_brand?post=1284"},{"taxonomy":"product_cat","embeddable":true,"href":"https:\/\/www.diukoptyk.pl\/pl\/wp-json\/wp\/v2\/product_cat?post=1284"},{"taxonomy":"product_tag","embeddable":true,"href":"https:\/\/www.diukoptyk.pl\/pl\/wp-json\/wp\/v2\/product_tag?post=1284"},{"taxonomy":"model","embeddable":true,"href":"https:\/\/www.diukoptyk.pl\/pl\/wp-json\/wp\/v2\/model?post=1284"}],"curies":[{"name":"wp","href":"https:\/\/api.w.org\/{rel}","templated":true}]}}