{"id":1280,"date":"2025-09-15T18:48:14","date_gmt":"2025-09-15T16:48:14","guid":{"rendered":"https:\/\/duke2.unixstorm.eu\/produkt\/jacques-marie-mage-reynold-pacific\/"},"modified":"2026-03-06T15:33:51","modified_gmt":"2026-03-06T14:33:51","slug":"jacques-marie-mage-reynold-pacific","status":"publish","type":"product","link":"https:\/\/www.diukoptyk.pl\/pl\/produkt\/jacques-marie-mage-reynold-pacific\/","title":{"rendered":"Jacques Marie Mage REYNOLD | PACIFIC"},"content":{"rendered":"<p data-start=\"1129\" data-end=\"1388\"><strong data-start=\"1129\" data-end=\"1142\">Dla kogo?<\/strong><br data-start=\"1142\" data-end=\"1145\" \/><strong data-start=\"1145\" data-end=\"1186\">Jacques Marie Mage Reynold in Pacific<\/strong> to model dla os\u00f3b, kt\u00f3re ceni\u0105 luksusow\u0105 prostot\u0119 z odrobin\u0105 filmowego charakteru.<\/p>\n<p data-start=\"1129\" data-end=\"1388\">Odwa\u017cne, wyrafinowane i pe\u0142ne energii \u2013 okulary, kt\u00f3re r\u00f3wnie dobrze wygl\u0105daj\u0105 na planie zdj\u0119ciowym, jak i poza nim.<\/p>\n","protected":false},"excerpt":{"rendered":"<h3 data-start=\"172\" data-end=\"221\">Jacques Marie Mage \u2013 <strong data-start=\"197\" data-end=\"219\">Reynold in Pacific<\/strong><\/h3>\n<p data-start=\"223\" data-end=\"534\"><strong data-start=\"223\" data-end=\"263\">Nowoczesna elegancja z dusz\u0105 lat 70.<\/strong><br data-start=\"263\" data-end=\"266\" \/>Model <strong data-start=\"272\" data-end=\"294\">Reynold in Pacific<\/strong> to tytanowe okulary przeciws\u0142oneczne w stylu <em data-start=\"340\" data-end=\"349\">aviator<\/em>, inspirowane kinematograficznym blichtrem i swobod\u0105 lat 70. Limitowana edycja <strong data-start=\"428\" data-end=\"447\">500 egzemplarzy<\/strong> \u0142\u0105czy precyzj\u0119 japo\u0144skiego rzemios\u0142a z duchem artystycznej odwagi i pewno\u015bci siebie.<\/p>\n<p data-start=\"536\" data-end=\"557\"><strong data-start=\"536\" data-end=\"555\">Detale i design<\/strong><\/p>\n<ul data-start=\"558\" data-end=\"1127\">\n<li data-start=\"558\" data-end=\"673\">\n<p data-start=\"560\" data-end=\"673\">Konstrukcja: 100% tytan klasy <em data-start=\"590\" data-end=\"605\">beta titanium<\/em> w odcieniach srebra i czerni \u2013 lekki, wytrzyma\u0142y i hipoalergiczny<\/p>\n<\/li>\n<li data-start=\"674\" data-end=\"762\">\n<p data-start=\"676\" data-end=\"762\">Styl: du\u017cy, inspirowany latami 70. kszta\u0142t <em data-start=\"719\" data-end=\"728\">aviator<\/em> z rze\u017abionym podw\u00f3jnym mostkiem<\/p>\n<\/li>\n<li data-start=\"763\" data-end=\"850\">\n<p data-start=\"765\" data-end=\"850\">Zauszniki: zako\u0144czone charakterystycznymi ko\u0144c\u00f3wkami <em data-start=\"818\" data-end=\"827\">tailfin<\/em> z misternym grawerem<\/p>\n<\/li>\n<li data-start=\"851\" data-end=\"936\">\n<p data-start=\"853\" data-end=\"936\">Detale: r\u0119cznie wyko\u0144czone powierzchnie, precyzyjne zdobienia i idealne proporcje<\/p>\n<\/li>\n<li data-start=\"937\" data-end=\"1029\">\n<p data-start=\"939\" data-end=\"1029\">Soczewki: niebieskie, z pe\u0142n\u0105 ochron\u0105 UV, przywodz\u0105ce na my\u015bl klasyczn\u0105 estetyk\u0119 filmow\u0105<\/p>\n<\/li>\n<li data-start=\"1030\" data-end=\"1127\">\n<p data-start=\"1032\" data-end=\"1127\">Limitowana edycja: <strong data-start=\"1051\" data-end=\"1064\">500 sztuk<\/strong> \u2013 ka\u017cdy egzemplarz to kolekcjonerski symbol stylu i precyzji<\/p>\n<\/li>\n<\/ul>\n","protected":false},"featured_media":1278,"template":"","meta":{"_acf_changed":false,"_joinchat":[]},"product_brand":[82],"product_cat":[37,30,35],"product_tag":[240],"model":[393],"class_list":{"0":"post-1280","1":"product","2":"type-product","3":"status-publish","4":"has-post-thumbnail","6":"product_brand-jacques-marie-mage","7":"product_cat-meskie","8":"product_cat-okulary-przeciwsloneczne","9":"product_cat-unisex","10":"product_tag-jmmrep3","11":"model-reynold","13":"first","14":"instock","15":"shipping-taxable","16":"purchasable","17":"product-type-simple"},"acf":[],"aioseo_notices":[],"_links":{"self":[{"href":"https:\/\/www.diukoptyk.pl\/pl\/wp-json\/wp\/v2\/product\/1280","targetHints":{"allow":["GET"]}}],"collection":[{"href":"https:\/\/www.diukoptyk.pl\/pl\/wp-json\/wp\/v2\/product"}],"about":[{"href":"https:\/\/www.diukoptyk.pl\/pl\/wp-json\/wp\/v2\/types\/product"}],"version-history":[{"count":1,"href":"https:\/\/www.diukoptyk.pl\/pl\/wp-json\/wp\/v2\/product\/1280\/revisions"}],"predecessor-version":[{"id":4535,"href":"https:\/\/www.diukoptyk.pl\/pl\/wp-json\/wp\/v2\/product\/1280\/revisions\/4535"}],"wp:featuredmedia":[{"embeddable":true,"href":"https:\/\/www.diukoptyk.pl\/pl\/wp-json\/wp\/v2\/media\/1278"}],"wp:attachment":[{"href":"https:\/\/www.diukoptyk.pl\/pl\/wp-json\/wp\/v2\/media?parent=1280"}],"wp:term":[{"taxonomy":"product_brand","embeddable":true,"href":"https:\/\/www.diukoptyk.pl\/pl\/wp-json\/wp\/v2\/product_brand?post=1280"},{"taxonomy":"product_cat","embeddable":true,"href":"https:\/\/www.diukoptyk.pl\/pl\/wp-json\/wp\/v2\/product_cat?post=1280"},{"taxonomy":"product_tag","embeddable":true,"href":"https:\/\/www.diukoptyk.pl\/pl\/wp-json\/wp\/v2\/product_tag?post=1280"},{"taxonomy":"model","embeddable":true,"href":"https:\/\/www.diukoptyk.pl\/pl\/wp-json\/wp\/v2\/model?post=1280"}],"curies":[{"name":"wp","href":"https:\/\/api.w.org\/{rel}","templated":true}]}}