{"id":1272,"date":"2025-09-15T18:46:13","date_gmt":"2025-09-15T16:46:13","guid":{"rendered":"https:\/\/duke2.unixstorm.eu\/produkt\/jacques-marie-mage-selini-black\/"},"modified":"2026-03-05T17:27:00","modified_gmt":"2026-03-05T16:27:00","slug":"jacques-marie-mage-selini-black","status":"publish","type":"product","link":"https:\/\/www.diukoptyk.pl\/pl\/produkt\/jacques-marie-mage-selini-black\/","title":{"rendered":"Jacques Marie Mage SELINI | BLACK"},"content":{"rendered":"<p><strong data-start=\"1003\" data-end=\"1016\">Dla kogo?<\/strong><br data-start=\"1016\" data-end=\"1019\" \/><strong data-start=\"1019\" data-end=\"1056\">Jacques Marie Mage Selini \/ Black<\/strong> to model dla os\u00f3b, kt\u00f3re pragn\u0105 po\u0142\u0105czy\u0107 odwag\u0119 z wyrafinowaniem.<\/p>\n<p>Inspirowane mitologicznym blaskiem ksi\u0119\u017cyca, te okulary s\u0105 ho\u0142dem dla kobiet i m\u0119\u017cczyzn, kt\u00f3rzy nie pod\u0105\u017caj\u0105 za mod\u0105 \u2013 lecz sami j\u0105 definiuj\u0105.<\/p>\n<p>Limitowana seria 200 sztuk na ca\u0142ym \u015bwiecie.<\/p>\n","protected":false},"excerpt":{"rendered":"<h3 data-start=\"105\" data-end=\"150\">Jacques Marie Mage \u2013 <strong data-start=\"130\" data-end=\"148\">Selini \/ Black<\/strong><\/h3>\n<p data-start=\"151\" data-end=\"196\"><strong data-start=\"151\" data-end=\"194\">Evangelie Smyrniotaki by JMM Collection<\/strong><\/p>\n<p data-start=\"198\" data-end=\"520\"><strong data-start=\"198\" data-end=\"230\">Boska r\u00f3wnowaga stylu i si\u0142y<\/strong><br data-start=\"230\" data-end=\"233\" \/>Model <strong data-start=\"239\" data-end=\"249\">Selini<\/strong> to limitowana edycja \u2013 jedynie <strong data-start=\"281\" data-end=\"300\">300 egzemplarzy<\/strong> na ca\u0142ym \u015bwiecie. Inspirowane estetyk\u0105 lat 80. okulary typu <em data-start=\"361\" data-end=\"372\">navigator<\/em> emanuj\u0105 elegancj\u0105 i si\u0142\u0105. To oprawa, w kt\u00f3rej glamour spotyka si\u0119 z gracj\u0105, a subtelny, monochromatyczny design zyskuje form\u0119 niemal rze\u017abiarsk\u0105.<\/p>\n<p data-start=\"522\" data-end=\"543\"><strong data-start=\"522\" data-end=\"541\">Detale i design<\/strong><\/p>\n<ul data-start=\"544\" data-end=\"1001\">\n<li data-start=\"544\" data-end=\"611\">\n<p data-start=\"546\" data-end=\"611\">Rama: czarna, 7-milimetrowa z utwardzonego acetatu celulozowego<\/p>\n<\/li>\n<li data-start=\"612\" data-end=\"700\">\n<p data-start=\"614\" data-end=\"700\">Mostek i zawiasy: elementy w kolorze jasnego z\u0142ota \u2013 elegancja w najczystszej formie<\/p>\n<\/li>\n<li data-start=\"701\" data-end=\"784\">\n<p data-start=\"703\" data-end=\"784\">Soczewki: czarne, z delikatnym gradientem i pow\u0142ok\u0105 antyrefleksyjn\u0105 od wewn\u0105trz<\/p>\n<\/li>\n<li data-start=\"785\" data-end=\"844\">\n<p data-start=\"787\" data-end=\"844\">Zawiasy: 7-pr\u0119towe, wzmocnione, z poz\u0142acanym mocowaniem<\/p>\n<\/li>\n<li data-start=\"845\" data-end=\"916\">\n<p data-start=\"847\" data-end=\"916\">G\u00f3rny pasek (top bar): z\u0142oty, subtelnie wkomponowany w lini\u0119 oprawy<\/p>\n<\/li>\n<li data-start=\"917\" data-end=\"1001\">\n<p data-start=\"919\" data-end=\"1001\">R\u0119czne wykonanie we W\u0142oszech \u2013 gwarancja perfekcji i najwy\u017cszego poziomu rzemios\u0142a<\/p>\n<\/li>\n<\/ul>\n","protected":false},"featured_media":1783,"template":"","meta":{"_acf_changed":false,"_joinchat":[]},"product_brand":[82],"product_cat":[32,30],"product_tag":[232],"model":[395],"class_list":{"0":"post-1272","1":"product","2":"type-product","3":"status-publish","4":"has-post-thumbnail","6":"product_brand-jacques-marie-mage","7":"product_cat-damskie","8":"product_cat-okulary-przeciwsloneczne","9":"product_tag-jmmsel88","10":"model-selini","12":"first","13":"instock","14":"shipping-taxable","15":"purchasable","16":"product-type-simple"},"acf":[],"aioseo_notices":[],"_links":{"self":[{"href":"https:\/\/www.diukoptyk.pl\/pl\/wp-json\/wp\/v2\/product\/1272","targetHints":{"allow":["GET"]}}],"collection":[{"href":"https:\/\/www.diukoptyk.pl\/pl\/wp-json\/wp\/v2\/product"}],"about":[{"href":"https:\/\/www.diukoptyk.pl\/pl\/wp-json\/wp\/v2\/types\/product"}],"version-history":[{"count":1,"href":"https:\/\/www.diukoptyk.pl\/pl\/wp-json\/wp\/v2\/product\/1272\/revisions"}],"predecessor-version":[{"id":4540,"href":"https:\/\/www.diukoptyk.pl\/pl\/wp-json\/wp\/v2\/product\/1272\/revisions\/4540"}],"wp:featuredmedia":[{"embeddable":true,"href":"https:\/\/www.diukoptyk.pl\/pl\/wp-json\/wp\/v2\/media\/1783"}],"wp:attachment":[{"href":"https:\/\/www.diukoptyk.pl\/pl\/wp-json\/wp\/v2\/media?parent=1272"}],"wp:term":[{"taxonomy":"product_brand","embeddable":true,"href":"https:\/\/www.diukoptyk.pl\/pl\/wp-json\/wp\/v2\/product_brand?post=1272"},{"taxonomy":"product_cat","embeddable":true,"href":"https:\/\/www.diukoptyk.pl\/pl\/wp-json\/wp\/v2\/product_cat?post=1272"},{"taxonomy":"product_tag","embeddable":true,"href":"https:\/\/www.diukoptyk.pl\/pl\/wp-json\/wp\/v2\/product_tag?post=1272"},{"taxonomy":"model","embeddable":true,"href":"https:\/\/www.diukoptyk.pl\/pl\/wp-json\/wp\/v2\/model?post=1272"}],"curies":[{"name":"wp","href":"https:\/\/api.w.org\/{rel}","templated":true}]}}