{"id":1267,"date":"2025-09-15T18:44:57","date_gmt":"2025-09-15T16:44:57","guid":{"rendered":"https:\/\/duke2.unixstorm.eu\/produkt\/jacques-marie-mage-dealan-argyle\/"},"modified":"2026-03-05T17:26:47","modified_gmt":"2026-03-05T16:26:47","slug":"jacques-marie-mage-dealan-argyle","status":"publish","type":"product","link":"https:\/\/www.diukoptyk.pl\/pl\/produkt\/jacques-marie-mage-dealan-argyle\/","title":{"rendered":"Jacques Marie Mage DEALAN | ARGYLE"},"content":{"rendered":"<p><strong data-start=\"901\" data-end=\"914\">Dla kogo?<\/strong><br data-start=\"914\" data-end=\"917\" \/><strong data-start=\"917\" data-end=\"955\">Jacques Marie Mage Dealan | Argyle<\/strong> to ponadczasowa ikona, kt\u00f3ra przekracza granice mody.<\/p>\n<p>Odwa\u017cna, stylowa i pe\u0142na charakteru \u2014 powsta\u0142a dla os\u00f3b, kt\u00f3re nie boj\u0105 si\u0119 wyra\u017ca\u0107 siebie i postrzegaj\u0105 okulary jako cz\u0119\u015b\u0107 swojej osobistej legendy.<\/p>\n<p>R\u0119czna produkcja w Japonii<\/p>\n<p>Limitowana seria 450 sztuk na ca\u0142ym \u015bwiecie.<\/p>\n","protected":false},"excerpt":{"rendered":"<h3 data-start=\"122\" data-end=\"168\">Jacques Marie Mage \u2013 <strong data-start=\"147\" data-end=\"166\">Dealan | Argyle<\/strong><\/h3>\n<p data-start=\"170\" data-end=\"479\"><strong data-start=\"170\" data-end=\"217\">Ikona stylu, od kt\u00f3rej wszystko si\u0119 zacz\u0119\u0142o<\/strong><br data-start=\"217\" data-end=\"220\" \/>Model <strong data-start=\"226\" data-end=\"236\">Dealan<\/strong> to najbardziej rozpoznawalny projekt Jacques Marie Mage \u2014 symbol artystycznej niezale\u017cno\u015bci i wyrafinowanego stylu. Stworzony po raz pierwszy w sezonie <strong data-start=\"389\" data-end=\"404\">Wiosna 2015<\/strong>, inspirowany jest nieod\u0142\u0105czn\u0105 relacj\u0105 pomi\u0119dzy artyst\u0105 a jego okularami.<\/p>\n<p data-start=\"481\" data-end=\"502\"><strong data-start=\"481\" data-end=\"500\">Detale i design<\/strong><\/p>\n<ul data-start=\"503\" data-end=\"899\">\n<li data-start=\"503\" data-end=\"590\">\n<p data-start=\"505\" data-end=\"590\">Sylwetka inspirowana latami 60., \u0142\u0105cz\u0105ca mocne obj\u0119to\u015bci i eleganckie, p\u0142ynne linie<\/p>\n<\/li>\n<li data-start=\"591\" data-end=\"652\">\n<p data-start=\"593\" data-end=\"652\">Charakterystyczne metalowe detale \u2013 znak rozpoznawczy JMM<\/p>\n<\/li>\n<li data-start=\"653\" data-end=\"747\">\n<p data-start=\"655\" data-end=\"747\">R\u0119czne wykonanie z najwy\u017cszej jako\u015bci acetatu, gwarantuj\u0105ce trwa\u0142o\u015b\u0107 i idealne dopasowanie<\/p>\n<\/li>\n<li data-start=\"748\" data-end=\"847\">\n<p data-start=\"750\" data-end=\"847\">Kszta\u0142t stworzony z my\u015bl\u0105 o charyzmatycznych indywidualistach, kt\u00f3rzy ceni\u0105 ponadczasowy design<\/p>\n<\/li>\n<li data-start=\"848\" data-end=\"899\">\n<p data-start=\"850\" data-end=\"899\">Wyrafinowany balans pomi\u0119dzy odwag\u0105 a elegancj\u0105<\/p>\n<\/li>\n<\/ul>\n","protected":false},"featured_media":1792,"template":"","meta":{"_acf_changed":false,"_joinchat":[]},"product_brand":[82],"product_cat":[32,37,30,35],"product_tag":[231],"model":[374],"class_list":{"0":"post-1267","1":"product","2":"type-product","3":"status-publish","4":"has-post-thumbnail","6":"product_brand-jacques-marie-mage","7":"product_cat-damskie","8":"product_cat-meskie","9":"product_cat-okulary-przeciwsloneczne","10":"product_cat-unisex","11":"product_tag-jmmde13v","12":"model-dealan","14":"first","15":"outofstock","16":"shipping-taxable","17":"purchasable","18":"product-type-simple"},"acf":[],"aioseo_notices":[],"_links":{"self":[{"href":"https:\/\/www.diukoptyk.pl\/pl\/wp-json\/wp\/v2\/product\/1267","targetHints":{"allow":["GET"]}}],"collection":[{"href":"https:\/\/www.diukoptyk.pl\/pl\/wp-json\/wp\/v2\/product"}],"about":[{"href":"https:\/\/www.diukoptyk.pl\/pl\/wp-json\/wp\/v2\/types\/product"}],"version-history":[{"count":1,"href":"https:\/\/www.diukoptyk.pl\/pl\/wp-json\/wp\/v2\/product\/1267\/revisions"}],"predecessor-version":[{"id":4478,"href":"https:\/\/www.diukoptyk.pl\/pl\/wp-json\/wp\/v2\/product\/1267\/revisions\/4478"}],"wp:featuredmedia":[{"embeddable":true,"href":"https:\/\/www.diukoptyk.pl\/pl\/wp-json\/wp\/v2\/media\/1792"}],"wp:attachment":[{"href":"https:\/\/www.diukoptyk.pl\/pl\/wp-json\/wp\/v2\/media?parent=1267"}],"wp:term":[{"taxonomy":"product_brand","embeddable":true,"href":"https:\/\/www.diukoptyk.pl\/pl\/wp-json\/wp\/v2\/product_brand?post=1267"},{"taxonomy":"product_cat","embeddable":true,"href":"https:\/\/www.diukoptyk.pl\/pl\/wp-json\/wp\/v2\/product_cat?post=1267"},{"taxonomy":"product_tag","embeddable":true,"href":"https:\/\/www.diukoptyk.pl\/pl\/wp-json\/wp\/v2\/product_tag?post=1267"},{"taxonomy":"model","embeddable":true,"href":"https:\/\/www.diukoptyk.pl\/pl\/wp-json\/wp\/v2\/model?post=1267"}],"curies":[{"name":"wp","href":"https:\/\/api.w.org\/{rel}","templated":true}]}}