{"id":1263,"date":"2025-09-15T18:44:10","date_gmt":"2025-09-15T16:44:10","guid":{"rendered":"https:\/\/duke2.unixstorm.eu\/produkt\/jacques-marie-mage-mantua-noir-rx\/"},"modified":"2026-03-05T17:26:34","modified_gmt":"2026-03-05T16:26:34","slug":"jacques-marie-mage-mantua-noir-rx","status":"publish","type":"product","link":"https:\/\/www.diukoptyk.pl\/pl\/produkt\/jacques-marie-mage-mantua-noir-rx\/","title":{"rendered":"Jacques Marie Mage MANTUA | NOIR RX"},"content":{"rendered":"<p><strong data-start=\"1104\" data-end=\"1117\">Dla kogo?<\/strong><br data-start=\"1117\" data-end=\"1120\" \/><strong data-start=\"1120\" data-end=\"1154\">Jacques Marie Mage Mantua Noir<\/strong> to model dla mi\u0142o\u015bnik\u00f3w klasyki, kt\u00f3rzy w prostocie odnajduj\u0105 si\u0142\u0119.<\/p>\n<p>Subtelny, elegancki i niezwykle dopracowany \u2014 idealny dla tych, kt\u00f3rzy pragn\u0105 wyrazi\u0107 sw\u00f3j styl w spos\u00f3b wyrafinowany, lecz niewymuszony.<\/p>\n","protected":false},"excerpt":{"rendered":"<h3 data-start=\"127\" data-end=\"169\">Jacques Marie Mage \u2013 <strong data-start=\"152\" data-end=\"167\">Mantua Noir<\/strong><\/h3>\n<p data-start=\"171\" data-end=\"514\"><strong data-start=\"171\" data-end=\"217\">Ponadczasowa elegancja w czerni absolutnej<\/strong><br data-start=\"217\" data-end=\"220\" \/>Model <strong data-start=\"226\" data-end=\"241\">Mantua Noir<\/strong> to wyrafinowana interpretacja klasyki, w kt\u00f3rej prostota staje si\u0119 synonimem luksusu. Wykonane r\u0119cznie w limitowanej edycji <strong data-start=\"366\" data-end=\"385\">350 egzemplarzy<\/strong>, te minimalistyczne okulary s\u0105 esencj\u0105 elegancji \u2014 stworzone dla tych, kt\u00f3rzy ceni\u0105 jako\u015b\u0107, dyskrecj\u0119 i perfekcyjne proporcje.<\/p>\n<p data-start=\"516\" data-end=\"537\"><strong data-start=\"516\" data-end=\"535\">Detale i design<\/strong><\/p>\n<ul data-start=\"538\" data-end=\"1102\">\n<li data-start=\"538\" data-end=\"626\">\n<p data-start=\"540\" data-end=\"626\">Rama: czarna, 10-milimetrowa z utwardzonego acetatu celulozowego w odcieniu <strong data-start=\"616\" data-end=\"624\">Noir<\/strong><\/p>\n<\/li>\n<li data-start=\"627\" data-end=\"710\">\n<p data-start=\"629\" data-end=\"710\">Zauszniki: podw\u00f3jnie laminowany acetat z metalowymi elementami w kolorze srebra<\/p>\n<\/li>\n<li data-start=\"711\" data-end=\"826\">\n<p data-start=\"713\" data-end=\"826\">Soczewki: \u00a0w wersji demo przy oprawie optycznej<\/p>\n<\/li>\n<li data-start=\"827\" data-end=\"938\">\n<p data-start=\"829\" data-end=\"938\">Elementy metalowe: srebrne nity w kszta\u0142cie strza\u0142y oraz wewn\u0119trzny rdze\u0144 z precyzyjnym grawerem <em data-start=\"926\" data-end=\"936\">hairline<\/em><\/p>\n<\/li>\n<li data-start=\"939\" data-end=\"1027\">\n<p data-start=\"941\" data-end=\"1027\">Zawiasy: srebrne, pi\u0119ciopr\u0119towe, napi\u0119ciowe \u2014 zapewniaj\u0105ce trwa\u0142o\u015b\u0107 i p\u0142ynno\u015b\u0107 ruchu<\/p>\n<\/li>\n<li data-start=\"1028\" data-end=\"1102\">\n<p data-start=\"1030\" data-end=\"1102\">Limitowana edycja: <strong data-start=\"1049\" data-end=\"1062\">500 sztuk<\/strong> \u2013 ka\u017cdy egzemplarz r\u0119cznie numerowany<\/p>\n<\/li>\n<\/ul>\n","protected":false},"featured_media":1261,"template":"","meta":{"_acf_changed":false,"_joinchat":[]},"product_brand":[82],"product_cat":[32,51,35],"product_tag":[228],"model":[388],"class_list":{"0":"post-1263","1":"product","2":"type-product","3":"status-publish","4":"has-post-thumbnail","6":"product_brand-jacques-marie-mage","7":"product_cat-damskie","8":"product_cat-okulary-korekcyjne","9":"product_cat-unisex","10":"product_tag-jmmmt01","11":"model-mantua","13":"first","14":"instock","15":"shipping-taxable","16":"purchasable","17":"product-type-simple"},"acf":[],"aioseo_notices":[],"_links":{"self":[{"href":"https:\/\/www.diukoptyk.pl\/pl\/wp-json\/wp\/v2\/product\/1263","targetHints":{"allow":["GET"]}}],"collection":[{"href":"https:\/\/www.diukoptyk.pl\/pl\/wp-json\/wp\/v2\/product"}],"about":[{"href":"https:\/\/www.diukoptyk.pl\/pl\/wp-json\/wp\/v2\/types\/product"}],"version-history":[{"count":1,"href":"https:\/\/www.diukoptyk.pl\/pl\/wp-json\/wp\/v2\/product\/1263\/revisions"}],"predecessor-version":[{"id":4518,"href":"https:\/\/www.diukoptyk.pl\/pl\/wp-json\/wp\/v2\/product\/1263\/revisions\/4518"}],"wp:featuredmedia":[{"embeddable":true,"href":"https:\/\/www.diukoptyk.pl\/pl\/wp-json\/wp\/v2\/media\/1261"}],"wp:attachment":[{"href":"https:\/\/www.diukoptyk.pl\/pl\/wp-json\/wp\/v2\/media?parent=1263"}],"wp:term":[{"taxonomy":"product_brand","embeddable":true,"href":"https:\/\/www.diukoptyk.pl\/pl\/wp-json\/wp\/v2\/product_brand?post=1263"},{"taxonomy":"product_cat","embeddable":true,"href":"https:\/\/www.diukoptyk.pl\/pl\/wp-json\/wp\/v2\/product_cat?post=1263"},{"taxonomy":"product_tag","embeddable":true,"href":"https:\/\/www.diukoptyk.pl\/pl\/wp-json\/wp\/v2\/product_tag?post=1263"},{"taxonomy":"model","embeddable":true,"href":"https:\/\/www.diukoptyk.pl\/pl\/wp-json\/wp\/v2\/model?post=1263"}],"curies":[{"name":"wp","href":"https:\/\/api.w.org\/{rel}","templated":true}]}}