{"id":1235,"date":"2025-09-15T18:38:06","date_gmt":"2025-09-15T16:38:06","guid":{"rendered":"https:\/\/duke2.unixstorm.eu\/produkt\/jacques-marie-mage-hortense-willow-rx\/"},"modified":"2026-03-05T17:24:57","modified_gmt":"2026-03-05T16:24:57","slug":"jacques-marie-mage-hortense-willow-rx","status":"publish","type":"product","link":"https:\/\/www.diukoptyk.pl\/pl\/produkt\/jacques-marie-mage-hortense-willow-rx\/","title":{"rendered":"Jacques Marie Mage HORTENSE | WILLOW RX"},"content":{"rendered":"<p><strong data-start=\"1274\" data-end=\"1287\">Dla kogo?<\/strong><br data-start=\"1287\" data-end=\"1290\" \/><strong data-start=\"1290\" data-end=\"1331\">Jacques Marie Mage Hortense in Willow<\/strong> to oprawa dla kobiet o silnym charakterze i wyrafinowanym gu\u015bcie.<\/p>\n<p>Dla tych, kt\u00f3re czerpi\u0105 inspiracj\u0119 z historii, ale \u017cyj\u0105 w pe\u0142ni wsp\u00f3\u0142czesno\u015bci\u0105 \u2013 eleganckie, artystyczne i niepowtarzalne, niczym bi\u017cuteria, kt\u00f3r\u0105 si\u0119 nosi na co dzie\u0144.<\/p>\n","protected":false},"excerpt":{"rendered":"<h3 data-start=\"210\" data-end=\"259\">Jacques Marie Mage \u2013 <strong data-start=\"235\" data-end=\"257\">Hortense in Willow<\/strong><\/h3>\n<p data-start=\"261\" data-end=\"713\"><strong data-start=\"261\" data-end=\"307\">Klasyczna elegancja z kr\u00f3lewskim rodowodem<\/strong><br data-start=\"307\" data-end=\"310\" \/>Model <strong data-start=\"316\" data-end=\"338\">Hortense in Willow<\/strong> to subtelna, klasyczna oprawa o lekkim kocim zarysie, inspirowana sylwetk\u0105 Hortensji Bonaparte \u2013 kr\u00f3lowej Holandii i matki Napoleona III. Te delikatne, kobiece okulary \u0142\u0105cz\u0105 w sobie finezj\u0119 minionych epok z rzemie\u015blnicz\u0105 precyzj\u0105 wsp\u00f3\u0142czesno\u015bci. W limitowanej edycji <strong data-start=\"606\" data-end=\"625\">350 egzemplarzy<\/strong> ka\u017cda para jest ho\u0142dem dla si\u0142y, wdzi\u0119ku i stylu kobiet, kt\u00f3re kszta\u0142towa\u0142y histori\u0119.<\/p>\n<p data-start=\"715\" data-end=\"736\"><strong data-start=\"715\" data-end=\"734\">Detale i design<\/strong><\/p>\n<ul data-start=\"737\" data-end=\"1272\">\n<li data-start=\"737\" data-end=\"815\">\n<p data-start=\"739\" data-end=\"815\">Kszta\u0142t: delikatny <em data-start=\"758\" data-end=\"767\">cat-eye<\/em> o formie <em data-start=\"777\" data-end=\"784\">Panto<\/em>, idealnie wywa\u017cony i kobiecy<\/p>\n<\/li>\n<li data-start=\"816\" data-end=\"929\">\n<p data-start=\"818\" data-end=\"929\">Rama: wykonana z utwardzonego acetatu celulozowego w odcieniu <strong data-start=\"880\" data-end=\"890\">Willow<\/strong> \u2013 subtelna ziele\u0144 z naturaln\u0105 g\u0142\u0119bi\u0105<\/p>\n<\/li>\n<li data-start=\"930\" data-end=\"1059\">\n<p data-start=\"932\" data-end=\"1059\">Detale: charakterystyczne dla JMM metalowe nity w kszta\u0142cie strza\u0142y (<em data-start=\"1001\" data-end=\"1023\">arrowhead front pins<\/em>) i nity typu <em data-start=\"1037\" data-end=\"1057\">spur-shaped rivets<\/em><\/p>\n<\/li>\n<li data-start=\"1060\" data-end=\"1114\">\n<p data-start=\"1062\" data-end=\"1114\">Rdze\u0144: klasyczny <em data-start=\"1079\" data-end=\"1089\">wirecore<\/em> z precyzyjnym grawerem<\/p>\n<\/li>\n<li data-start=\"1115\" data-end=\"1186\">\n<p data-start=\"1117\" data-end=\"1186\">Dopasowanie: mniejszy rozmiar \u2013 idealny dla subtelnych rys\u00f3w twarzy<\/p>\n<\/li>\n<li data-start=\"1187\" data-end=\"1272\">\n<p data-start=\"1189\" data-end=\"1272\">Limitowana edycja: <strong data-start=\"1208\" data-end=\"1221\">350 sztuk<\/strong>, wykonanych r\u0119cznie z dba\u0142o\u015bci\u0105 o ka\u017cdy szczeg\u00f3\u0142<\/p>\n<\/li>\n<\/ul>\n","protected":false},"featured_media":1233,"template":"","meta":{"_acf_changed":false,"_joinchat":[]},"product_brand":[82],"product_cat":[32,51],"product_tag":[212],"model":[],"class_list":{"0":"post-1235","1":"product","2":"type-product","3":"status-publish","4":"has-post-thumbnail","6":"product_brand-jacques-marie-mage","7":"product_cat-damskie","8":"product_cat-okulary-korekcyjne","9":"product_tag-jmmhq18k","11":"first","12":"outofstock","13":"shipping-taxable","14":"purchasable","15":"product-type-simple"},"acf":[],"aioseo_notices":[],"_links":{"self":[{"href":"https:\/\/www.diukoptyk.pl\/pl\/wp-json\/wp\/v2\/product\/1235","targetHints":{"allow":["GET"]}}],"collection":[{"href":"https:\/\/www.diukoptyk.pl\/pl\/wp-json\/wp\/v2\/product"}],"about":[{"href":"https:\/\/www.diukoptyk.pl\/pl\/wp-json\/wp\/v2\/types\/product"}],"version-history":[{"count":1,"href":"https:\/\/www.diukoptyk.pl\/pl\/wp-json\/wp\/v2\/product\/1235\/revisions"}],"predecessor-version":[{"id":5202,"href":"https:\/\/www.diukoptyk.pl\/pl\/wp-json\/wp\/v2\/product\/1235\/revisions\/5202"}],"wp:featuredmedia":[{"embeddable":true,"href":"https:\/\/www.diukoptyk.pl\/pl\/wp-json\/wp\/v2\/media\/1233"}],"wp:attachment":[{"href":"https:\/\/www.diukoptyk.pl\/pl\/wp-json\/wp\/v2\/media?parent=1235"}],"wp:term":[{"taxonomy":"product_brand","embeddable":true,"href":"https:\/\/www.diukoptyk.pl\/pl\/wp-json\/wp\/v2\/product_brand?post=1235"},{"taxonomy":"product_cat","embeddable":true,"href":"https:\/\/www.diukoptyk.pl\/pl\/wp-json\/wp\/v2\/product_cat?post=1235"},{"taxonomy":"product_tag","embeddable":true,"href":"https:\/\/www.diukoptyk.pl\/pl\/wp-json\/wp\/v2\/product_tag?post=1235"},{"taxonomy":"model","embeddable":true,"href":"https:\/\/www.diukoptyk.pl\/pl\/wp-json\/wp\/v2\/model?post=1235"}],"curies":[{"name":"wp","href":"https:\/\/api.w.org\/{rel}","templated":true}]}}