{"id":1206,"date":"2025-09-15T18:32:22","date_gmt":"2025-09-15T16:32:22","guid":{"rendered":"https:\/\/duke2.unixstorm.eu\/produkt\/jacques-marie-mage-vasco-antique-silver-rx\/"},"modified":"2026-03-05T17:23:42","modified_gmt":"2026-03-05T16:23:42","slug":"jacques-marie-mage-vasco-antique-silver-rx","status":"publish","type":"product","link":"https:\/\/www.diukoptyk.pl\/pl\/produkt\/jacques-marie-mage-vasco-antique-silver-rx\/","title":{"rendered":"Jacques Marie Mage VASCO | ANTIQUE SILVER RX"},"content":{"rendered":"<p><strong data-start=\"1039\" data-end=\"1052\">Dla kogo?<\/strong><br data-start=\"1052\" data-end=\"1055\" \/><strong data-start=\"1055\" data-end=\"1086\">Jacques Marie Mage Vasco RX<\/strong> to model dla os\u00f3b o silnym poczuciu stylu i klasy.<\/p>\n<p>\u0141\u0105czy w sobie ducha vintage z nowoczesnym luksusem \u2013 idealny wyb\u00f3r dla tych, kt\u00f3rzy ceni\u0105 precyzj\u0119, architektoniczn\u0105 form\u0119 i ponadczasow\u0105 elegancj\u0119.<\/p>\n","protected":false},"excerpt":{"rendered":"<h3 data-start=\"155\" data-end=\"194\">Jacques Marie Mage \u2013 <strong data-start=\"180\" data-end=\"192\">Vasco RX<\/strong><\/h3>\n<p data-start=\"196\" data-end=\"570\"><strong data-start=\"196\" data-end=\"238\">Klasyka z lat 50. w nowoczesnej formie<\/strong><br data-start=\"238\" data-end=\"241\" \/>Model <strong data-start=\"247\" data-end=\"259\">Vasco RX<\/strong> to wyraziste oprawy optyczne inspirowane stylem lat 50., o charakterystycznym kszta\u0142cie <strong data-start=\"348\" data-end=\"362\">Wellington<\/strong>. Ich rze\u017abiarska forma i dopracowane detale sprawiaj\u0105, \u017ce s\u0105 jednocze\u015bnie eleganckie i pe\u0142ne ekspresji \u2013 idealne dla os\u00f3b, kt\u00f3re traktuj\u0105 okulary jak element to\u017csamo\u015bci, a nie jedynie funkcjonalny dodatek.<\/p>\n<p data-start=\"572\" data-end=\"593\"><strong data-start=\"572\" data-end=\"591\">Detale i design<\/strong><\/p>\n<ul data-start=\"594\" data-end=\"1037\">\n<li data-start=\"594\" data-end=\"674\">\n<p data-start=\"596\" data-end=\"674\">Kszta\u0142t: inspirowany latami 50., o mocnym, wywa\u017conym profilu typu Wellington<\/p>\n<\/li>\n<li data-start=\"675\" data-end=\"746\">\n<p data-start=\"677\" data-end=\"746\">Konstrukcja: po\u0142\u0105czenie tytanu i acetatu \u2013 lekka, a zarazem solidna<\/p>\n<\/li>\n<li data-start=\"747\" data-end=\"827\">\n<p data-start=\"749\" data-end=\"827\">Zauszniki: z ods\u0142oni\u0119tym drutem rdzeniowym, grawerowane w stylu <strong data-start=\"813\" data-end=\"825\">Art D\u00e9co<\/strong><\/p>\n<\/li>\n<li data-start=\"828\" data-end=\"934\">\n<p data-start=\"830\" data-end=\"934\">Detale: rze\u017abiarskie wyci\u0119cia, subtelne zdobienia typu <em data-start=\"885\" data-end=\"895\">hairline<\/em> oraz ko\u0144c\u00f3wki z laminowanego acetatu<\/p>\n<\/li>\n<li data-start=\"962\" data-end=\"1037\">\n<p data-start=\"964\" data-end=\"1037\">Soczewki: <strong data-start=\"974\" data-end=\"989\">demo lenses<\/strong> \u2013 przygotowane do monta\u017cu szkie\u0142 korekcyjnych<\/p>\n<\/li>\n<\/ul>\n","protected":false},"featured_media":1826,"template":"","meta":{"_acf_changed":false,"_joinchat":[]},"product_brand":[82],"product_cat":[37,51,35],"product_tag":[194],"model":[],"class_list":{"0":"post-1206","1":"product","2":"type-product","3":"status-publish","4":"has-post-thumbnail","6":"product_brand-jacques-marie-mage","7":"product_cat-meskie","8":"product_cat-okulary-korekcyjne","9":"product_cat-unisex","10":"product_tag-jmmvs7q","12":"first","13":"outofstock","14":"shipping-taxable","15":"purchasable","16":"product-type-simple"},"acf":[],"aioseo_notices":[],"_links":{"self":[{"href":"https:\/\/www.diukoptyk.pl\/pl\/wp-json\/wp\/v2\/product\/1206","targetHints":{"allow":["GET"]}}],"collection":[{"href":"https:\/\/www.diukoptyk.pl\/pl\/wp-json\/wp\/v2\/product"}],"about":[{"href":"https:\/\/www.diukoptyk.pl\/pl\/wp-json\/wp\/v2\/types\/product"}],"version-history":[{"count":1,"href":"https:\/\/www.diukoptyk.pl\/pl\/wp-json\/wp\/v2\/product\/1206\/revisions"}],"predecessor-version":[{"id":5059,"href":"https:\/\/www.diukoptyk.pl\/pl\/wp-json\/wp\/v2\/product\/1206\/revisions\/5059"}],"wp:featuredmedia":[{"embeddable":true,"href":"https:\/\/www.diukoptyk.pl\/pl\/wp-json\/wp\/v2\/media\/1826"}],"wp:attachment":[{"href":"https:\/\/www.diukoptyk.pl\/pl\/wp-json\/wp\/v2\/media?parent=1206"}],"wp:term":[{"taxonomy":"product_brand","embeddable":true,"href":"https:\/\/www.diukoptyk.pl\/pl\/wp-json\/wp\/v2\/product_brand?post=1206"},{"taxonomy":"product_cat","embeddable":true,"href":"https:\/\/www.diukoptyk.pl\/pl\/wp-json\/wp\/v2\/product_cat?post=1206"},{"taxonomy":"product_tag","embeddable":true,"href":"https:\/\/www.diukoptyk.pl\/pl\/wp-json\/wp\/v2\/product_tag?post=1206"},{"taxonomy":"model","embeddable":true,"href":"https:\/\/www.diukoptyk.pl\/pl\/wp-json\/wp\/v2\/model?post=1206"}],"curies":[{"name":"wp","href":"https:\/\/api.w.org\/{rel}","templated":true}]}}