{"id":1182,"date":"2025-09-15T18:27:43","date_gmt":"2025-09-15T16:27:43","guid":{"rendered":"https:\/\/duke2.unixstorm.eu\/produkt\/jacques-marie-mage-atkins-altan\/"},"modified":"2026-03-05T17:22:20","modified_gmt":"2026-03-05T16:22:20","slug":"jacques-marie-mage-atkins-altan","status":"publish","type":"product","link":"https:\/\/www.diukoptyk.pl\/pl\/produkt\/jacques-marie-mage-atkins-altan\/","title":{"rendered":"Jacques Marie Mage ATKINS | ALTAN"},"content":{"rendered":"<p data-start=\"1107\" data-end=\"1380\"><strong data-start=\"1107\" data-end=\"1120\">Dla kogo?<\/strong><br data-start=\"1120\" data-end=\"1123\" \/><strong data-start=\"1123\" data-end=\"1161\">Jacques Marie Mage Atkins in Altan<\/strong> to propozycja dla tych, kt\u00f3rzy chc\u0105, by ich styl m\u00f3wi\u0142 sam za siebie \u2014 z klas\u0105, pewno\u015bci\u0105 i spokojn\u0105 si\u0142\u0105.<\/p>\n<p data-start=\"1107\" data-end=\"1380\">To okulary, kt\u00f3re \u0142\u0105cz\u0105 charakter i kultur\u0119, balansuj\u0105c mi\u0119dzy elegancj\u0105 a wsp\u00f3\u0142czesnym duchem niezale\u017cno\u015bci.<\/p>\n","protected":false},"excerpt":{"rendered":"<h3 data-start=\"151\" data-end=\"197\">Jacques Marie Mage \u2013 <strong data-start=\"176\" data-end=\"195\">Atkins in Altan<\/strong><\/h3>\n<p data-start=\"199\" data-end=\"573\"><strong data-start=\"199\" data-end=\"248\">Nowoczesna si\u0142a i klasyka w jednym spojrzeniu<\/strong><br data-start=\"248\" data-end=\"251\" \/>Model <strong data-start=\"257\" data-end=\"276\">Atkins in Altan<\/strong> to wyrafinowana oprawa o subtelnie kanciastym kszta\u0142cie soczewek, wykonana w limitowanej edycji <strong data-start=\"373\" data-end=\"392\">500 egzemplarzy<\/strong>. \u0141\u0105czy w sobie techniczn\u0105 precyzj\u0119, artystyczne rzemios\u0142o i wyj\u0105tkowe wyczucie proporcji \u2014 stworzona dla indywidualist\u00f3w, kt\u00f3rzy ceni\u0105 luksus w dyskretnym, inteligentnym wydaniu.<\/p>\n<p data-start=\"575\" data-end=\"596\"><strong data-start=\"575\" data-end=\"594\">Detale i design<\/strong><\/p>\n<ul data-start=\"597\" data-end=\"1105\">\n<li data-start=\"597\" data-end=\"704\">\n<p data-start=\"599\" data-end=\"704\">Rama: 10-milimetrowa z utwardzonego acetatu celulozowego w odcieniu <strong data-start=\"667\" data-end=\"676\">Altan<\/strong> \u2013 elegancka i pe\u0142na g\u0142\u0119bi<\/p>\n<\/li>\n<li data-start=\"705\" data-end=\"815\">\n<p data-start=\"707\" data-end=\"815\">Zauszniki: \u017c\u0142obione profile z charakterystycznymi zako\u0144czeniami <em data-start=\"771\" data-end=\"780\">tailfin<\/em>, nadaj\u0105cymi dynamiki i obj\u0119to\u015bci<\/p>\n<\/li>\n<li data-start=\"816\" data-end=\"920\">\n<p data-start=\"818\" data-end=\"920\">Konstrukcja: po\u0142\u0105czenie technicznej doskona\u0142o\u015bci i r\u0119cznego rzemios\u0142a, typowe dla Jacques Marie Mage<\/p>\n<\/li>\n<li data-start=\"921\" data-end=\"1004\">\n<p data-start=\"923\" data-end=\"1004\">Wyko\u0144czenie: perfekcyjna harmonia mi\u0119dzy ostr\u0105 lini\u0105 a subteln\u0105 krzywizn\u0105 formy<\/p>\n<\/li>\n<li data-start=\"1005\" data-end=\"1105\">\n<p data-start=\"1007\" data-end=\"1105\">Limitowana edycja: <strong data-start=\"1026\" data-end=\"1039\">500 sztuk<\/strong> \u2013 ka\u017cdy egzemplarz to unikatowy symbol kunsztu i indywidualizmu<\/p>\n<\/li>\n<\/ul>\n","protected":false},"featured_media":1179,"template":"","meta":{"_acf_changed":false,"_joinchat":[]},"product_brand":[82],"product_cat":[32,37,30,35],"product_tag":[179],"model":[365],"class_list":{"0":"post-1182","1":"product","2":"type-product","3":"status-publish","4":"has-post-thumbnail","6":"product_brand-jacques-marie-mage","7":"product_cat-damskie","8":"product_cat-meskie","9":"product_cat-okulary-przeciwsloneczne","10":"product_cat-unisex","11":"product_tag-jmmtk54","12":"model-atkins","14":"first","15":"instock","16":"shipping-taxable","17":"purchasable","18":"product-type-simple"},"acf":[],"aioseo_notices":[],"_links":{"self":[{"href":"https:\/\/www.diukoptyk.pl\/pl\/wp-json\/wp\/v2\/product\/1182","targetHints":{"allow":["GET"]}}],"collection":[{"href":"https:\/\/www.diukoptyk.pl\/pl\/wp-json\/wp\/v2\/product"}],"about":[{"href":"https:\/\/www.diukoptyk.pl\/pl\/wp-json\/wp\/v2\/types\/product"}],"version-history":[{"count":1,"href":"https:\/\/www.diukoptyk.pl\/pl\/wp-json\/wp\/v2\/product\/1182\/revisions"}],"predecessor-version":[{"id":4456,"href":"https:\/\/www.diukoptyk.pl\/pl\/wp-json\/wp\/v2\/product\/1182\/revisions\/4456"}],"wp:featuredmedia":[{"embeddable":true,"href":"https:\/\/www.diukoptyk.pl\/pl\/wp-json\/wp\/v2\/media\/1179"}],"wp:attachment":[{"href":"https:\/\/www.diukoptyk.pl\/pl\/wp-json\/wp\/v2\/media?parent=1182"}],"wp:term":[{"taxonomy":"product_brand","embeddable":true,"href":"https:\/\/www.diukoptyk.pl\/pl\/wp-json\/wp\/v2\/product_brand?post=1182"},{"taxonomy":"product_cat","embeddable":true,"href":"https:\/\/www.diukoptyk.pl\/pl\/wp-json\/wp\/v2\/product_cat?post=1182"},{"taxonomy":"product_tag","embeddable":true,"href":"https:\/\/www.diukoptyk.pl\/pl\/wp-json\/wp\/v2\/product_tag?post=1182"},{"taxonomy":"model","embeddable":true,"href":"https:\/\/www.diukoptyk.pl\/pl\/wp-json\/wp\/v2\/model?post=1182"}],"curies":[{"name":"wp","href":"https:\/\/api.w.org\/{rel}","templated":true}]}}