{"id":1177,"date":"2025-09-15T18:26:04","date_gmt":"2025-09-15T16:26:04","guid":{"rendered":"https:\/\/duke2.unixstorm.eu\/produkt\/jacques-marie-mage-varda-ebony__trashed\/"},"modified":"2026-03-05T17:21:59","modified_gmt":"2026-03-05T16:21:59","slug":"jacques-marie-mage-varda-ebony","status":"publish","type":"product","link":"https:\/\/www.diukoptyk.pl\/pl\/produkt\/jacques-marie-mage-varda-ebony\/","title":{"rendered":"Jacques Marie Mage VARDA | EBONY"},"content":{"rendered":"<p><strong data-start=\"1161\" data-end=\"1174\">Dla kogo?<\/strong><br data-start=\"1174\" data-end=\"1177\" \/><strong data-start=\"1177\" data-end=\"1214\">Jacques Marie Mage Varda in Ebony<\/strong> to oprawa dla os\u00f3b, kt\u00f3re odwa\u017cnie przekraczaj\u0105 granice konwencji.<\/p>\n<p>Stworzona z my\u015bl\u0105 o mi\u0142o\u015bnikach designu i sztuki, \u0142\u0105czy finezj\u0119 tytanu z ekspresyjn\u0105 si\u0142\u0105 koloru i formy \u2013 manifest indywidualizmu w najczystszej postaci.<\/p>\n","protected":false},"excerpt":{"rendered":"<h3 data-start=\"146\" data-end=\"191\">Jacques Marie Mage \u2013 <strong data-start=\"171\" data-end=\"189\">Varda in Ebony<\/strong><\/h3>\n<p data-start=\"193\" data-end=\"573\"><strong data-start=\"193\" data-end=\"226\">Po\u0142\u0105czenie sztuki i intelektu<\/strong><br data-start=\"226\" data-end=\"229\" \/>Model <strong data-start=\"235\" data-end=\"253\">Varda in Ebony<\/strong> to limitowana edycja \u2013 jedynie <strong data-start=\"285\" data-end=\"304\">500 egzemplarzy<\/strong> \u2013 w kt\u00f3rej klasyczna forma spotyka si\u0119 z awangardowym duchem. Te owalne, tytanowe oprawy o wyj\u0105tkowo dopracowanych detalach to wyraz intelektualnej elegancji i zmys\u0142owej precyzji, stworzone dla tych, kt\u00f3rzy widz\u0105 w okularach nie tylko funkcj\u0119, ale i filozofi\u0119 stylu.<\/p>\n<p data-start=\"575\" data-end=\"596\"><strong data-start=\"575\" data-end=\"594\">Detale i design<\/strong><\/p>\n<ul data-start=\"597\" data-end=\"1159\">\n<li data-start=\"597\" data-end=\"676\">\n<p data-start=\"599\" data-end=\"676\">Konstrukcja: rama z tytanu w wyko\u0144czeniu <strong data-start=\"640\" data-end=\"653\">Moon Gold<\/strong> (100% beta titanium)<\/p>\n<\/li>\n<li data-start=\"677\" data-end=\"760\">\n<p data-start=\"679\" data-end=\"760\">Wstawki: 8-milimetrowe pier\u015bcienie wok\u00f3\u0142 soczewek z czarnego acetatu <em data-start=\"748\" data-end=\"758\">Burlwood<\/em><\/p>\n<\/li>\n<li data-start=\"761\" data-end=\"852\">\n<p data-start=\"763\" data-end=\"852\">Mostek: podw\u00f3jny, bramkowy (<em data-start=\"791\" data-end=\"812\">gated double-bridge<\/em>) \u2013 lekki, architektoniczny, wyj\u0105tkowy<\/p>\n<\/li>\n<li data-start=\"853\" data-end=\"977\">\n<p data-start=\"855\" data-end=\"977\">Zauszniki: precyzyjnie grawerowane w detal typu <em data-start=\"903\" data-end=\"913\">hairline<\/em>, zako\u0144czone r\u0119cznie malowanymi akcentami z \u017cywicy epoksydowej<\/p>\n<\/li>\n<li data-start=\"978\" data-end=\"1061\">\n<p data-start=\"980\" data-end=\"1061\">Soczewki: fioletowe, z pe\u0142n\u0105 ochron\u0105 UV, dodaj\u0105ce modelowi artystycznego wyrazu<\/p>\n<\/li>\n<li data-start=\"1062\" data-end=\"1159\">\n<p data-start=\"1064\" data-end=\"1159\">Limitowana edycja: <strong data-start=\"1083\" data-end=\"1096\">500 sztuk<\/strong> \u2013 ka\u017cdy egzemplarz to efekt r\u0119cznej pracy mistrz\u00f3w rzemios\u0142a<\/p>\n<\/li>\n<\/ul>\n","protected":false},"featured_media":1844,"template":"","meta":{"_acf_changed":false,"_joinchat":[]},"product_brand":[82],"product_cat":[32,37,30,35],"product_tag":[178],"model":[407],"class_list":{"0":"post-1177","1":"product","2":"type-product","3":"status-publish","4":"has-post-thumbnail","6":"product_brand-jacques-marie-mage","7":"product_cat-damskie","8":"product_cat-meskie","9":"product_cat-okulary-przeciwsloneczne","10":"product_cat-unisex","11":"product_tag-jmmvd14u","12":"model-varda","14":"first","15":"instock","16":"shipping-taxable","17":"purchasable","18":"product-type-simple"},"acf":[],"aioseo_notices":[],"_links":{"self":[{"href":"https:\/\/www.diukoptyk.pl\/pl\/wp-json\/wp\/v2\/product\/1177","targetHints":{"allow":["GET"]}}],"collection":[{"href":"https:\/\/www.diukoptyk.pl\/pl\/wp-json\/wp\/v2\/product"}],"about":[{"href":"https:\/\/www.diukoptyk.pl\/pl\/wp-json\/wp\/v2\/types\/product"}],"version-history":[{"count":1,"href":"https:\/\/www.diukoptyk.pl\/pl\/wp-json\/wp\/v2\/product\/1177\/revisions"}],"predecessor-version":[{"id":4574,"href":"https:\/\/www.diukoptyk.pl\/pl\/wp-json\/wp\/v2\/product\/1177\/revisions\/4574"}],"wp:featuredmedia":[{"embeddable":true,"href":"https:\/\/www.diukoptyk.pl\/pl\/wp-json\/wp\/v2\/media\/1844"}],"wp:attachment":[{"href":"https:\/\/www.diukoptyk.pl\/pl\/wp-json\/wp\/v2\/media?parent=1177"}],"wp:term":[{"taxonomy":"product_brand","embeddable":true,"href":"https:\/\/www.diukoptyk.pl\/pl\/wp-json\/wp\/v2\/product_brand?post=1177"},{"taxonomy":"product_cat","embeddable":true,"href":"https:\/\/www.diukoptyk.pl\/pl\/wp-json\/wp\/v2\/product_cat?post=1177"},{"taxonomy":"product_tag","embeddable":true,"href":"https:\/\/www.diukoptyk.pl\/pl\/wp-json\/wp\/v2\/product_tag?post=1177"},{"taxonomy":"model","embeddable":true,"href":"https:\/\/www.diukoptyk.pl\/pl\/wp-json\/wp\/v2\/model?post=1177"}],"curies":[{"name":"wp","href":"https:\/\/api.w.org\/{rel}","templated":true}]}}