{"id":1167,"date":"2025-09-15T18:22:50","date_gmt":"2025-09-15T16:22:50","guid":{"rendered":"https:\/\/duke2.unixstorm.eu\/produkt\/jacques-marie-mage-harlo-porter\/"},"modified":"2026-03-05T17:21:31","modified_gmt":"2026-03-05T16:21:31","slug":"jacques-marie-mage-harlo-porter","status":"publish","type":"product","link":"https:\/\/www.diukoptyk.pl\/pl\/produkt\/jacques-marie-mage-harlo-porter\/","title":{"rendered":"Jacques Marie Mage HARLO | PORTER"},"content":{"rendered":"<p><strong data-start=\"1294\" data-end=\"1307\">Dla kogo?<\/strong><br data-start=\"1307\" data-end=\"1310\" \/><strong data-start=\"1310\" data-end=\"1345\">Jacques Marie Mage Harlo Porter<\/strong> to oprawa dla os\u00f3b, kt\u00f3re ceni\u0105 odwa\u017cny design, ale szukaj\u0105 w nim harmonii i subtelno\u015bci.<\/p>\n<p>Idealne dla mi\u0142o\u015bnik\u00f3w sztuki, mody i architektury \u2013 nowoczesna klasyka, kt\u00f3ra przyci\u0105ga spojrzenia, nie trac\u0105c nic z elegancji.<\/p>\n<p>Limitowana seria 300 sztuk na ca\u0142ym \u015bwiecie.<\/p>\n","protected":false},"excerpt":{"rendered":"<h3 data-start=\"158\" data-end=\"201\">Jacques Marie Mage \u2013 <strong data-start=\"183\" data-end=\"199\">Harlo Porter<\/strong><\/h3>\n<p data-start=\"203\" data-end=\"589\"><strong data-start=\"203\" data-end=\"258\">Futurystyczna elegancja w formie kociego spojrzenia<\/strong><br data-start=\"258\" data-end=\"261\" \/>Model <strong data-start=\"267\" data-end=\"283\">Harlo Porter<\/strong> to nowoczesna reinterpretacja klasycznego kszta\u0142tu <em data-start=\"335\" data-end=\"344\">cat-eye<\/em>, w kt\u00f3rej przesz\u0142o\u015b\u0107 spotyka si\u0119 z przysz\u0142o\u015bci\u0105. Subtelne fazowanie nad lini\u0105 brwi i p\u0142askie, geometryczne zauszniki nadaj\u0105 oprawie wyj\u0105tkowy, architektoniczny charakter. To projekt o silnej osobowo\u015bci, w kt\u00f3rym elegancja zyskuje nowy wymiar.<\/p>\n<p data-start=\"591\" data-end=\"612\"><strong data-start=\"591\" data-end=\"610\">Detale i design<\/strong><\/p>\n<ul data-start=\"613\" data-end=\"1292\">\n<li data-start=\"613\" data-end=\"718\">\n<p data-start=\"615\" data-end=\"718\">Kszta\u0142t: futurystyczny <em data-start=\"638\" data-end=\"647\">cat-eye<\/em>, z wyra\u017anie zaznaczon\u0105 g\u00f3rn\u0105 lini\u0105 i delikatnie poszerzonym konturem<\/p>\n<\/li>\n<li data-start=\"719\" data-end=\"809\">\n<p data-start=\"721\" data-end=\"809\">Materia\u0142: wysokiej jako\u015bci japo\u0144ski acetat celulozowy o doskona\u0142ej trwa\u0142o\u015bci i po\u0142ysku<\/p>\n<\/li>\n<li data-start=\"810\" data-end=\"908\">\n<p data-start=\"812\" data-end=\"908\">Soczewki: 4-base CR39 z pow\u0142ok\u0105 antyrefleksyjn\u0105, zapewniaj\u0105ce przejrzysto\u015b\u0107 i komfort widzenia<\/p>\n<\/li>\n<li data-start=\"909\" data-end=\"1005\">\n<p data-start=\"911\" data-end=\"1005\">Detale: charakterystyczne dla JMM metalowe nity w kszta\u0142cie strza\u0142y (<em data-start=\"980\" data-end=\"1002\">arrowhead front pins<\/em>)<\/p>\n<\/li>\n<li data-start=\"1006\" data-end=\"1208\">\n<p data-start=\"1008\" data-end=\"1070\">Rozmiar: idealne dopasowanie dla \u015brednich i wi\u0119kszych twarzy<\/p>\n<ul data-start=\"1073\" data-end=\"1208\">\n<li data-start=\"1073\" data-end=\"1102\">\n<p data-start=\"1075\" data-end=\"1102\">Szeroko\u015b\u0107 soczewki: 44 mm<\/p>\n<\/li>\n<li data-start=\"1105\" data-end=\"1122\">\n<p data-start=\"1107\" data-end=\"1122\">Mostek: 19 mm<\/p>\n<\/li>\n<li data-start=\"1125\" data-end=\"1154\">\n<p data-start=\"1127\" data-end=\"1154\">D\u0142ugo\u015b\u0107 zausznika: 145 mm<\/p>\n<\/li>\n<li data-start=\"1157\" data-end=\"1208\">\n<p data-start=\"1159\" data-end=\"1208\">Maks. szeroko\u015b\u0107: 140 mm | Maks. wysoko\u015b\u0107: 42 mm<\/p>\n<\/li>\n<\/ul>\n<\/li>\n<li data-start=\"1209\" data-end=\"1292\">\n<p data-start=\"1211\" data-end=\"1292\">Limitowana edycja: z indywidualnym numerem seryjnym wygrawerowanym na zauszniku<\/p>\n<\/li>\n<\/ul>\n","protected":false},"featured_media":1922,"template":"","meta":{"_acf_changed":false,"_joinchat":[]},"product_brand":[82],"product_cat":[32,51,30],"product_tag":[171],"model":[],"class_list":{"0":"post-1167","1":"product","2":"type-product","3":"status-publish","4":"has-post-thumbnail","6":"product_brand-jacques-marie-mage","7":"product_cat-damskie","8":"product_cat-okulary-korekcyjne","9":"product_cat-okulary-przeciwsloneczne","10":"product_tag-jmmrl6x","12":"first","13":"instock","14":"shipping-taxable","15":"purchasable","16":"product-type-simple"},"acf":[],"aioseo_notices":[],"_links":{"self":[{"href":"https:\/\/www.diukoptyk.pl\/pl\/wp-json\/wp\/v2\/product\/1167","targetHints":{"allow":["GET"]}}],"collection":[{"href":"https:\/\/www.diukoptyk.pl\/pl\/wp-json\/wp\/v2\/product"}],"about":[{"href":"https:\/\/www.diukoptyk.pl\/pl\/wp-json\/wp\/v2\/types\/product"}],"version-history":[{"count":1,"href":"https:\/\/www.diukoptyk.pl\/pl\/wp-json\/wp\/v2\/product\/1167\/revisions"}],"predecessor-version":[{"id":5201,"href":"https:\/\/www.diukoptyk.pl\/pl\/wp-json\/wp\/v2\/product\/1167\/revisions\/5201"}],"wp:featuredmedia":[{"embeddable":true,"href":"https:\/\/www.diukoptyk.pl\/pl\/wp-json\/wp\/v2\/media\/1922"}],"wp:attachment":[{"href":"https:\/\/www.diukoptyk.pl\/pl\/wp-json\/wp\/v2\/media?parent=1167"}],"wp:term":[{"taxonomy":"product_brand","embeddable":true,"href":"https:\/\/www.diukoptyk.pl\/pl\/wp-json\/wp\/v2\/product_brand?post=1167"},{"taxonomy":"product_cat","embeddable":true,"href":"https:\/\/www.diukoptyk.pl\/pl\/wp-json\/wp\/v2\/product_cat?post=1167"},{"taxonomy":"product_tag","embeddable":true,"href":"https:\/\/www.diukoptyk.pl\/pl\/wp-json\/wp\/v2\/product_tag?post=1167"},{"taxonomy":"model","embeddable":true,"href":"https:\/\/www.diukoptyk.pl\/pl\/wp-json\/wp\/v2\/model?post=1167"}],"curies":[{"name":"wp","href":"https:\/\/api.w.org\/{rel}","templated":true}]}}