{"id":1162,"date":"2025-09-15T18:21:51","date_gmt":"2025-09-15T16:21:51","guid":{"rendered":"https:\/\/duke2.unixstorm.eu\/produkt\/jacques-marie-mage-ugo-gold\/"},"modified":"2026-03-05T17:21:13","modified_gmt":"2026-03-05T16:21:13","slug":"jacques-marie-mage-ugo-gold","status":"publish","type":"product","link":"https:\/\/www.diukoptyk.pl\/pl\/produkt\/jacques-marie-mage-ugo-gold\/","title":{"rendered":"Jacques Marie Mage UGO | GOLD"},"content":{"rendered":"<p><strong data-start=\"1120\" data-end=\"1133\">Dla kogo?<\/strong><br data-start=\"1133\" data-end=\"1136\" \/><strong data-start=\"1136\" data-end=\"1170\">Jacques Marie Mage Ugo in Gold<\/strong> to oprawa dla os\u00f3b, kt\u00f3re ceni\u0105 perfekcyjne proporcje, subtelny luksus i wyrafinowany detal.<\/p>\n<p>Dla indywidualist\u00f3w, kt\u00f3rzy nie potrzebuj\u0105 krzycze\u0107, by przyci\u0105ga\u0107 uwag\u0119 \u2013 ich styl m\u00f3wi sam za siebie.<\/p>\n","protected":false},"excerpt":{"rendered":"<h3 data-start=\"162\" data-end=\"204\">Jacques Marie Mage \u2013 <strong data-start=\"187\" data-end=\"202\">Ugo in Gold<\/strong><\/h3>\n<p data-start=\"206\" data-end=\"553\"><strong data-start=\"206\" data-end=\"259\">Geometryczna elegancja z artystycznym charakterem<\/strong><br data-start=\"259\" data-end=\"262\" \/>Model <strong data-start=\"268\" data-end=\"283\">Ugo in Gold<\/strong> to wyj\u0105tkowa oprawa z kolekcji <strong data-start=\"315\" data-end=\"334\">Titanium Series<\/strong>, inspirowana estetyk\u0105 lat 90. Limitowana edycja <strong data-start=\"383\" data-end=\"402\">500 egzemplarzy<\/strong> \u0142\u0105czy precyzj\u0119 japo\u0144skiego rzemios\u0142a z odwa\u017cnym designem \u2013 to wyrafinowany ho\u0142d dla indywidualizmu, w kt\u00f3rym klasyka spotyka si\u0119 z nowoczesn\u0105 form\u0105.<\/p>\n<p data-start=\"555\" data-end=\"576\"><strong data-start=\"555\" data-end=\"574\">Detale i design<\/strong><\/p>\n<ul data-start=\"577\" data-end=\"1118\">\n<li data-start=\"577\" data-end=\"648\">\n<p data-start=\"579\" data-end=\"648\">Kszta\u0142t: geometryczny, sze\u015bciok\u0105tny \u2013 wyrazisty i elegancki zarazem<\/p>\n<\/li>\n<li data-start=\"649\" data-end=\"728\">\n<p data-start=\"651\" data-end=\"728\">Materia\u0142: ultralekki, w 100% tytan klasy <em data-start=\"692\" data-end=\"707\">beta titanium<\/em> w kolorze <strong data-start=\"718\" data-end=\"726\">Gold<\/strong><\/p>\n<\/li>\n<li data-start=\"729\" data-end=\"838\">\n<p data-start=\"731\" data-end=\"838\">Detale: precyzyjnie grawerowane powierzchnie z efektem <em data-start=\"786\" data-end=\"796\">hairline<\/em>, nadaj\u0105ce oprawie g\u0142\u0119bi i wyrafinowania<\/p>\n<\/li>\n<li data-start=\"839\" data-end=\"929\">\n<p data-start=\"841\" data-end=\"929\">Zauszniki: zako\u0144czone r\u0119cznie laminowanymi ko\u0144c\u00f3wkami z acetatu o dopasowanym odcieniu<\/p>\n<\/li>\n<li data-start=\"930\" data-end=\"1029\">\n<p data-start=\"932\" data-end=\"1029\">Styl: inspirowany latami 90. \u2013 elegancja w futurystycznym wydaniu, z architektoniczn\u0105 lekko\u015bci\u0105<\/p>\n<\/li>\n<li data-start=\"1030\" data-end=\"1118\">\n<p data-start=\"1032\" data-end=\"1118\">Limitowana edycja: <strong data-start=\"1051\" data-end=\"1064\">500 sztuk<\/strong>, ka\u017cda para numerowana i wykonana r\u0119cznie w Japonii<\/p>\n<\/li>\n<\/ul>\n","protected":false},"featured_media":1160,"template":"","meta":{"_acf_changed":false,"_joinchat":[]},"product_brand":[82],"product_cat":[32,37,30,35],"product_tag":[167],"model":[404],"class_list":{"0":"post-1162","1":"product","2":"type-product","3":"status-publish","4":"has-post-thumbnail","6":"product_brand-jacques-marie-mage","7":"product_cat-damskie","8":"product_cat-meskie","9":"product_cat-okulary-przeciwsloneczne","10":"product_cat-unisex","11":"product_tag-jmmug40","12":"model-ugo","14":"first","15":"instock","16":"shipping-taxable","17":"purchasable","18":"product-type-simple"},"acf":[],"aioseo_notices":[],"_links":{"self":[{"href":"https:\/\/www.diukoptyk.pl\/pl\/wp-json\/wp\/v2\/product\/1162","targetHints":{"allow":["GET"]}}],"collection":[{"href":"https:\/\/www.diukoptyk.pl\/pl\/wp-json\/wp\/v2\/product"}],"about":[{"href":"https:\/\/www.diukoptyk.pl\/pl\/wp-json\/wp\/v2\/types\/product"}],"version-history":[{"count":1,"href":"https:\/\/www.diukoptyk.pl\/pl\/wp-json\/wp\/v2\/product\/1162\/revisions"}],"predecessor-version":[{"id":4566,"href":"https:\/\/www.diukoptyk.pl\/pl\/wp-json\/wp\/v2\/product\/1162\/revisions\/4566"}],"wp:featuredmedia":[{"embeddable":true,"href":"https:\/\/www.diukoptyk.pl\/pl\/wp-json\/wp\/v2\/media\/1160"}],"wp:attachment":[{"href":"https:\/\/www.diukoptyk.pl\/pl\/wp-json\/wp\/v2\/media?parent=1162"}],"wp:term":[{"taxonomy":"product_brand","embeddable":true,"href":"https:\/\/www.diukoptyk.pl\/pl\/wp-json\/wp\/v2\/product_brand?post=1162"},{"taxonomy":"product_cat","embeddable":true,"href":"https:\/\/www.diukoptyk.pl\/pl\/wp-json\/wp\/v2\/product_cat?post=1162"},{"taxonomy":"product_tag","embeddable":true,"href":"https:\/\/www.diukoptyk.pl\/pl\/wp-json\/wp\/v2\/product_tag?post=1162"},{"taxonomy":"model","embeddable":true,"href":"https:\/\/www.diukoptyk.pl\/pl\/wp-json\/wp\/v2\/model?post=1162"}],"curies":[{"name":"wp","href":"https:\/\/api.w.org\/{rel}","templated":true}]}}