{"id":1149,"date":"2025-09-15T18:15:15","date_gmt":"2025-09-15T16:15:15","guid":{"rendered":"https:\/\/duke2.unixstorm.eu\/produkt\/jacques-marie-mage-atkins-gold\/"},"modified":"2026-03-05T17:20:44","modified_gmt":"2026-03-05T16:20:44","slug":"jacques-marie-mage-atkins-gold","status":"publish","type":"product","link":"https:\/\/www.diukoptyk.pl\/pl\/produkt\/jacques-marie-mage-atkins-gold\/","title":{"rendered":"Jacques Marie Mage ATKINS | GOLD"},"content":{"rendered":"<p data-start=\"1077\" data-end=\"1325\"><strong data-start=\"1077\" data-end=\"1090\">Dla kogo?<\/strong><br data-start=\"1090\" data-end=\"1093\" \/><strong data-start=\"1093\" data-end=\"1130\">Jacques Marie Mage Atkins in Gold<\/strong> to model dla os\u00f3b, kt\u00f3re potrafi\u0105 \u0142\u0105czy\u0107 si\u0142\u0119 charakteru z elegancj\u0105 gestu.<\/p>\n<p data-start=\"1077\" data-end=\"1325\">Z\u0142ota oprawa o subtelnej formie \u2013 idealna dla tych, kt\u00f3rzy chc\u0105 wyrazi\u0107 styl bez nadmiaru s\u0142\u00f3w, z pewno\u015bci\u0105 i klas\u0105.<\/p>\n","protected":false},"excerpt":{"rendered":"<h3 data-start=\"155\" data-end=\"200\">Jacques Marie Mage \u2013 <strong data-start=\"180\" data-end=\"198\">Atkins in Gold<\/strong><\/h3>\n<p data-start=\"202\" data-end=\"557\"><strong data-start=\"202\" data-end=\"237\">Z\u0142oty akcent odwagi i elegancji<\/strong><br data-start=\"237\" data-end=\"240\" \/>Model <strong data-start=\"246\" data-end=\"264\">Atkins in Gold<\/strong> to wyrazisty ho\u0142d dla klasyki reinterpretowanej w duchu nowoczesnego luksusu. Wykonany r\u0119cznie w limitowanej edycji <strong data-start=\"381\" data-end=\"400\">500 egzemplarzy<\/strong>, \u0142\u0105czy precyzj\u0119 formy z rze\u017abiarsk\u0105 lekko\u015bci\u0105 i ponadczasowym blaskiem. To oprawa, kt\u00f3ra przyci\u0105ga uwag\u0119 subtelnym przepychem i perfekcyjnym wyko\u0144czeniem.<\/p>\n<p data-start=\"559\" data-end=\"580\"><strong data-start=\"559\" data-end=\"578\">Detale i design<\/strong><\/p>\n<ul data-start=\"581\" data-end=\"1075\">\n<li data-start=\"581\" data-end=\"673\">\n<p data-start=\"583\" data-end=\"673\">Rama: 10-milimetrowa z utwardzonego acetatu celulozowego w szlachetnym odcieniu <strong data-start=\"663\" data-end=\"671\">Gold<\/strong><\/p>\n<\/li>\n<li data-start=\"674\" data-end=\"753\">\n<p data-start=\"676\" data-end=\"753\">Kszta\u0142t: subtelnie kanciasty, inspirowany klasyk\u0105 z nowoczesnym charakterem<\/p>\n<\/li>\n<li data-start=\"754\" data-end=\"865\">\n<p data-start=\"756\" data-end=\"865\">Zauszniki: \u017c\u0142obione profile z charakterystycznymi zako\u0144czeniami typu <em data-start=\"825\" data-end=\"834\">tailfin<\/em>, dodaj\u0105cymi dynamiki i g\u0142\u0119bi<\/p>\n<\/li>\n<li data-start=\"866\" data-end=\"962\">\n<p data-start=\"868\" data-end=\"962\">Konstrukcja: po\u0142\u0105czenie technicznej precyzji i r\u0119cznego rzemios\u0142a, charakterystyczne dla JMM<\/p>\n<\/li>\n<li data-start=\"963\" data-end=\"1075\">\n<p data-start=\"965\" data-end=\"1075\">Limitowana edycja: <strong data-start=\"984\" data-end=\"997\">500 sztuk<\/strong> \u2013 ka\u017cdy egzemplarz numerowany i wykonany z dba\u0142o\u015bci\u0105 o najdrobniejszy detal<\/p>\n<\/li>\n<\/ul>\n","protected":false},"featured_media":1146,"template":"","meta":{"_acf_changed":false,"_joinchat":[]},"product_brand":[82],"product_cat":[32,37,30,35],"product_tag":[157],"model":[365],"class_list":{"0":"post-1149","1":"product","2":"type-product","3":"status-publish","4":"has-post-thumbnail","6":"product_brand-jacques-marie-mage","7":"product_cat-damskie","8":"product_cat-meskie","9":"product_cat-okulary-przeciwsloneczne","10":"product_cat-unisex","11":"product_tag-jmmtk40","12":"model-atkins","14":"first","15":"instock","16":"shipping-taxable","17":"purchasable","18":"product-type-simple"},"acf":[],"aioseo_notices":[],"_links":{"self":[{"href":"https:\/\/www.diukoptyk.pl\/pl\/wp-json\/wp\/v2\/product\/1149","targetHints":{"allow":["GET"]}}],"collection":[{"href":"https:\/\/www.diukoptyk.pl\/pl\/wp-json\/wp\/v2\/product"}],"about":[{"href":"https:\/\/www.diukoptyk.pl\/pl\/wp-json\/wp\/v2\/types\/product"}],"version-history":[{"count":1,"href":"https:\/\/www.diukoptyk.pl\/pl\/wp-json\/wp\/v2\/product\/1149\/revisions"}],"predecessor-version":[{"id":4455,"href":"https:\/\/www.diukoptyk.pl\/pl\/wp-json\/wp\/v2\/product\/1149\/revisions\/4455"}],"wp:featuredmedia":[{"embeddable":true,"href":"https:\/\/www.diukoptyk.pl\/pl\/wp-json\/wp\/v2\/media\/1146"}],"wp:attachment":[{"href":"https:\/\/www.diukoptyk.pl\/pl\/wp-json\/wp\/v2\/media?parent=1149"}],"wp:term":[{"taxonomy":"product_brand","embeddable":true,"href":"https:\/\/www.diukoptyk.pl\/pl\/wp-json\/wp\/v2\/product_brand?post=1149"},{"taxonomy":"product_cat","embeddable":true,"href":"https:\/\/www.diukoptyk.pl\/pl\/wp-json\/wp\/v2\/product_cat?post=1149"},{"taxonomy":"product_tag","embeddable":true,"href":"https:\/\/www.diukoptyk.pl\/pl\/wp-json\/wp\/v2\/product_tag?post=1149"},{"taxonomy":"model","embeddable":true,"href":"https:\/\/www.diukoptyk.pl\/pl\/wp-json\/wp\/v2\/model?post=1149"}],"curies":[{"name":"wp","href":"https:\/\/api.w.org\/{rel}","templated":true}]}}