{"id":1144,"date":"2025-09-15T18:12:35","date_gmt":"2025-09-15T16:12:35","guid":{"rendered":"https:\/\/duke2.unixstorm.eu\/produkt\/jacques-marie-mage-zephrin-maverick__trashed\/"},"modified":"2026-03-05T17:20:30","modified_gmt":"2026-03-05T16:20:30","slug":"jacques-marie-mage-zephirin-maverick","status":"publish","type":"product","link":"https:\/\/www.diukoptyk.pl\/pl\/produkt\/jacques-marie-mage-zephirin-maverick\/","title":{"rendered":"Jacques Marie Mage ZEPHIRIN | MAVERICK"},"content":{"rendered":"<p data-start=\"1172\" data-end=\"1423\"><strong data-start=\"1172\" data-end=\"1185\">Dla kogo?<\/strong><br data-start=\"1185\" data-end=\"1188\" \/><strong data-start=\"1188\" data-end=\"1231\">Jacques Marie Mage Zephirin in Maverick<\/strong> to oprawa dla os\u00f3b, kt\u00f3re my\u015bl\u0105 nieszablonowo i ceni\u0105 wyrafinowan\u0105 prostot\u0119.<\/p>\n<p data-start=\"1172\" data-end=\"1423\">Dla estet\u00f3w, profesor\u00f3w i wolnych duch\u00f3w \u2013 tych, kt\u00f3rzy potrafi\u0105 \u0142\u0105czy\u0107 intelekt z odwag\u0105, a klasyk\u0119 z charyzm\u0105.<\/p>\n","protected":false},"excerpt":{"rendered":"<h3 data-start=\"183\" data-end=\"234\">Jacques Marie Mage \u2013 <strong data-start=\"208\" data-end=\"232\">Zephirin in Maverick<\/strong><\/h3>\n<p data-start=\"236\" data-end=\"602\"><strong data-start=\"236\" data-end=\"267\">Ikona intelektualnego stylu<\/strong><br data-start=\"267\" data-end=\"270\" \/>Model <strong data-start=\"276\" data-end=\"300\">Zephirin in Maverick<\/strong> to jedna z najbardziej rozpoznawalnych opraw Jacques Marie Mage \u2013 symbol ponadczasowej elegancji i artystycznej odwagi. Zainspirowany postaciami wielkich my\u015blicieli i niepokornych wizjoner\u00f3w, ten model o smuk\u0142ej linii i rze\u017abiarskiej formie \u0142\u0105czy w sobie klasyczny urok z nowoczesnym wyrafinowaniem.<\/p>\n<p data-start=\"604\" data-end=\"625\"><strong data-start=\"604\" data-end=\"623\">Detale i design<\/strong><\/p>\n<ul data-start=\"626\" data-end=\"1170\">\n<li data-start=\"626\" data-end=\"721\">\n<p data-start=\"628\" data-end=\"721\">Kszta\u0142t: inspirowany przedwojenn\u0105 estetyk\u0105, z charakterystycznym profilem i smuk\u0142\u0105 sylwetk\u0105<\/p>\n<\/li>\n<li data-start=\"722\" data-end=\"804\">\n<p data-start=\"724\" data-end=\"804\">Rama: wykonana z wysokiej jako\u015bci acetatu celulozowego w odcieniu <strong data-start=\"790\" data-end=\"802\">Maverick<\/strong><\/p>\n<\/li>\n<li data-start=\"805\" data-end=\"900\">\n<p data-start=\"807\" data-end=\"900\">Zauszniki: rze\u017abiarskie, perfekcyjnie wyprofilowane dla komfortu i eleganckiego dopasowania<\/p>\n<\/li>\n<li data-start=\"901\" data-end=\"989\">\n<p data-start=\"903\" data-end=\"989\">Styl: intelektualny i charyzmatyczny \u2013 po\u0142\u0105czenie precyzji rzemios\u0142a i swobody ducha<\/p>\n<\/li>\n<li data-start=\"990\" data-end=\"1058\">\n<p data-start=\"992\" data-end=\"1058\">Wyko\u0144czenie: r\u0119czne polerowanie i detale o jubilerskiej precyzji<\/p>\n<\/li>\n<li data-start=\"1059\" data-end=\"1170\">\n<p data-start=\"1061\" data-end=\"1170\">Limitowana edycja: <strong data-start=\"1080\" data-end=\"1093\">500 sztuk<\/strong>, ka\u017cda para wykonana r\u0119cznie z zachowaniem wyj\u0105tkowej dba\u0142o\u015bci o proporcje<\/p>\n<\/li>\n<\/ul>\n","protected":false},"featured_media":1141,"template":"","meta":{"_acf_changed":false,"_joinchat":[]},"product_brand":[82],"product_cat":[32,37,51,30,35],"product_tag":[154],"model":[],"class_list":{"0":"post-1144","1":"product","2":"type-product","3":"status-publish","4":"has-post-thumbnail","6":"product_brand-jacques-marie-mage","7":"product_cat-damskie","8":"product_cat-meskie","9":"product_cat-okulary-korekcyjne","10":"product_cat-okulary-przeciwsloneczne","11":"product_cat-unisex","12":"product_tag-jmmzp1k","14":"first","15":"outofstock","16":"shipping-taxable","17":"purchasable","18":"product-type-simple"},"acf":[],"aioseo_notices":[],"_links":{"self":[{"href":"https:\/\/www.diukoptyk.pl\/pl\/wp-json\/wp\/v2\/product\/1144","targetHints":{"allow":["GET"]}}],"collection":[{"href":"https:\/\/www.diukoptyk.pl\/pl\/wp-json\/wp\/v2\/product"}],"about":[{"href":"https:\/\/www.diukoptyk.pl\/pl\/wp-json\/wp\/v2\/types\/product"}],"version-history":[{"count":2,"href":"https:\/\/www.diukoptyk.pl\/pl\/wp-json\/wp\/v2\/product\/1144\/revisions"}],"predecessor-version":[{"id":5200,"href":"https:\/\/www.diukoptyk.pl\/pl\/wp-json\/wp\/v2\/product\/1144\/revisions\/5200"}],"wp:featuredmedia":[{"embeddable":true,"href":"https:\/\/www.diukoptyk.pl\/pl\/wp-json\/wp\/v2\/media\/1141"}],"wp:attachment":[{"href":"https:\/\/www.diukoptyk.pl\/pl\/wp-json\/wp\/v2\/media?parent=1144"}],"wp:term":[{"taxonomy":"product_brand","embeddable":true,"href":"https:\/\/www.diukoptyk.pl\/pl\/wp-json\/wp\/v2\/product_brand?post=1144"},{"taxonomy":"product_cat","embeddable":true,"href":"https:\/\/www.diukoptyk.pl\/pl\/wp-json\/wp\/v2\/product_cat?post=1144"},{"taxonomy":"product_tag","embeddable":true,"href":"https:\/\/www.diukoptyk.pl\/pl\/wp-json\/wp\/v2\/product_tag?post=1144"},{"taxonomy":"model","embeddable":true,"href":"https:\/\/www.diukoptyk.pl\/pl\/wp-json\/wp\/v2\/model?post=1144"}],"curies":[{"name":"wp","href":"https:\/\/api.w.org\/{rel}","templated":true}]}}