{"id":1129,"date":"2025-09-15T18:09:05","date_gmt":"2025-09-15T16:09:05","guid":{"rendered":"https:\/\/duke2.unixstorm.eu\/produkt\/jacques-marie-mage-bugsy-black\/"},"modified":"2026-03-05T17:15:55","modified_gmt":"2026-03-05T16:15:55","slug":"jacques-marie-mage-bugsy-black","status":"publish","type":"product","link":"https:\/\/www.diukoptyk.pl\/pl\/produkt\/jacques-marie-mage-bugsy-black\/","title":{"rendered":"Jacques Marie Mage BUGSY | BLACK"},"content":{"rendered":"<p><strong data-start=\"1109\" data-end=\"1122\">Dla kogo?<\/strong><br data-start=\"1122\" data-end=\"1125\" \/><strong data-start=\"1125\" data-end=\"1162\">Jacques Marie Mage Bugsy in Black<\/strong> to model dla tych, kt\u00f3rzy ceni\u0105 wyrafinowanie, ale nie boj\u0105 si\u0119 odrobiny niepokornego stylu.<\/p>\n<p>To okulary dla ludzi z wizj\u0105 \u2013 eleganckie, charyzmatyczne i gotowe towarzyszy\u0107 w ka\u017cdej nowej przygodzie.<\/p>\n","protected":false},"excerpt":{"rendered":"<h3 data-start=\"166\" data-end=\"211\">Jacques Marie Mage \u2013 <strong data-start=\"191\" data-end=\"209\">Bugsy in Black<\/strong><\/h3>\n<p data-start=\"213\" data-end=\"596\"><strong data-start=\"213\" data-end=\"261\">Klasyka z charakterem i nut\u0105 filmowego buntu<\/strong><br data-start=\"261\" data-end=\"264\" \/>Model <strong data-start=\"270\" data-end=\"288\">Bugsy in Black<\/strong> to reinterpretacja okularowej klasyki po\u0142owy XX wieku \u2013 odwa\u017cny, elegancki i pe\u0142en wyrafinowanej energii. Limitowana edycja <strong data-start=\"413\" data-end=\"432\">500 egzemplarzy<\/strong> \u0142\u0105czy w sobie smuk\u0142\u0105 ram\u0119 z tytanu i rze\u017abiarsk\u0105 lini\u0119 g\u00f3rnej oprawy z acetatu, tworz\u0105c projekt, kt\u00f3ry balansuje mi\u0119dzy vintage\u2019ow\u0105 si\u0142\u0105 a wsp\u00f3\u0142czesnym luksusem.<\/p>\n<p data-start=\"598\" data-end=\"619\"><strong data-start=\"598\" data-end=\"617\">Detale i design<\/strong><\/p>\n<ul data-start=\"620\" data-end=\"1107\">\n<li data-start=\"620\" data-end=\"737\">\n<p data-start=\"622\" data-end=\"737\">Konstrukcja typu <strong data-start=\"639\" data-end=\"648\">combo<\/strong>: tytanowa oprawa z rze\u017abiarsk\u0105 g\u00f3rn\u0105 lini\u0105 (monobrow) i zausznikami z czarnego acetatu<\/p>\n<\/li>\n<li data-start=\"738\" data-end=\"840\">\n<p data-start=\"740\" data-end=\"840\">Elementy ozdobne: charakterystyczne dla JMM nity w kszta\u0142cie strza\u0142y i polerowane metalowe akcenty<\/p>\n<\/li>\n<li data-start=\"841\" data-end=\"933\">\n<p data-start=\"843\" data-end=\"933\">Kszta\u0142t: inspirowany designem lat 50. \u2013 elegancki, ale z wyra\u017anie zarysowan\u0105 osobowo\u015bci\u0105<\/p>\n<\/li>\n<li data-start=\"934\" data-end=\"1020\">\n<p data-start=\"936\" data-end=\"1020\">Dopasowanie: \u015brednie, zapewniaj\u0105ce komfort i balans mi\u0119dzy proporcj\u0105 a charakterem<\/p>\n<\/li>\n<li data-start=\"1021\" data-end=\"1107\">\n<p data-start=\"1023\" data-end=\"1107\">Limitowana edycja: <strong data-start=\"1042\" data-end=\"1055\">500 sztuk<\/strong>, ka\u017cda para wykonana r\u0119cznie z najwy\u017csz\u0105 precyzj\u0105<\/p>\n<\/li>\n<\/ul>\n","protected":false},"featured_media":1126,"template":"","meta":{"_acf_changed":false,"_joinchat":[]},"product_brand":[82],"product_cat":[32,37,30,35],"product_tag":[143],"model":[367],"class_list":{"0":"post-1129","1":"product","2":"type-product","3":"status-publish","4":"has-post-thumbnail","6":"product_brand-jacques-marie-mage","7":"product_cat-damskie","8":"product_cat-meskie","9":"product_cat-okulary-przeciwsloneczne","10":"product_cat-unisex","11":"product_tag-jmmub88","12":"model-bugsy","14":"first","15":"instock","16":"shipping-taxable","17":"purchasable","18":"product-type-simple"},"acf":[],"aioseo_notices":[],"_links":{"self":[{"href":"https:\/\/www.diukoptyk.pl\/pl\/wp-json\/wp\/v2\/product\/1129","targetHints":{"allow":["GET"]}}],"collection":[{"href":"https:\/\/www.diukoptyk.pl\/pl\/wp-json\/wp\/v2\/product"}],"about":[{"href":"https:\/\/www.diukoptyk.pl\/pl\/wp-json\/wp\/v2\/types\/product"}],"version-history":[{"count":1,"href":"https:\/\/www.diukoptyk.pl\/pl\/wp-json\/wp\/v2\/product\/1129\/revisions"}],"predecessor-version":[{"id":4460,"href":"https:\/\/www.diukoptyk.pl\/pl\/wp-json\/wp\/v2\/product\/1129\/revisions\/4460"}],"wp:featuredmedia":[{"embeddable":true,"href":"https:\/\/www.diukoptyk.pl\/pl\/wp-json\/wp\/v2\/media\/1126"}],"wp:attachment":[{"href":"https:\/\/www.diukoptyk.pl\/pl\/wp-json\/wp\/v2\/media?parent=1129"}],"wp:term":[{"taxonomy":"product_brand","embeddable":true,"href":"https:\/\/www.diukoptyk.pl\/pl\/wp-json\/wp\/v2\/product_brand?post=1129"},{"taxonomy":"product_cat","embeddable":true,"href":"https:\/\/www.diukoptyk.pl\/pl\/wp-json\/wp\/v2\/product_cat?post=1129"},{"taxonomy":"product_tag","embeddable":true,"href":"https:\/\/www.diukoptyk.pl\/pl\/wp-json\/wp\/v2\/product_tag?post=1129"},{"taxonomy":"model","embeddable":true,"href":"https:\/\/www.diukoptyk.pl\/pl\/wp-json\/wp\/v2\/model?post=1129"}],"curies":[{"name":"wp","href":"https:\/\/api.w.org\/{rel}","templated":true}]}}