{"id":1124,"date":"2025-09-15T18:08:21","date_gmt":"2025-09-15T16:08:21","guid":{"rendered":"https:\/\/duke2.unixstorm.eu\/produkt\/jacques-marie-mage-krasner-noir-rx\/"},"modified":"2026-03-05T17:15:24","modified_gmt":"2026-03-05T16:15:24","slug":"jacques-marie-mage-krasner-noir-rx","status":"publish","type":"product","link":"https:\/\/www.diukoptyk.pl\/pl\/produkt\/jacques-marie-mage-krasner-noir-rx\/","title":{"rendered":"Jacques Marie Mage KRASNER | NOIR RX"},"content":{"rendered":"<p><strong data-start=\"1284\" data-end=\"1297\">Dla kogo?<\/strong><br data-start=\"1297\" data-end=\"1300\" \/><strong data-start=\"1300\" data-end=\"1340\">Jacques Marie Mage Krasner | Noir RX<\/strong> to oprawa dla kobiet o silnej to\u017csamo\u015bci i artystycznej duszy.<\/p>\n<p>Dla tych, kt\u00f3re ceni\u0105 elegancj\u0119 bez przesady \u2013 \u015bwiadomy wyb\u00f3r dla os\u00f3b, kt\u00f3re nosz\u0105 styl z pewno\u015bci\u0105 i spokojn\u0105 si\u0142\u0105.<\/p>\n","protected":false},"excerpt":{"rendered":"<h3 data-start=\"179\" data-end=\"227\">Jacques Marie Mage \u2013 <strong data-start=\"204\" data-end=\"225\">Krasner | Noir RX<\/strong><\/h3>\n<p data-start=\"229\" data-end=\"608\"><strong data-start=\"229\" data-end=\"273\">Artystyczna elegancja i si\u0142a subtelno\u015bci<\/strong><br data-start=\"273\" data-end=\"276\" \/>Model <strong data-start=\"282\" data-end=\"303\">Krasner | Noir RX<\/strong> to delikatne, \u015bredniej wielko\u015bci okulary o mi\u0119kkim kocim kszta\u0142cie i owalnych soczewkach. Zainspirowane tw\u00f3rczo\u015bci\u0105 ameryka\u0144skich modernist\u00f3w, \u0142\u0105cz\u0105 w sobie harmoni\u0119 formy, precyzj\u0119 rzemios\u0142a i artystyczn\u0105 ekspresj\u0119. To oprawa, w kt\u00f3rej ponadczasowa elegancja spotyka si\u0119 z odwag\u0105 indywidualnego stylu.<\/p>\n<p data-start=\"610\" data-end=\"631\"><strong data-start=\"610\" data-end=\"629\">Detale i design<\/strong><\/p>\n<ul data-start=\"632\" data-end=\"1282\">\n<li data-start=\"632\" data-end=\"722\">\n<p data-start=\"634\" data-end=\"722\">Kszta\u0142t: mi\u0119kkie <em data-start=\"651\" data-end=\"660\">cat-eye<\/em> o owalnej linii soczewek \u2013 subtelne, kobiece i zr\u00f3wnowa\u017cone<\/p>\n<\/li>\n<li data-start=\"723\" data-end=\"808\">\n<p data-start=\"725\" data-end=\"808\">Rama: wykonana z utwardzonego acetatu celulozowego w klasycznym odcieniu <strong data-start=\"798\" data-end=\"806\">Noir<\/strong><\/p>\n<\/li>\n<li data-start=\"809\" data-end=\"926\">\n<p data-start=\"811\" data-end=\"926\">Detale: podw\u00f3jne metalowe nity w kszta\u0142cie strza\u0142y (<em data-start=\"863\" data-end=\"892\">double-arrowhead front pins<\/em>) \u2013 charakterystyczny symbol JMM<\/p>\n<\/li>\n<li data-start=\"927\" data-end=\"1022\">\n<p data-start=\"929\" data-end=\"1022\">Zauszniki: delikatnie zaokr\u0105glone <em data-start=\"963\" data-end=\"979\">paddle temples<\/em>, zapewniaj\u0105ce komfort i elegancki profil<\/p>\n<\/li>\n<li data-start=\"1023\" data-end=\"1120\">\n<p data-start=\"1025\" data-end=\"1120\">Styl: inspirowany modernizmem i sztuk\u0105 abstrakcyjn\u0105 \u2013 minimalistyczny, a zarazem pe\u0142en wyrazu<\/p>\n<\/li>\n<li data-start=\"1121\" data-end=\"1195\">\n<p data-start=\"1123\" data-end=\"1195\">Soczewki: <strong data-start=\"1133\" data-end=\"1148\">demo lenses<\/strong>, przygotowane do wymiany na szk\u0142a korekcyjne<\/p>\n<\/li>\n<li data-start=\"1196\" data-end=\"1282\">\n<p data-start=\"1198\" data-end=\"1282\">Limitowana edycja: 500 sztuk wykonana r\u0119cznie w ograniczonej serii z dba\u0142o\u015bci\u0105 o ka\u017cdy detal<\/p>\n<\/li>\n<\/ul>\n","protected":false},"featured_media":1121,"template":"","meta":{"_acf_changed":false,"_joinchat":[]},"product_brand":[82],"product_cat":[32,51],"product_tag":[140],"model":[],"class_list":{"0":"post-1124","1":"product","2":"type-product","3":"status-publish","4":"has-post-thumbnail","6":"product_brand-jacques-marie-mage","7":"product_cat-damskie","8":"product_cat-okulary-korekcyjne","9":"product_tag-jmmkr01","11":"first","12":"instock","13":"shipping-taxable","14":"purchasable","15":"product-type-simple"},"acf":[],"aioseo_notices":[],"_links":{"self":[{"href":"https:\/\/www.diukoptyk.pl\/pl\/wp-json\/wp\/v2\/product\/1124","targetHints":{"allow":["GET"]}}],"collection":[{"href":"https:\/\/www.diukoptyk.pl\/pl\/wp-json\/wp\/v2\/product"}],"about":[{"href":"https:\/\/www.diukoptyk.pl\/pl\/wp-json\/wp\/v2\/types\/product"}],"version-history":[{"count":1,"href":"https:\/\/www.diukoptyk.pl\/pl\/wp-json\/wp\/v2\/product\/1124\/revisions"}],"predecessor-version":[{"id":5199,"href":"https:\/\/www.diukoptyk.pl\/pl\/wp-json\/wp\/v2\/product\/1124\/revisions\/5199"}],"wp:featuredmedia":[{"embeddable":true,"href":"https:\/\/www.diukoptyk.pl\/pl\/wp-json\/wp\/v2\/media\/1121"}],"wp:attachment":[{"href":"https:\/\/www.diukoptyk.pl\/pl\/wp-json\/wp\/v2\/media?parent=1124"}],"wp:term":[{"taxonomy":"product_brand","embeddable":true,"href":"https:\/\/www.diukoptyk.pl\/pl\/wp-json\/wp\/v2\/product_brand?post=1124"},{"taxonomy":"product_cat","embeddable":true,"href":"https:\/\/www.diukoptyk.pl\/pl\/wp-json\/wp\/v2\/product_cat?post=1124"},{"taxonomy":"product_tag","embeddable":true,"href":"https:\/\/www.diukoptyk.pl\/pl\/wp-json\/wp\/v2\/product_tag?post=1124"},{"taxonomy":"model","embeddable":true,"href":"https:\/\/www.diukoptyk.pl\/pl\/wp-json\/wp\/v2\/model?post=1124"}],"curies":[{"name":"wp","href":"https:\/\/api.w.org\/{rel}","templated":true}]}}