{"id":562,"date":"2025-09-12T15:38:22","date_gmt":"2025-09-12T13:38:22","guid":{"rendered":"https:\/\/duke2.unixstorm.eu\/?page_id=562"},"modified":"2025-11-10T17:09:51","modified_gmt":"2025-11-10T16:09:51","slug":"booking-page","status":"publish","type":"page","link":"https:\/\/www.diukoptyk.pl\/pl\/booking-page\/","title":{"rendered":"Strona rezerwacyjna"},"content":{"rendered":"<div style=\"padding:25px;\">\n<div class=\"latepoint-calendar-wrapper \" data-route-name=\"events__load_calendar_events\" data-target-date=\"2026-05-13\"><div class=\"latepoint-calendar-controls-wrapper\"><input type=\"hidden\" name=\"restrictions\" value=\"{&quot;show_services&quot;:&quot;1&quot;}\" id=\"restrictions\" \/><div class=\"latepoint-calendar-controls\"><div class=\"le-month\">Maj<\/div><div class=\"le-range-selector\"><div class=\"os-form-group os-form-select-group  os-form-group-transparent\"><select  name=\"calendar_range_type\" id=\"calendar_range_type\" class=\"os-form-control\" ><option value=\"week\" >Co tydzie\u0144<\/option><option value=\"month\" selected>Co miesi\u0105c<\/option><\/select><\/div><\/div><div class=\"le-filter le-filter-trigger\"><i class=\"latepoint-icon latepoint-icon-ui-47\"><\/i><span>Filtry<\/span><\/div><input type=\"hidden\" name=\"target_date_string\" value=\"2026-05-13\" id=\"target_date_string\" \/><div class=\"le-navigation-wrapper\"><div class=\"le-navigation\">\n\t\t\t\t\t\t\t\t\t<div class=\"le-navigation-button le-navigation-trigger\" data-target-date=\"2026-04-01\"><i class=\"latepoint-icon latepoint-icon-arrow-left\"><\/i><\/div>\n\t\t\t\t\t\t\t\t\t<div class=\"le-today le-navigation-trigger\" data-target-date=\"2026-05-13\">Dzisiaj<\/div>\n\t\t\t\t\t\t\t\t\t<div class=\"le-navigation-button le-navigation-trigger\" data-target-date=\"2026-06-01\"><i class=\"latepoint-icon latepoint-icon-arrow-right\"><\/i><\/div>\n\t\t\t\t\t\t\t\t<\/div><\/div><\/div><div class=\"latepoint-calendar-filters\"><div class=\"le-filters-label\">Poka\u017c:<\/div><div class=\"os-form-group os-form-select-group  os-form-group-transparent\"><select  name=\"filter[agent_id]\" id=\"filter_agent_id\" class=\"os-form-control\" ><option value=\"\" selected>Wszyscy agenci<\/option><option value=\"2\" >Arkadiusz Bednarski<\/option><option value=\"1\" >Magdalena Walczak<\/option><\/select><\/div><div class=\"os-form-group os-form-select-group  os-form-group-transparent\"><select  name=\"filter[service_id]\" id=\"filter_service_id\" class=\"os-form-control\" ><option value=\"\" selected>Wszystkie us\u0142ugi<\/option><option value=\"1\" >Badanie wzroku<\/option><\/select><\/div><\/div><\/div><div class=\"latepoint-calendar-month\"><div class=\"le-weekday weekday-1\">Pn<\/div><div class=\"le-weekday weekday-2\">Wt<\/div><div class=\"le-weekday weekday-3\">\u015ar<\/div><div class=\"le-weekday weekday-4\">Cz<\/div><div class=\"le-weekday weekday-5\">Pt<\/div><div class=\"le-weekday weekday-6\">Sb<\/div><div class=\"le-weekday weekday-7\">Nd<\/div><div class=\"le-day-wrapper  os-day-passed os-month-prev day-weekday-1\"><div class=\"le-day-number\" \n\t\t\t\t\tdata-os-params=\"target_date_string=2026-04-27&filter%5Bshow_services%5D=1\" \n\t\t\t\t\tdata-os-output-target=\"lightbox\"\n\t\t\t\t\tdata-os-lightbox-classes=\"width-600\"\n\t\t\t\t\tdata-os-action=\"events__events_day_view\">27<\/div><div class=\"le-service-wrapper is-passed\" ><div class=\"is-passed-message\">To wydarzenie ju\u017c min\u0119\u0142o<\/div><div class=\"le-service-inner\"><div class=\"le-color-elem\" style=\"background-color: #ecebe6\"><\/div><div class=\"le-service-name\">Badanie wzroku<\/div><div class=\"le-service-time-period\">11:00 - 17:30<\/div><\/div><\/div><\/div><div class=\"le-day-wrapper  os-day-passed os-month-prev day-weekday-2\"><div class=\"le-day-number\" \n\t\t\t\t\tdata-os-params=\"target_date_string=2026-04-28&filter%5Bshow_services%5D=1\" \n\t\t\t\t\tdata-os-output-target=\"lightbox\"\n\t\t\t\t\tdata-os-lightbox-classes=\"width-600\"\n\t\t\t\t\tdata-os-action=\"events__events_day_view\">28<\/div><div class=\"le-service-wrapper is-passed\" ><div class=\"is-passed-message\">To wydarzenie ju\u017c min\u0119\u0142o<\/div><div class=\"le-service-inner\"><div class=\"le-color-elem\" style=\"background-color: #ecebe6\"><\/div><div class=\"le-service-name\">Badanie wzroku<\/div><div class=\"le-service-time-period\">11:00 - 17:30<\/div><\/div><\/div><\/div><div class=\"le-day-wrapper  os-day-passed os-month-prev day-weekday-3\"><div class=\"le-day-number\" \n\t\t\t\t\tdata-os-params=\"target_date_string=2026-04-29&filter%5Bshow_services%5D=1\" \n\t\t\t\t\tdata-os-output-target=\"lightbox\"\n\t\t\t\t\tdata-os-lightbox-classes=\"width-600\"\n\t\t\t\t\tdata-os-action=\"events__events_day_view\">29<\/div><div class=\"le-service-wrapper is-passed\" ><div class=\"is-passed-message\">To wydarzenie ju\u017c min\u0119\u0142o<\/div><div class=\"le-service-inner\"><div class=\"le-color-elem\" style=\"background-color: #ecebe6\"><\/div><div class=\"le-service-name\">Badanie wzroku<\/div><div class=\"le-service-time-period\">11:00 - 17:30<\/div><\/div><\/div><\/div><div class=\"le-day-wrapper  os-day-passed os-month-prev day-weekday-4\"><div class=\"le-day-number\" \n\t\t\t\t\tdata-os-params=\"target_date_string=2026-04-30&filter%5Bshow_services%5D=1\" \n\t\t\t\t\tdata-os-output-target=\"lightbox\"\n\t\t\t\t\tdata-os-lightbox-classes=\"width-600\"\n\t\t\t\t\tdata-os-action=\"events__events_day_view\">30<\/div><div class=\"le-service-wrapper is-passed\" ><div class=\"is-passed-message\">To wydarzenie ju\u017c min\u0119\u0142o<\/div><div class=\"le-service-inner\"><div class=\"le-color-elem\" style=\"background-color: #ecebe6\"><\/div><div class=\"le-service-name\">Badanie wzroku<\/div><div class=\"le-service-time-period\">11:00 - 17:30<\/div><\/div><\/div><\/div><div class=\"le-day-wrapper  os-day-passed os-month-current day-weekday-5\"><div class=\"os-day-month\">Maj<\/div><div class=\"le-day-number\" \n\t\t\t\t\tdata-os-params=\"target_date_string=2026-05-01&filter%5Bshow_services%5D=1\" \n\t\t\t\t\tdata-os-output-target=\"lightbox\"\n\t\t\t\t\tdata-os-lightbox-classes=\"width-600\"\n\t\t\t\t\tdata-os-action=\"events__events_day_view\">1<\/div><\/div><div class=\"le-day-wrapper  os-day-passed os-month-current day-weekday-6\"><div class=\"le-day-number\" \n\t\t\t\t\tdata-os-params=\"target_date_string=2026-05-02&filter%5Bshow_services%5D=1\" \n\t\t\t\t\tdata-os-output-target=\"lightbox\"\n\t\t\t\t\tdata-os-lightbox-classes=\"width-600\"\n\t\t\t\t\tdata-os-action=\"events__events_day_view\">2<\/div><\/div><div class=\"le-day-wrapper  os-day-passed os-month-current day-weekday-7\"><div class=\"le-day-number\" \n\t\t\t\t\tdata-os-params=\"target_date_string=2026-05-03&filter%5Bshow_services%5D=1\" \n\t\t\t\t\tdata-os-output-target=\"lightbox\"\n\t\t\t\t\tdata-os-lightbox-classes=\"width-600\"\n\t\t\t\t\tdata-os-action=\"events__events_day_view\">3<\/div><\/div><div class=\"le-day-wrapper  os-day-passed os-month-current day-weekday-1\"><div class=\"le-day-number\" \n\t\t\t\t\tdata-os-params=\"target_date_string=2026-05-04&filter%5Bshow_services%5D=1\" \n\t\t\t\t\tdata-os-output-target=\"lightbox\"\n\t\t\t\t\tdata-os-lightbox-classes=\"width-600\"\n\t\t\t\t\tdata-os-action=\"events__events_day_view\">4<\/div><div class=\"le-service-wrapper is-passed\" ><div class=\"is-passed-message\">To wydarzenie ju\u017c min\u0119\u0142o<\/div><div class=\"le-service-inner\"><div class=\"le-color-elem\" style=\"background-color: #ecebe6\"><\/div><div class=\"le-service-name\">Badanie wzroku<\/div><div class=\"le-service-time-period\">11:00 - 17:30<\/div><\/div><\/div><\/div><div class=\"le-day-wrapper  os-day-passed os-month-current day-weekday-2\"><div class=\"le-day-number\" \n\t\t\t\t\tdata-os-params=\"target_date_string=2026-05-05&filter%5Bshow_services%5D=1\" \n\t\t\t\t\tdata-os-output-target=\"lightbox\"\n\t\t\t\t\tdata-os-lightbox-classes=\"width-600\"\n\t\t\t\t\tdata-os-action=\"events__events_day_view\">5<\/div><div class=\"le-service-wrapper is-passed\" ><div class=\"is-passed-message\">To wydarzenie ju\u017c min\u0119\u0142o<\/div><div class=\"le-service-inner\"><div class=\"le-color-elem\" style=\"background-color: #ecebe6\"><\/div><div class=\"le-service-name\">Badanie wzroku<\/div><div class=\"le-service-time-period\">11:00 - 17:30<\/div><\/div><\/div><\/div><div class=\"le-day-wrapper  os-day-passed os-month-current day-weekday-3\"><div class=\"le-day-number\" \n\t\t\t\t\tdata-os-params=\"target_date_string=2026-05-06&filter%5Bshow_services%5D=1\" \n\t\t\t\t\tdata-os-output-target=\"lightbox\"\n\t\t\t\t\tdata-os-lightbox-classes=\"width-600\"\n\t\t\t\t\tdata-os-action=\"events__events_day_view\">6<\/div><div class=\"le-service-wrapper is-passed\" ><div class=\"is-passed-message\">To wydarzenie ju\u017c min\u0119\u0142o<\/div><div class=\"le-service-inner\"><div class=\"le-color-elem\" style=\"background-color: #ecebe6\"><\/div><div class=\"le-service-name\">Badanie wzroku<\/div><div class=\"le-service-time-period\">11:00 - 17:30<\/div><\/div><\/div><\/div><div class=\"le-day-wrapper  os-day-passed os-month-current day-weekday-4\"><div class=\"le-day-number\" \n\t\t\t\t\tdata-os-params=\"target_date_string=2026-05-07&filter%5Bshow_services%5D=1\" \n\t\t\t\t\tdata-os-output-target=\"lightbox\"\n\t\t\t\t\tdata-os-lightbox-classes=\"width-600\"\n\t\t\t\t\tdata-os-action=\"events__events_day_view\">7<\/div><div class=\"le-service-wrapper is-passed\" ><div class=\"is-passed-message\">To wydarzenie ju\u017c min\u0119\u0142o<\/div><div class=\"le-service-inner\"><div class=\"le-color-elem\" style=\"background-color: #ecebe6\"><\/div><div class=\"le-service-name\">Badanie wzroku<\/div><div class=\"le-service-time-period\">11:00 - 17:30<\/div><\/div><\/div><\/div><div class=\"le-day-wrapper  os-day-passed os-month-current day-weekday-5\"><div class=\"le-day-number\" \n\t\t\t\t\tdata-os-params=\"target_date_string=2026-05-08&filter%5Bshow_services%5D=1\" \n\t\t\t\t\tdata-os-output-target=\"lightbox\"\n\t\t\t\t\tdata-os-lightbox-classes=\"width-600\"\n\t\t\t\t\tdata-os-action=\"events__events_day_view\">8<\/div><div class=\"le-service-wrapper is-passed\" ><div class=\"is-passed-message\">To wydarzenie ju\u017c min\u0119\u0142o<\/div><div class=\"le-service-inner\"><div class=\"le-color-elem\" style=\"background-color: #ecebe6\"><\/div><div class=\"le-service-name\">Badanie wzroku<\/div><div class=\"le-service-time-period\">11:00 - 17:30<\/div><\/div><\/div><\/div><div class=\"le-day-wrapper  os-day-passed os-month-current day-weekday-6\"><div class=\"le-day-number\" \n\t\t\t\t\tdata-os-params=\"target_date_string=2026-05-09&filter%5Bshow_services%5D=1\" \n\t\t\t\t\tdata-os-output-target=\"lightbox\"\n\t\t\t\t\tdata-os-lightbox-classes=\"width-600\"\n\t\t\t\t\tdata-os-action=\"events__events_day_view\">9<\/div><\/div><div class=\"le-day-wrapper  os-day-passed os-month-current day-weekday-7\"><div class=\"le-day-number\" \n\t\t\t\t\tdata-os-params=\"target_date_string=2026-05-10&filter%5Bshow_services%5D=1\" \n\t\t\t\t\tdata-os-output-target=\"lightbox\"\n\t\t\t\t\tdata-os-lightbox-classes=\"width-600\"\n\t\t\t\t\tdata-os-action=\"events__events_day_view\">10<\/div><\/div><div class=\"le-day-wrapper  os-day-passed os-month-current day-weekday-1\"><div class=\"le-day-number\" \n\t\t\t\t\tdata-os-params=\"target_date_string=2026-05-11&filter%5Bshow_services%5D=1\" \n\t\t\t\t\tdata-os-output-target=\"lightbox\"\n\t\t\t\t\tdata-os-lightbox-classes=\"width-600\"\n\t\t\t\t\tdata-os-action=\"events__events_day_view\">11<\/div><div class=\"le-service-wrapper is-passed\" ><div class=\"is-passed-message\">To wydarzenie ju\u017c min\u0119\u0142o<\/div><div class=\"le-service-inner\"><div class=\"le-color-elem\" style=\"background-color: #ecebe6\"><\/div><div class=\"le-service-name\">Badanie wzroku<\/div><div class=\"le-service-time-period\">11:00 - 17:30<\/div><\/div><\/div><\/div><div class=\"le-day-wrapper  os-day-passed os-month-current day-weekday-2\"><div class=\"le-day-number\" \n\t\t\t\t\tdata-os-params=\"target_date_string=2026-05-12&filter%5Bshow_services%5D=1\" \n\t\t\t\t\tdata-os-output-target=\"lightbox\"\n\t\t\t\t\tdata-os-lightbox-classes=\"width-600\"\n\t\t\t\t\tdata-os-action=\"events__events_day_view\">12<\/div><div class=\"le-service-wrapper is-passed\" ><div class=\"is-passed-message\">To wydarzenie ju\u017c min\u0119\u0142o<\/div><div class=\"le-service-inner\"><div class=\"le-color-elem\" style=\"background-color: #ecebe6\"><\/div><div class=\"le-service-name\">Badanie wzroku<\/div><div class=\"le-service-time-period\">11:00 - 17:30<\/div><\/div><\/div><\/div><div class=\"le-day-wrapper  os-today os-month-current day-weekday-3\"><div class=\"le-day-number\" \n\t\t\t\t\tdata-os-params=\"target_date_string=2026-05-13&filter%5Bshow_services%5D=1\" \n\t\t\t\t\tdata-os-output-target=\"lightbox\"\n\t\t\t\t\tdata-os-lightbox-classes=\"width-600\"\n\t\t\t\t\tdata-os-action=\"events__events_day_view\">13<\/div><div class=\"le-service-wrapper os_trigger_booking\"  \n\t\t\tdata-selected-service=\"1\" \n\t\t\tdata-selected-start-date=\"2026-05-13\" \n\t\t\t \n\t\t\tdata-hide-side-panel=\"yes\"><div class=\"le-service-inner\"><div class=\"le-color-elem\" style=\"background-color: #ecebe6\"><\/div><div class=\"le-service-name\">Badanie wzroku<\/div><div class=\"le-service-time-period\">11:00 - 17:30<\/div><\/div><\/div><\/div><div class=\"le-day-wrapper  os-month-current day-weekday-4\"><div class=\"le-day-number\" \n\t\t\t\t\tdata-os-params=\"target_date_string=2026-05-14&filter%5Bshow_services%5D=1\" \n\t\t\t\t\tdata-os-output-target=\"lightbox\"\n\t\t\t\t\tdata-os-lightbox-classes=\"width-600\"\n\t\t\t\t\tdata-os-action=\"events__events_day_view\">14<\/div><div class=\"le-service-wrapper os_trigger_booking\"  \n\t\t\tdata-selected-service=\"1\" \n\t\t\tdata-selected-start-date=\"2026-05-14\" \n\t\t\t \n\t\t\tdata-hide-side-panel=\"yes\"><div class=\"le-service-inner\"><div class=\"le-color-elem\" style=\"background-color: #ecebe6\"><\/div><div class=\"le-service-name\">Badanie wzroku<\/div><div class=\"le-service-time-period\">11:00 - 17:30<\/div><\/div><\/div><\/div><div class=\"le-day-wrapper  os-month-current day-weekday-5\"><div class=\"le-day-number\" \n\t\t\t\t\tdata-os-params=\"target_date_string=2026-05-15&filter%5Bshow_services%5D=1\" \n\t\t\t\t\tdata-os-output-target=\"lightbox\"\n\t\t\t\t\tdata-os-lightbox-classes=\"width-600\"\n\t\t\t\t\tdata-os-action=\"events__events_day_view\">15<\/div><div class=\"le-service-wrapper os_trigger_booking\"  \n\t\t\tdata-selected-service=\"1\" \n\t\t\tdata-selected-start-date=\"2026-05-15\" \n\t\t\t \n\t\t\tdata-hide-side-panel=\"yes\"><div class=\"le-service-inner\"><div class=\"le-color-elem\" style=\"background-color: #ecebe6\"><\/div><div class=\"le-service-name\">Badanie wzroku<\/div><div class=\"le-service-time-period\">11:00 - 17:30<\/div><\/div><\/div><\/div><div class=\"le-day-wrapper  os-month-current day-weekday-6\"><div class=\"le-day-number\" \n\t\t\t\t\tdata-os-params=\"target_date_string=2026-05-16&filter%5Bshow_services%5D=1\" \n\t\t\t\t\tdata-os-output-target=\"lightbox\"\n\t\t\t\t\tdata-os-lightbox-classes=\"width-600\"\n\t\t\t\t\tdata-os-action=\"events__events_day_view\">16<\/div><\/div><div class=\"le-day-wrapper  os-month-current day-weekday-7\"><div class=\"le-day-number\" \n\t\t\t\t\tdata-os-params=\"target_date_string=2026-05-17&filter%5Bshow_services%5D=1\" \n\t\t\t\t\tdata-os-output-target=\"lightbox\"\n\t\t\t\t\tdata-os-lightbox-classes=\"width-600\"\n\t\t\t\t\tdata-os-action=\"events__events_day_view\">17<\/div><\/div><div class=\"le-day-wrapper  os-month-current day-weekday-1\"><div class=\"le-day-number\" \n\t\t\t\t\tdata-os-params=\"target_date_string=2026-05-18&filter%5Bshow_services%5D=1\" \n\t\t\t\t\tdata-os-output-target=\"lightbox\"\n\t\t\t\t\tdata-os-lightbox-classes=\"width-600\"\n\t\t\t\t\tdata-os-action=\"events__events_day_view\">18<\/div><div class=\"le-service-wrapper os_trigger_booking\"  \n\t\t\tdata-selected-service=\"1\" \n\t\t\tdata-selected-start-date=\"2026-05-18\" \n\t\t\t \n\t\t\tdata-hide-side-panel=\"yes\"><div class=\"le-service-inner\"><div class=\"le-color-elem\" style=\"background-color: #ecebe6\"><\/div><div class=\"le-service-name\">Badanie wzroku<\/div><div class=\"le-service-time-period\">11:00 - 17:30<\/div><\/div><\/div><\/div><div class=\"le-day-wrapper  os-month-current day-weekday-2\"><div class=\"le-day-number\" \n\t\t\t\t\tdata-os-params=\"target_date_string=2026-05-19&filter%5Bshow_services%5D=1\" \n\t\t\t\t\tdata-os-output-target=\"lightbox\"\n\t\t\t\t\tdata-os-lightbox-classes=\"width-600\"\n\t\t\t\t\tdata-os-action=\"events__events_day_view\">19<\/div><div class=\"le-service-wrapper os_trigger_booking\"  \n\t\t\tdata-selected-service=\"1\" \n\t\t\tdata-selected-start-date=\"2026-05-19\" \n\t\t\t \n\t\t\tdata-hide-side-panel=\"yes\"><div class=\"le-service-inner\"><div class=\"le-color-elem\" style=\"background-color: #ecebe6\"><\/div><div class=\"le-service-name\">Badanie wzroku<\/div><div class=\"le-service-time-period\">11:00 - 17:30<\/div><\/div><\/div><\/div><div class=\"le-day-wrapper  os-month-current day-weekday-3\"><div class=\"le-day-number\" \n\t\t\t\t\tdata-os-params=\"target_date_string=2026-05-20&filter%5Bshow_services%5D=1\" \n\t\t\t\t\tdata-os-output-target=\"lightbox\"\n\t\t\t\t\tdata-os-lightbox-classes=\"width-600\"\n\t\t\t\t\tdata-os-action=\"events__events_day_view\">20<\/div><div class=\"le-service-wrapper os_trigger_booking\"  \n\t\t\tdata-selected-service=\"1\" \n\t\t\tdata-selected-start-date=\"2026-05-20\" \n\t\t\t \n\t\t\tdata-hide-side-panel=\"yes\"><div class=\"le-service-inner\"><div class=\"le-color-elem\" style=\"background-color: #ecebe6\"><\/div><div class=\"le-service-name\">Badanie wzroku<\/div><div class=\"le-service-time-period\">11:00 - 17:30<\/div><\/div><\/div><\/div><div class=\"le-day-wrapper  os-month-current day-weekday-4\"><div class=\"le-day-number\" \n\t\t\t\t\tdata-os-params=\"target_date_string=2026-05-21&filter%5Bshow_services%5D=1\" \n\t\t\t\t\tdata-os-output-target=\"lightbox\"\n\t\t\t\t\tdata-os-lightbox-classes=\"width-600\"\n\t\t\t\t\tdata-os-action=\"events__events_day_view\">21<\/div><div class=\"le-service-wrapper os_trigger_booking\"  \n\t\t\tdata-selected-service=\"1\" \n\t\t\tdata-selected-start-date=\"2026-05-21\" \n\t\t\t \n\t\t\tdata-hide-side-panel=\"yes\"><div class=\"le-service-inner\"><div class=\"le-color-elem\" style=\"background-color: #ecebe6\"><\/div><div class=\"le-service-name\">Badanie wzroku<\/div><div class=\"le-service-time-period\">11:00 - 17:30<\/div><\/div><\/div><\/div><div class=\"le-day-wrapper  os-month-current day-weekday-5\"><div class=\"le-day-number\" \n\t\t\t\t\tdata-os-params=\"target_date_string=2026-05-22&filter%5Bshow_services%5D=1\" \n\t\t\t\t\tdata-os-output-target=\"lightbox\"\n\t\t\t\t\tdata-os-lightbox-classes=\"width-600\"\n\t\t\t\t\tdata-os-action=\"events__events_day_view\">22<\/div><div class=\"le-service-wrapper os_trigger_booking\"  \n\t\t\tdata-selected-service=\"1\" \n\t\t\tdata-selected-start-date=\"2026-05-22\" \n\t\t\t \n\t\t\tdata-hide-side-panel=\"yes\"><div class=\"le-service-inner\"><div class=\"le-color-elem\" style=\"background-color: #ecebe6\"><\/div><div class=\"le-service-name\">Badanie wzroku<\/div><div class=\"le-service-time-period\">11:00 - 17:30<\/div><\/div><\/div><\/div><div class=\"le-day-wrapper  os-month-current day-weekday-6\"><div class=\"le-day-number\" \n\t\t\t\t\tdata-os-params=\"target_date_string=2026-05-23&filter%5Bshow_services%5D=1\" \n\t\t\t\t\tdata-os-output-target=\"lightbox\"\n\t\t\t\t\tdata-os-lightbox-classes=\"width-600\"\n\t\t\t\t\tdata-os-action=\"events__events_day_view\">23<\/div><\/div><div class=\"le-day-wrapper  os-month-current day-weekday-7\"><div class=\"le-day-number\" \n\t\t\t\t\tdata-os-params=\"target_date_string=2026-05-24&filter%5Bshow_services%5D=1\" \n\t\t\t\t\tdata-os-output-target=\"lightbox\"\n\t\t\t\t\tdata-os-lightbox-classes=\"width-600\"\n\t\t\t\t\tdata-os-action=\"events__events_day_view\">24<\/div><\/div><div class=\"le-day-wrapper  os-month-current day-weekday-1\"><div class=\"le-day-number\" \n\t\t\t\t\tdata-os-params=\"target_date_string=2026-05-25&filter%5Bshow_services%5D=1\" \n\t\t\t\t\tdata-os-output-target=\"lightbox\"\n\t\t\t\t\tdata-os-lightbox-classes=\"width-600\"\n\t\t\t\t\tdata-os-action=\"events__events_day_view\">25<\/div><div class=\"le-service-wrapper os_trigger_booking\"  \n\t\t\tdata-selected-service=\"1\" \n\t\t\tdata-selected-start-date=\"2026-05-25\" \n\t\t\t \n\t\t\tdata-hide-side-panel=\"yes\"><div class=\"le-service-inner\"><div class=\"le-color-elem\" style=\"background-color: #ecebe6\"><\/div><div class=\"le-service-name\">Badanie wzroku<\/div><div class=\"le-service-time-period\">11:00 - 17:30<\/div><\/div><\/div><\/div><div class=\"le-day-wrapper  os-month-current day-weekday-2\"><div class=\"le-day-number\" \n\t\t\t\t\tdata-os-params=\"target_date_string=2026-05-26&filter%5Bshow_services%5D=1\" \n\t\t\t\t\tdata-os-output-target=\"lightbox\"\n\t\t\t\t\tdata-os-lightbox-classes=\"width-600\"\n\t\t\t\t\tdata-os-action=\"events__events_day_view\">26<\/div><div class=\"le-service-wrapper os_trigger_booking\"  \n\t\t\tdata-selected-service=\"1\" \n\t\t\tdata-selected-start-date=\"2026-05-26\" \n\t\t\t \n\t\t\tdata-hide-side-panel=\"yes\"><div class=\"le-service-inner\"><div class=\"le-color-elem\" style=\"background-color: #ecebe6\"><\/div><div class=\"le-service-name\">Badanie wzroku<\/div><div class=\"le-service-time-period\">11:00 - 17:30<\/div><\/div><\/div><\/div><div class=\"le-day-wrapper  os-month-current day-weekday-3\"><div class=\"le-day-number\" \n\t\t\t\t\tdata-os-params=\"target_date_string=2026-05-27&filter%5Bshow_services%5D=1\" \n\t\t\t\t\tdata-os-output-target=\"lightbox\"\n\t\t\t\t\tdata-os-lightbox-classes=\"width-600\"\n\t\t\t\t\tdata-os-action=\"events__events_day_view\">27<\/div><div class=\"le-service-wrapper os_trigger_booking\"  \n\t\t\tdata-selected-service=\"1\" \n\t\t\tdata-selected-start-date=\"2026-05-27\" \n\t\t\t \n\t\t\tdata-hide-side-panel=\"yes\"><div class=\"le-service-inner\"><div class=\"le-color-elem\" style=\"background-color: #ecebe6\"><\/div><div class=\"le-service-name\">Badanie wzroku<\/div><div class=\"le-service-time-period\">11:00 - 17:30<\/div><\/div><\/div><\/div><div class=\"le-day-wrapper  os-month-current day-weekday-4\"><div class=\"le-day-number\" \n\t\t\t\t\tdata-os-params=\"target_date_string=2026-05-28&filter%5Bshow_services%5D=1\" \n\t\t\t\t\tdata-os-output-target=\"lightbox\"\n\t\t\t\t\tdata-os-lightbox-classes=\"width-600\"\n\t\t\t\t\tdata-os-action=\"events__events_day_view\">28<\/div><div class=\"le-service-wrapper os_trigger_booking\"  \n\t\t\tdata-selected-service=\"1\" \n\t\t\tdata-selected-start-date=\"2026-05-28\" \n\t\t\t \n\t\t\tdata-hide-side-panel=\"yes\"><div class=\"le-service-inner\"><div class=\"le-color-elem\" style=\"background-color: #ecebe6\"><\/div><div class=\"le-service-name\">Badanie wzroku<\/div><div class=\"le-service-time-period\">11:00 - 17:30<\/div><\/div><\/div><\/div><div class=\"le-day-wrapper  os-month-current day-weekday-5\"><div class=\"le-day-number\" \n\t\t\t\t\tdata-os-params=\"target_date_string=2026-05-29&filter%5Bshow_services%5D=1\" \n\t\t\t\t\tdata-os-output-target=\"lightbox\"\n\t\t\t\t\tdata-os-lightbox-classes=\"width-600\"\n\t\t\t\t\tdata-os-action=\"events__events_day_view\">29<\/div><div class=\"le-service-wrapper os_trigger_booking\"  \n\t\t\tdata-selected-service=\"1\" \n\t\t\tdata-selected-start-date=\"2026-05-29\" \n\t\t\t \n\t\t\tdata-hide-side-panel=\"yes\"><div class=\"le-service-inner\"><div class=\"le-color-elem\" style=\"background-color: #ecebe6\"><\/div><div class=\"le-service-name\">Badanie wzroku<\/div><div class=\"le-service-time-period\">11:00 - 17:30<\/div><\/div><\/div><\/div><div class=\"le-day-wrapper  os-month-current day-weekday-6\"><div class=\"le-day-number\" \n\t\t\t\t\tdata-os-params=\"target_date_string=2026-05-30&filter%5Bshow_services%5D=1\" \n\t\t\t\t\tdata-os-output-target=\"lightbox\"\n\t\t\t\t\tdata-os-lightbox-classes=\"width-600\"\n\t\t\t\t\tdata-os-action=\"events__events_day_view\">30<\/div><\/div><div class=\"le-day-wrapper  os-month-current day-weekday-7\"><div class=\"le-day-number\" \n\t\t\t\t\tdata-os-params=\"target_date_string=2026-05-31&filter%5Bshow_services%5D=1\" \n\t\t\t\t\tdata-os-output-target=\"lightbox\"\n\t\t\t\t\tdata-os-lightbox-classes=\"width-600\"\n\t\t\t\t\tdata-os-action=\"events__events_day_view\">31<\/div><\/div><\/div><\/div>\n\n<\/div>","protected":false},"excerpt":{"rendered":"","protected":false},"author":1,"featured_media":0,"parent":0,"menu_order":0,"comment_status":"closed","ping_status":"closed","template":"","meta":{"_acf_changed":false,"_joinchat":[],"footnotes":""},"class_list":["post-562","page","type-page","status-publish","hentry"],"acf":[],"aioseo_notices":[],"_links":{"self":[{"href":"https:\/\/www.diukoptyk.pl\/pl\/wp-json\/wp\/v2\/pages\/562","targetHints":{"allow":["GET"]}}],"collection":[{"href":"https:\/\/www.diukoptyk.pl\/pl\/wp-json\/wp\/v2\/pages"}],"about":[{"href":"https:\/\/www.diukoptyk.pl\/pl\/wp-json\/wp\/v2\/types\/page"}],"author":[{"embeddable":true,"href":"https:\/\/www.diukoptyk.pl\/pl\/wp-json\/wp\/v2\/users\/1"}],"replies":[{"embeddable":true,"href":"https:\/\/www.diukoptyk.pl\/pl\/wp-json\/wp\/v2\/comments?post=562"}],"version-history":[{"count":0,"href":"https:\/\/www.diukoptyk.pl\/pl\/wp-json\/wp\/v2\/pages\/562\/revisions"}],"wp:attachment":[{"href":"https:\/\/www.diukoptyk.pl\/pl\/wp-json\/wp\/v2\/media?parent=562"}],"curies":[{"name":"wp","href":"https:\/\/api.w.org\/{rel}","templated":true}]}}