{"id":485,"date":"2025-09-10T22:27:27","date_gmt":"2025-09-10T20:27:27","guid":{"rendered":"https:\/\/duke2.unixstorm.eu\/?page_id=485"},"modified":"2026-03-13T08:57:17","modified_gmt":"2026-03-13T07:57:17","slug":"kontakt","status":"publish","type":"page","link":"https:\/\/www.diukoptyk.pl\/pl\/kontakt\/","title":{"rendered":"Kontakt"},"content":{"rendered":"\t\t<div data-elementor-type=\"wp-page\" data-elementor-id=\"485\" class=\"elementor elementor-485\" data-elementor-post-type=\"page\">\n\t\t\t\t<div class=\"elementor-element elementor-element-3002b08 e-flex e-con-boxed e-con e-parent\" data-id=\"3002b08\" data-element_type=\"container\" data-e-type=\"container\" data-settings=\"{&quot;background_background&quot;:&quot;classic&quot;}\">\n\t\t\t\t\t<div class=\"e-con-inner\">\n\t\t<div class=\"elementor-element elementor-element-978ed56 e-con-full elementor-hidden-mobile e-flex e-con e-child\" data-id=\"978ed56\" data-element_type=\"container\" data-e-type=\"container\" data-settings=\"{&quot;background_background&quot;:&quot;classic&quot;}\">\n\t\t\t\t<\/div>\n\t\t<div class=\"elementor-element elementor-element-69c6bc8 e-con-full elementor-hidden-tablet e-flex e-con e-child\" data-id=\"69c6bc8\" data-element_type=\"container\" data-e-type=\"container\">\n\t\t\t\t<\/div>\n\t\t<div class=\"elementor-element elementor-element-0bb1ead e-con-full e-flex e-con e-child\" data-id=\"0bb1ead\" data-element_type=\"container\" data-e-type=\"container\">\n\t\t\t\t<div class=\"elementor-element elementor-element-abeb2a0 elementor-hidden-mobile elementor-widget elementor-widget-theme-site-logo elementor-widget-image\" data-id=\"abeb2a0\" data-element_type=\"widget\" data-e-type=\"widget\" data-widget_type=\"theme-site-logo.default\">\n\t\t\t\t\t\t\t\t\t\t\t<a href=\"https:\/\/www.diukoptyk.pl\/pl\">\n\t\t\t<img decoding=\"async\" width=\"300\" height=\"86\" src=\"https:\/\/www.diukoptyk.pl\/wp-content\/uploads\/2025\/07\/Logo-DIUK-200-x-40-px-160-x-40-px-350-x-100-px-300x86.png\" class=\"attachment-medium size-medium wp-image-88\" alt=\"\" srcset=\"https:\/\/www.diukoptyk.pl\/wp-content\/uploads\/2025\/07\/Logo-DIUK-200-x-40-px-160-x-40-px-350-x-100-px-300x86.png 300w, https:\/\/www.diukoptyk.pl\/wp-content\/uploads\/2025\/07\/Logo-DIUK-200-x-40-px-160-x-40-px-350-x-100-px-64x18.png 64w, https:\/\/www.diukoptyk.pl\/wp-content\/uploads\/2025\/07\/elementor\/thumbs\/Logo-DIUK-200-x-40-px-160-x-40-px-350-x-100-px-r9wxhzm9pgnika4dawuxij60nhsbvua9drbgo1sh1m.png 116w, https:\/\/www.diukoptyk.pl\/wp-content\/uploads\/2025\/07\/Logo-DIUK-200-x-40-px-160-x-40-px-350-x-100-px.png 350w, https:\/\/www.diukoptyk.pl\/wp-content\/uploads\/2025\/07\/elementor\/thumbs\/Logo-DIUK-200-x-40-px-160-x-40-px-350-x-100-px-rjpxii0sxzeyb7nx01nnteh14qvrrummq5bgws20ms.png 175w\" sizes=\"(max-width: 300px) 100vw, 300px\" \/>\t\t\t\t<\/a>\n\t\t\t\t\t\t\t\t\t\t\t<\/div>\n\t\t\t\t<div class=\"elementor-element elementor-element-3342b6a elementor-widget elementor-widget-heading\" data-id=\"3342b6a\" data-element_type=\"widget\" data-e-type=\"widget\" data-widget_type=\"heading.default\">\n\t\t\t\t\t<h6 class=\"elementor-heading-title elementor-size-default\">ul. Hugona Ko\u0142\u0142\u0105taja 32 <\/br>\n50-005 Wroc\u0142aw <\/br>\nPoland<\/h6>\t\t\t\t<\/div>\n\t\t\t\t<div class=\"elementor-element elementor-element-25e49db elementor-widget elementor-widget-heading\" data-id=\"25e49db\" data-element_type=\"widget\" data-e-type=\"widget\" data-widget_type=\"heading.default\">\n\t\t\t\t\t<h6 class=\"elementor-heading-title elementor-size-default\"><a href=\"tel:+48603715144\">+48 603 715 144<\/a><\/h6>\t\t\t\t<\/div>\n\t\t\t\t<div class=\"elementor-element elementor-element-f978f76 elementor-widget elementor-widget-heading\" data-id=\"f978f76\" data-element_type=\"widget\" data-e-type=\"widget\" data-widget_type=\"heading.default\">\n\t\t\t\t\t<h6 class=\"elementor-heading-title elementor-size-default\"><a href=\"mailto:diuk@diukoptyk.pl\" target=\"_blank\">diuk@diukoptyk.pl<\/a><\/h6>\t\t\t\t<\/div>\n\t\t\t\t<div class=\"elementor-element elementor-element-8b1f26e elementor-align-left elementor-hidden-mobile elementor-widget elementor-widget-button\" data-id=\"8b1f26e\" data-element_type=\"widget\" data-e-type=\"widget\" data-widget_type=\"button.default\">\n\t\t\t\t\t\t\t\t\t\t<a class=\"elementor-button elementor-button-link elementor-size-sm\" href=\"https:\/\/www.google.com\/maps\/dir\/?api=1&#038;destination=51.1029783647283,17.0372343828695&#038;travelmode=driving\">\n\t\t\t\t\t\t<span class=\"elementor-button-content-wrapper\">\n\t\t\t\t\t\t<span class=\"elementor-button-icon\">\n\t\t\t\t<svg aria-hidden=\"true\" class=\"e-font-icon-svg e-fas-map-pin\" viewBox=\"0 0 288 512\" xmlns=\"http:\/\/www.w3.org\/2000\/svg\"><path d=\"M112 316.94v156.69l22.02 33.02c4.75 7.12 15.22 7.12 19.97 0L176 473.63V316.94c-10.39 1.92-21.06 3.06-32 3.06s-21.61-1.14-32-3.06zM144 0C64.47 0 0 64.47 0 144s64.47 144 144 144 144-64.47 144-144S223.53 0 144 0zm0 76c-37.5 0-68 30.5-68 68 0 6.62-5.38 12-12 12s-12-5.38-12-12c0-50.73 41.28-92 92-92 6.62 0 12 5.38 12 12s-5.38 12-12 12z\"><\/path><\/svg>\t\t\t<\/span>\n\t\t\t\t\t\t\t\t\t<span class=\"elementor-button-text\">Wskaz\u00f3wki dojazdu<\/span>\n\t\t\t\t\t<\/span>\n\t\t\t\t\t<\/a>\n\t\t\t\t\t\t\t\t<\/div>\n\t\t\t\t<div class=\"elementor-element elementor-element-177dc0c elementor-align-left elementor-hidden-desktop elementor-hidden-tablet elementor-widget elementor-widget-button\" data-id=\"177dc0c\" data-element_type=\"widget\" data-e-type=\"widget\" data-widget_type=\"button.default\">\n\t\t\t\t\t\t\t\t\t\t<a class=\"elementor-button elementor-button-link elementor-size-sm\" href=\"https:\/\/maps.app.goo.gl\/?link=https:\/\/www.google.com\/maps\/dir\/?api=1&#038;destination=51.1029783647283,17.0372343828695&#038;travelmode=driving&#038;dir_action=navigate\">\n\t\t\t\t\t\t<span class=\"elementor-button-content-wrapper\">\n\t\t\t\t\t\t<span class=\"elementor-button-icon\">\n\t\t\t\t<svg aria-hidden=\"true\" class=\"e-font-icon-svg e-fas-map-pin\" viewBox=\"0 0 288 512\" xmlns=\"http:\/\/www.w3.org\/2000\/svg\"><path d=\"M112 316.94v156.69l22.02 33.02c4.75 7.12 15.22 7.12 19.97 0L176 473.63V316.94c-10.39 1.92-21.06 3.06-32 3.06s-21.61-1.14-32-3.06zM144 0C64.47 0 0 64.47 0 144s64.47 144 144 144 144-64.47 144-144S223.53 0 144 0zm0 76c-37.5 0-68 30.5-68 68 0 6.62-5.38 12-12 12s-12-5.38-12-12c0-50.73 41.28-92 92-92 6.62 0 12 5.38 12 12s-5.38 12-12 12z\"><\/path><\/svg>\t\t\t<\/span>\n\t\t\t\t\t\t\t\t\t<span class=\"elementor-button-text\">Nawiguj w Google Maps<\/span>\n\t\t\t\t\t<\/span>\n\t\t\t\t\t<\/a>\n\t\t\t\t\t\t\t\t<\/div>\n\t\t\t\t<\/div>\n\t\t\t\t\t<\/div>\n\t\t\t\t<\/div>\n\t\t<div class=\"elementor-element elementor-element-48254c6b e-flex e-con-boxed e-con e-parent\" data-id=\"48254c6b\" data-element_type=\"container\" data-e-type=\"container\">\n\t\t\t\t\t<div class=\"e-con-inner\">\n\t\t<div class=\"elementor-element elementor-element-5e377da8 e-con-full e-flex e-con e-child\" data-id=\"5e377da8\" data-element_type=\"container\" data-e-type=\"container\" data-settings=\"{&quot;background_background&quot;:&quot;classic&quot;}\">\n\t\t\t\t<\/div>\n\t\t<div class=\"elementor-element elementor-element-24f63a28 e-con-full e-flex e-con e-child\" data-id=\"24f63a28\" data-element_type=\"container\" data-e-type=\"container\">\n\t\t\t\t<div class=\"elementor-element elementor-element-1509f70f elementor-widget elementor-widget-heading\" data-id=\"1509f70f\" data-element_type=\"widget\" data-e-type=\"widget\" data-widget_type=\"heading.default\">\n\t\t\t\t\t<h2 class=\"elementor-heading-title elementor-size-default\">Sprawd\u017a autoryzacj\u0119 sprzeda\u017cy Jacques Marie Mage\n<\/h2>\t\t\t\t<\/div>\n\t\t\t\t<div class=\"elementor-element elementor-element-43fd5a82 elementor-widget elementor-widget-heading\" data-id=\"43fd5a82\" data-element_type=\"widget\" data-e-type=\"widget\" data-widget_type=\"heading.default\">\n\t\t\t\t\t<h5 class=\"elementor-heading-title elementor-size-default\">Mo\u017cesz potwierdzi\u0107 nasz\u0105 autoryzacj\u0119 na oficjalnej li\u015bcie sprzedawc\u00f3w JMM (Store Locator).<\/h5>\t\t\t\t<\/div>\n\t\t\t\t<div class=\"elementor-element elementor-element-6b0e6619 elementor-widget elementor-widget-heading\" data-id=\"6b0e6619\" data-element_type=\"widget\" data-e-type=\"widget\" data-widget_type=\"heading.default\">\n\t\t\t\t\t<h4 class=\"elementor-heading-title elementor-size-default\">Jak znale\u017a\u0107 DIUK na stronie JMM:<\/br><\/br>\n\n1. Wklej kod pocztowy: 50-005 (z my\u015blnikiem)<\/br><\/br>\n\n2. Albo wklej nazw\u0119 miasta: Wroc\u0142aw (z polskim znakiem \u201e\u0142\u201d)<\/h4>\t\t\t\t<\/div>\n\t\t\t\t<div class=\"elementor-element elementor-element-3dcf4442 elementor-mobile-align-center elementor-widget elementor-widget-button\" data-id=\"3dcf4442\" data-element_type=\"widget\" data-e-type=\"widget\" data-widget_type=\"button.default\">\n\t\t\t\t\t\t\t\t\t\t<a class=\"elementor-button elementor-button-link elementor-size-sm\" href=\"https:\/\/jacquesmariemage.com\/pages\/store-locator\">\n\t\t\t\t\t\t<span class=\"elementor-button-content-wrapper\">\n\t\t\t\t\t\t\t\t\t<span class=\"elementor-button-text\">DO JMM<\/span>\n\t\t\t\t\t<\/span>\n\t\t\t\t\t<\/a>\n\t\t\t\t\t\t\t\t<\/div>\n\t\t\t\t<\/div>\n\t\t\t\t\t<\/div>\n\t\t\t\t<\/div>\n\t\t\t\t<\/div>\n\t\t","protected":false},"excerpt":{"rendered":"<p>ul. Hugona Ko\u0142\u0142\u0105taja 32 50-005 Wroc\u0142aw Poland +48 603 715 144 diuk@diukoptyk.pl Wskaz\u00f3wki dojazdu Nawiguj w Google Maps Sprawd\u017a autoryzacj\u0119 sprzeda\u017cy Jacques Marie Mage Mo\u017cesz potwierdzi\u0107 nasz\u0105 autoryzacj\u0119 na oficjalnej li\u015bcie sprzedawc\u00f3w JMM (Store Locator). Jak znale\u017a\u0107 DIUK na stronie JMM: 1. Wklej kod pocztowy: 50-005 (z my\u015blnikiem) 2. Albo wklej nazw\u0119 miasta: Wroc\u0142aw (z [&hellip;]<\/p>\n","protected":false},"author":1,"featured_media":0,"parent":0,"menu_order":0,"comment_status":"closed","ping_status":"closed","template":"","meta":{"_acf_changed":false,"_joinchat":[],"footnotes":""},"class_list":["post-485","page","type-page","status-publish","hentry"],"acf":[],"aioseo_notices":[],"_links":{"self":[{"href":"https:\/\/www.diukoptyk.pl\/pl\/wp-json\/wp\/v2\/pages\/485","targetHints":{"allow":["GET"]}}],"collection":[{"href":"https:\/\/www.diukoptyk.pl\/pl\/wp-json\/wp\/v2\/pages"}],"about":[{"href":"https:\/\/www.diukoptyk.pl\/pl\/wp-json\/wp\/v2\/types\/page"}],"author":[{"embeddable":true,"href":"https:\/\/www.diukoptyk.pl\/pl\/wp-json\/wp\/v2\/users\/1"}],"replies":[{"embeddable":true,"href":"https:\/\/www.diukoptyk.pl\/pl\/wp-json\/wp\/v2\/comments?post=485"}],"version-history":[{"count":0,"href":"https:\/\/www.diukoptyk.pl\/pl\/wp-json\/wp\/v2\/pages\/485\/revisions"}],"wp:attachment":[{"href":"https:\/\/www.diukoptyk.pl\/pl\/wp-json\/wp\/v2\/media?parent=485"}],"curies":[{"name":"wp","href":"https:\/\/api.w.org\/{rel}","templated":true}]}}